{"id":1635,"date":"2023-08-18T01:01:01","date_gmt":"2023-08-17T23:01:01","guid":{"rendered":"https:\/\/vinci-es.ch\/?page_id=1635"},"modified":"2023-09-03T23:00:12","modified_gmt":"2023-09-03T21:00:12","slug":"cookie-richtlinien","status":"publish","type":"page","link":"https:\/\/vinci-es.ch\/en\/cookie-richtlinien\/","title":{"rendered":"Cookie Richtlinien"},"content":{"rendered":"<!--themify_builder_content-->\n<div id=\"themify_builder_content-1635\" data-postid=\"1635\" class=\"themify_builder_content themify_builder_content-1635 themify_builder tf_clear\">\n                    <div  data-lazy=\"1\" class=\"module_row themify_builder_row tb_z0f9232 tb_first tf_w hide-mobile\">\n                        <div class=\"row_inner col_align_top tb_col_count_2 tf_box tf_rel\">\n                        <div  data-lazy=\"1\" class=\"module_column tb-column col4-2 tb_8r3w234 first\">\n                            <\/div>\n                    <div  data-lazy=\"1\" class=\"module_column tb-column col4-2 tb_fcd8234 last\">\n                            <\/div>\n                        <\/div>\n        <\/div>\n                        <div  data-lazy=\"1\" class=\"module_row themify_builder_row home-header tb_chww751 tf_w hide-desktop hide-tablet hide-tablet_landscape\">\n                        <div class=\"row_inner col_align_top tb_col_count_1 tf_box tf_rel\">\n                        <div  data-lazy=\"1\" class=\"module_column tb-column col-full tb_eyez751 first\">\n                            <\/div>\n                        <\/div>\n        <\/div>\n                        <div  data-css_id=\"yxwv232\" data-lazy=\"1\" class=\"module_row themify_builder_row fullwidth_row_container tb_yxwv232 tf_w\">\n                        <div class=\"row_inner col_align_top tb_col_count_1 tf_box tf_rel\">\n                        <div  data-lazy=\"1\" class=\"module_column tb-column col-full tb_x6nm235 first\">\n                    <!-- module text -->\n<div  class=\"module module-text tb_mjtd235 firsttitle repeat\" data-lazy=\"1\">\n        <div  class=\"tb_text_wrap\">\n        <h6>Cookie Policy<\/h6>    <\/div>\n<\/div>\n<!-- \/module text --><!-- module text -->\n<div  class=\"module module-text tb_lqv0624\" data-lazy=\"1\">\n    <h3 class=\"module-title\">Cookie-Richtlinie for Vinci \u2013 Executive Search Ltd.<\/h3>    <div  class=\"tb_text_wrap\">\n        <p>This is the Cookie Policy for Vinci \u2013 Executive Search, accessible at <a href=\"https:\/\/vinci-es.ch\/en\/\">https:\/\/vinci-es.ch\/<\/a><\/p>    <\/div>\n<\/div>\n<!-- \/module text --><!-- module text -->\n<div  class=\"module module-text tb_c3oc527\" data-lazy=\"1\">\n    <h3 class=\"module-title\">What are cookies?<\/h3>    <div  class=\"tb_text_wrap\">\n        <p>As is common practice with almost all professional websites, this site uses cookies, which are tiny files that are downloaded to your computer to improve your experience. This page describes what information they gather, how we use it, and why we sometimes need to store these cookies. We will also explain how you can prevent the storage of these cookies, but this may downgrade or \"break\" certain elements of the site's functionality.<\/p>    <\/div>\n<\/div>\n<!-- \/module text --><!-- module text -->\n<div  class=\"module module-text tb_dc41826\" data-lazy=\"1\">\n    <h3 class=\"module-title\">How we use cookies<\/h3>    <div  class=\"tb_text_wrap\">\n        <p>We use cookies for a variety of reasons detailed below. Unfortunately, in most cases, there are no industry-standard options for disabling cookies without completely disabling the functionality and features they add to this site. It is recommended that you leave all cookies enabled if you are not sure whether you need them or not, in case they are used to provide a service that you use.<\/p>    <\/div>\n<\/div>\n<!-- \/module text --><!-- module text -->\n<div  class=\"module module-text tb_nkv6312\" data-lazy=\"1\">\n    <h3 class=\"module-title\">Disabling Cookies<\/h3>    <div  class=\"tb_text_wrap\">\n        <p>You can prevent the setting of cookies by adjusting the settings on your browser (see your browser Help for how to do this). Be aware that disabling cookies will affect the functionality of this and many other websites that you visit. Disabling cookies will usually result in also disabling certain functionality and features of this site. Therefore, it is recommended not to disable cookies. This Cookie Policy was created with the help of the Cookies Policy Generator.<\/p>    <\/div>\n<\/div>\n<!-- \/module text --><!-- module text -->\n<div  class=\"module module-text tb_ezoj13\" data-lazy=\"1\">\n    <h3 class=\"module-title\">The cookies we set<\/h3>    <div  class=\"tb_text_wrap\">\n        <p><strong>Email newsletter related cookies<\/strong><\/p>\n<p>This website offers newsletter or email subscription services and cookies may be used to remember if you are already registered and whether to show certain notifications that might only be valid to subscribed\/unsubscribed users.<\/p>\n<p><strong>Form-related cookies<\/strong><\/p>\n<p>When you submit data through a form such as those found on contact pages or comment forms, cookies may be set to remember your user details for future correspondence.<\/p>    <\/div>\n<\/div>\n<!-- \/module text --><!-- module text -->\n<div  class=\"module module-text tb_ny3a69\" data-lazy=\"1\">\n    <h3 class=\"module-title\">Third-party cookies<\/h3>    <div  class=\"tb_text_wrap\">\n        <p>In some special cases, we also use cookies provided by trusted third parties. The following section outlines which third-party cookies you might encounter on this website.<\/p>\n<p>This website uses Google Analytics, one of the most widespread and trusted analytics solutions on the web, to help us understand how you use the site and how we can improve your experience. These cookies may track things such as how long you spend on the site and the pages that you visit, so we can continue to produce engaging content.<\/p>\n<p>For more information on Google Analytics cookies, you can visit the official Google Analytics page.<\/p>\n<p>Third-party analytics are used to track and measure the usage of this site so that we can continue to produce engaging content. These cookies may track things such as how long you spend on the site or pages you visit, which helps us understand how to improve the site for you.<\/p>    <\/div>\n<\/div>\n<!-- \/module text --><!-- module text -->\n<div  class=\"module module-text tb_fuil468\" data-lazy=\"1\">\n    <h3 class=\"module-title\">More information<\/h3>    <div  class=\"tb_text_wrap\">\n        <p>From time to time, we test new features and make minor changes to the way the website is delivered. When we are still testing new features, these cookies may be used to ensure that you have a consistent experience on the site while also helping us understand which optimizations our users appreciate the most.<\/p>\n<p>Since we provide services, it's important for us to receive statistics on how many visitors actually engage with our offerings on our website. Hence, this is the kind of data that these cookies track. This is important to you as it enables us to make accurate business predictions that allow us to monitor our advertising and service costs to ensure the best possible offerings.<\/p>\n<p>However, if you are looking for more information, you can contact us via one of our preferred contact methods:<\/p>\n<p>By visiting this <a href=\"https:\/\/vinci-es.ch\/en\/kontakt\/\">link<\/a><\/p>    <\/div>\n<\/div>\n<!-- \/module text -->        <\/div>\n                        <\/div>\n        <\/div>\n        <\/div>\n<!--\/themify_builder_content-->","protected":false},"excerpt":{"rendered":"<p>Cookie-Richtlinie Cookie-Richtlinie f\u00fcr Vinci \u2013 Executive Search Dies ist die Cookie-Richtlinie f\u00fcr Vinci \u2013 Executive Search, zug\u00e4nglich unter https:\/\/vinci-es.ch\/ Was sind Cookies? Wie bei fast allen professionellen Websites \u00fcblich, verwendet diese Website Cookies, kleine Dateien, die auf Ihren Computer heruntergeladen werden, um Ihr Erlebnis zu verbessern. Auf dieser Seite wird beschrieben, welche Informationen sie sammeln, [&hellip;]<\/p>","protected":false},"author":1,"featured_media":0,"parent":0,"menu_order":14,"comment_status":"closed","ping_status":"closed","template":"","meta":{"footnotes":""},"class_list":["post-1635","page","type-page","status-publish","hentry","has-post-title","has-post-date","has-post-category","has-post-tag","has-post-comment","has-post-author",""],"yoast_head":"<!-- This site is optimized with the Yoast SEO plugin v24.6 - https:\/\/yoast.com\/wordpress\/plugins\/seo\/ -->\n<title>Cookie Richtlinien - Vinci - Executive Search<\/title>\n<meta name=\"robots\" content=\"index, follow, max-snippet:-1, max-image-preview:large, max-video-preview:-1\" \/>\n<link rel=\"canonical\" href=\"https:\/\/vinci-es.ch\/en\/cookie-richtlinien\/\" \/>\n<meta property=\"og:locale\" content=\"en_GB\" \/>\n<meta property=\"og:type\" content=\"article\" \/>\n<meta property=\"og:title\" content=\"Cookie Richtlinien - Vinci - Executive Search\" \/>\n<meta property=\"og:description\" content=\"Cookie-Richtlinie Cookie-Richtlinie f\u00fcr Vinci \u2013 Executive Search Dies ist die Cookie-Richtlinie f\u00fcr Vinci \u2013 Executive Search, zug\u00e4nglich unter https:\/\/vinci-es.ch\/ Was sind Cookies? Wie bei fast allen professionellen Websites \u00fcblich, verwendet diese Website Cookies, kleine Dateien, die auf Ihren Computer heruntergeladen werden, um Ihr Erlebnis zu verbessern. Auf dieser Seite wird beschrieben, welche Informationen sie sammeln, [&hellip;]\" \/>\n<meta property=\"og:url\" content=\"https:\/\/vinci-es.ch\/en\/cookie-richtlinien\/\" \/>\n<meta property=\"og:site_name\" content=\"Vinci - Executive Search\" \/>\n<meta property=\"article:modified_time\" content=\"2023-09-03T21:00:12+00:00\" \/>\n<meta name=\"twitter:card\" content=\"summary_large_image\" \/>\n<meta name=\"twitter:label1\" content=\"Estimated reading time\" \/>\n\t<meta name=\"twitter:data1\" content=\"3 minutes\" \/>\n<script type=\"application\/ld+json\" class=\"yoast-schema-graph\">{\"@context\":\"https:\/\/schema.org\",\"@graph\":[{\"@type\":\"WebPage\",\"@id\":\"https:\/\/vinci-es.ch\/cookie-richtlinien\/\",\"url\":\"https:\/\/vinci-es.ch\/cookie-richtlinien\/\",\"name\":\"Cookie Richtlinien - Vinci - Executive Search\",\"isPartOf\":{\"@id\":\"https:\/\/vinci-es.ch\/#website\"},\"datePublished\":\"2023-08-17T23:01:01+00:00\",\"dateModified\":\"2023-09-03T21:00:12+00:00\",\"breadcrumb\":{\"@id\":\"https:\/\/vinci-es.ch\/cookie-richtlinien\/#breadcrumb\"},\"inLanguage\":\"en-GB\",\"potentialAction\":[{\"@type\":\"ReadAction\",\"target\":[\"https:\/\/vinci-es.ch\/cookie-richtlinien\/\"]}]},{\"@type\":\"BreadcrumbList\",\"@id\":\"https:\/\/vinci-es.ch\/cookie-richtlinien\/#breadcrumb\",\"itemListElement\":[{\"@type\":\"ListItem\",\"position\":1,\"name\":\"Startseite\",\"item\":\"https:\/\/vinci-es.ch\/\"},{\"@type\":\"ListItem\",\"position\":2,\"name\":\"Cookie Richtlinien\"}]},{\"@type\":\"WebSite\",\"@id\":\"https:\/\/vinci-es.ch\/#website\",\"url\":\"https:\/\/vinci-es.ch\/\",\"name\":\"Vinci - Executive Search\",\"description\":\"Executive Search\",\"potentialAction\":[{\"@type\":\"SearchAction\",\"target\":{\"@type\":\"EntryPoint\",\"urlTemplate\":\"https:\/\/vinci-es.ch\/?s={search_term_string}\"},\"query-input\":{\"@type\":\"PropertyValueSpecification\",\"valueRequired\":true,\"valueName\":\"search_term_string\"}}],\"inLanguage\":\"en-GB\"}]}<\/script>\n<!-- \/ Yoast SEO plugin. -->","yoast_head_json":{"title":"Cookie Richtlinien - Vinci - Executive Search","robots":{"index":"index","follow":"follow","max-snippet":"max-snippet:-1","max-image-preview":"max-image-preview:large","max-video-preview":"max-video-preview:-1"},"canonical":"https:\/\/vinci-es.ch\/en\/cookie-richtlinien\/","og_locale":"en_GB","og_type":"article","og_title":"Cookie Richtlinien - Vinci - Executive Search","og_description":"Cookie-Richtlinie Cookie-Richtlinie f\u00fcr Vinci \u2013 Executive Search Dies ist die Cookie-Richtlinie f\u00fcr Vinci \u2013 Executive Search, zug\u00e4nglich unter https:\/\/vinci-es.ch\/ Was sind Cookies? Wie bei fast allen professionellen Websites \u00fcblich, verwendet diese Website Cookies, kleine Dateien, die auf Ihren Computer heruntergeladen werden, um Ihr Erlebnis zu verbessern. Auf dieser Seite wird beschrieben, welche Informationen sie sammeln, [&hellip;]","og_url":"https:\/\/vinci-es.ch\/en\/cookie-richtlinien\/","og_site_name":"Vinci - Executive Search","article_modified_time":"2023-09-03T21:00:12+00:00","twitter_card":"summary_large_image","twitter_misc":{"Estimated reading time":"3 minutes"},"schema":{"@context":"https:\/\/schema.org","@graph":[{"@type":"WebPage","@id":"https:\/\/vinci-es.ch\/cookie-richtlinien\/","url":"https:\/\/vinci-es.ch\/cookie-richtlinien\/","name":"Cookie Richtlinien - Vinci - Executive Search","isPartOf":{"@id":"https:\/\/vinci-es.ch\/#website"},"datePublished":"2023-08-17T23:01:01+00:00","dateModified":"2023-09-03T21:00:12+00:00","breadcrumb":{"@id":"https:\/\/vinci-es.ch\/cookie-richtlinien\/#breadcrumb"},"inLanguage":"en-GB","potentialAction":[{"@type":"ReadAction","target":["https:\/\/vinci-es.ch\/cookie-richtlinien\/"]}]},{"@type":"BreadcrumbList","@id":"https:\/\/vinci-es.ch\/cookie-richtlinien\/#breadcrumb","itemListElement":[{"@type":"ListItem","position":1,"name":"Startseite","item":"https:\/\/vinci-es.ch\/"},{"@type":"ListItem","position":2,"name":"Cookie Richtlinien"}]},{"@type":"WebSite","@id":"https:\/\/vinci-es.ch\/#website","url":"https:\/\/vinci-es.ch\/","name":"Vinci - Executive Search","description":"Executive Search","potentialAction":[{"@type":"SearchAction","target":{"@type":"EntryPoint","urlTemplate":"https:\/\/vinci-es.ch\/?s={search_term_string}"},"query-input":{"@type":"PropertyValueSpecification","valueRequired":true,"valueName":"search_term_string"}}],"inLanguage":"en-GB"}]}},"builder_content":"<h6>Cookie-Richtlinie<\/h6>\n<h3>Cookie-Richtlinie f\u00fcr Vinci \u2013 Executive Search<\/h3> <p>Dies ist die Cookie-Richtlinie f\u00fcr Vinci \u2013 Executive Search, zug\u00e4nglich unter <a href=\"https:\/\/vinci-es.ch\/\">https:\/\/vinci-es.ch\/<\/a><\/p>\n<h3>Was sind Cookies?<\/h3> <p>Wie bei fast allen professionellen Websites \u00fcblich, verwendet diese Website Cookies, kleine Dateien, die auf Ihren Computer heruntergeladen werden, um Ihr Erlebnis zu verbessern. Auf dieser Seite wird beschrieben, welche Informationen sie sammeln, wie wir sie verwenden und warum wir diese Cookies manchmal speichern m\u00fcssen. Wir erkl\u00e4ren Ihnen auch, wie Sie die Speicherung dieser Cookies verhindern k\u00f6nnen. Dies kann jedoch zu einer Beeintr\u00e4chtigung oder \u201eBeeintr\u00e4chtigung\u201c bestimmter Elemente der Website-Funktionalit\u00e4t f\u00fchren.<\/p>\n<h3>Wie wir Cookies verwenden<\/h3> <p>Wir verwenden Cookies aus verschiedenen Gr\u00fcnden, die im Folgenden erl\u00e4utert werden. Leider gibt es in den meisten F\u00e4llen keine branchen\u00fcblichen Optionen zum Deaktivieren von Cookies, ohne die Funktionalit\u00e4t und Features, die sie dieser Website hinzuf\u00fcgen, vollst\u00e4ndig zu deaktivieren. Es wird empfohlen, alle Cookies aktiviert zu lassen, wenn Sie nicht sicher sind, ob Sie sie ben\u00f6tigen oder nicht, falls sie zur Bereitstellung eines von Ihnen genutzten Dienstes verwendet werden.<\/p>\n<h3>Cookies deaktivieren<\/h3> <p>Sie k\u00f6nnen das Setzen von Cookies verhindern, indem Sie die Einstellungen in Ihrem Browser anpassen (Informationen dazu finden Sie in der Hilfe Ihres Browsers). Beachten Sie, dass die Deaktivierung von Cookies die Funktionalit\u00e4t dieser und vieler anderer von Ihnen besuchter Websites beeintr\u00e4chtigt. Das Deaktivieren von Cookies f\u00fchrt in der Regel dazu, dass auch bestimmte Funktionen und Merkmale dieser Website deaktiviert werden. Daher wird empfohlen, Cookies nicht zu deaktivieren. Diese Cookie-Richtlinie wurde mit Hilfe des Cookies Policy Generator erstellt.<\/p>\n<h3>Die von uns gesetzten Cookies<\/h3> <p><strong>E-Mail-Newsletter-bezogene Cookies<\/strong><\/p> <p>Diese Website bietet Newsletter- oder E-Mail-Abonnementdienste an und Cookies k\u00f6nnen verwendet werden, um sich zu merken, ob Sie bereits registriert sind und ob bestimmte Benachrichtigungen angezeigt werden sollen, die m\u00f6glicherweise nur f\u00fcr abonnierte\/abgemeldete Benutzer g\u00fcltig sind.<\/p> <p><strong>Formularbezogene Cookies<\/strong><\/p> <p>Wenn Sie Daten \u00fcber ein Formular \u00fcbermitteln, wie es beispielsweise auf Kontaktseiten oder Kommentarformularen zu finden ist, k\u00f6nnen Cookies gesetzt werden, um Ihre Benutzerdaten f\u00fcr zuk\u00fcnftige Korrespondenz zu speichern.<\/p>\n<h3>Cookies von Drittanbietern<\/h3> <p>In einigen Sonderf\u00e4llen verwenden wir auch Cookies von vertrauensw\u00fcrdigen Dritten. Im folgenden Abschnitt erfahren Sie, auf welche Cookies von Drittanbietern Sie auf dieser Website sto\u00dfen k\u00f6nnten.<\/p> <p>Diese Website verwendet Google Analytics, eine der am weitesten verbreiteten und vertrauensw\u00fcrdigsten Analysel\u00f6sungen im Internet, die uns hilft zu verstehen, wie Sie die Website nutzen und wie wir Ihr Erlebnis verbessern k\u00f6nnen. Diese Cookies k\u00f6nnen beispielsweise erfassen, wie lange Sie auf der Website verbringen und welche Seiten Sie besuchen, damit wir weiterhin ansprechende Inhalte erstellen k\u00f6nnen.<\/p> <p>Weitere Informationen zu Google Analytics-Cookies finden Sie auf der offiziellen Google Analytics-Seite.<\/p> <p>Analysen von Drittanbietern werden verwendet, um die Nutzung dieser Website zu verfolgen und zu messen, damit wir weiterhin ansprechende Inhalte produzieren k\u00f6nnen. Diese Cookies k\u00f6nnen beispielsweise erfassen, wie lange Sie auf der Website oder den von Ihnen besuchten Seiten verbringen. Dies hilft uns zu verstehen, wie wir die Website f\u00fcr Sie verbessern k\u00f6nnen.<\/p>\n<h3>Mehr Informationen<\/h3> <p>Von Zeit zu Zeit testen wir neue Funktionen und nehmen geringf\u00fcgige \u00c4nderungen an der Art und Weise vor, wie die Website bereitgestellt wird. Wenn wir noch neue Funktionen testen, k\u00f6nnen diese Cookies verwendet werden, um sicherzustellen, dass Sie auf der Website ein einheitliches Erlebnis haben und gleichzeitig sicherstellen, dass wir verstehen, welche Optimierungen unsere Benutzer am meisten sch\u00e4tzen.<\/p> <p>Da wir Dienstleistungen anbieten, ist es f\u00fcr uns wichtig, Statistiken dar\u00fcber zu erhalten, wie viele Besucher unserer Website tats\u00e4chlich unser Angebot eingehen. Daher ist es die Art von Daten, die diese Cookies verfolgen. Dies ist f\u00fcr Sie wichtig, da wir so genaue Gesch\u00e4ftsvorhersagen treffen k\u00f6nnen, die es uns erm\u00f6glichen, unsere Werbe- und Dienstleistungskosten zu \u00fcberwachen, um das bestm\u00f6gliche Angebote sicherzustellen.<\/p> <p>Wenn Sie jedoch noch weitere Informationen suchen, k\u00f6nnen Sie uns \u00fcber eine unserer bevorzugten Kontaktmethoden kontaktieren:<\/p> <p>Durch den Besuch dieses <a href=\"https:\/\/vinci-es.ch\/kontakt\">Links<\/a><\/p>","_links":{"self":[{"href":"https:\/\/vinci-es.ch\/en\/wp-json\/wp\/v2\/pages\/1635","targetHints":{"allow":["GET"]}}],"collection":[{"href":"https:\/\/vinci-es.ch\/en\/wp-json\/wp\/v2\/pages"}],"about":[{"href":"https:\/\/vinci-es.ch\/en\/wp-json\/wp\/v2\/types\/page"}],"author":[{"embeddable":true,"href":"https:\/\/vinci-es.ch\/en\/wp-json\/wp\/v2\/users\/1"}],"replies":[{"embeddable":true,"href":"https:\/\/vinci-es.ch\/en\/wp-json\/wp\/v2\/comments?post=1635"}],"version-history":[{"count":1,"href":"https:\/\/vinci-es.ch\/en\/wp-json\/wp\/v2\/pages\/1635\/revisions"}],"predecessor-version":[{"id":1854,"href":"https:\/\/vinci-es.ch\/en\/wp-json\/wp\/v2\/pages\/1635\/revisions\/1854"}],"wp:attachment":[{"href":"https:\/\/vinci-es.ch\/en\/wp-json\/wp\/v2\/media?parent=1635"}],"curies":[{"name":"wp","href":"https:\/\/api.w.org\/{rel}","templated":true}]}}