{"id":681,"date":"2023-07-23T06:11:42","date_gmt":"2023-07-23T04:11:42","guid":{"rendered":"https:\/\/vinci-es.ch\/?page_id=681"},"modified":"2023-09-03T23:01:21","modified_gmt":"2023-09-03T21:01:21","slug":"executive-search","status":"publish","type":"page","link":"https:\/\/vinci-es.ch\/en\/executive-search\/","title":{"rendered":"Executive Search"},"content":{"rendered":"<!--themify_builder_content-->\n<div id=\"themify_builder_content-681\" data-postid=\"681\" class=\"themify_builder_content themify_builder_content-681 themify_builder tf_clear\">\n                    <div  data-lazy=\"1\" class=\"module_row themify_builder_row tb_z0f9232 tb_first tf_w hide-mobile\">\n                        <div class=\"row_inner col_align_top tb_col_count_2 tf_box tf_rel\">\n                        <div  data-lazy=\"1\" class=\"module_column tb-column col4-2 tb_8r3w234 first\">\n                            <\/div>\n                    <div  data-lazy=\"1\" class=\"module_column tb-column col4-2 tb_fcd8234 last\">\n                            <\/div>\n                        <\/div>\n        <\/div>\n                        <div  data-lazy=\"1\" class=\"module_row themify_builder_row home-header tb_3s7j265 tf_w hide-desktop hide-tablet hide-tablet_landscape\">\n                        <div class=\"row_inner col_align_top tb_col_count_1 tf_box tf_rel\">\n                        <div  data-lazy=\"1\" class=\"module_column tb-column col-full tb_axlt265 first\">\n                            <\/div>\n                        <\/div>\n        <\/div>\n                        <div  data-css_id=\"yxwv232\" data-lazy=\"1\" class=\"module_row themify_builder_row fullwidth_row_container tb_yxwv232 tf_w\">\n                        <div class=\"row_inner col_align_top tb_col_count_1 tf_box tf_rel\">\n                        <div  data-lazy=\"1\" class=\"module_column tb-column col-full tb_x6nm235 first\">\n                    <!-- module text -->\n<div  class=\"module module-text tb_mjtd235 firsttitle repeat\" data-lazy=\"1\">\n        <div  class=\"tb_text_wrap\">\n        <h6>Executive Search<\/h6>    <\/div>\n<\/div>\n<!-- \/module text --><!-- module text -->\n<div  class=\"module module-text tb_9h4e235\" data-lazy=\"1\">\n        <div  class=\"tb_text_wrap\">\n        <h3>Thanks to our wide network in various sectors, ranging from the construction and industrial sector to life sciences, healthcare, FMCG, and financial services, we have a vast pool of potential candidates for your company. Our processes are highly professional, and our methodology is designed to find the best fit between vacant positions and candidates.<\/h3>    <\/div>\n<\/div>\n<!-- \/module text -->        <div  data-lazy=\"1\" class=\"module_subrow themify_builder_sub_row tf_w col_align_top tb_col_count_2 tb_x7vb236\">\n                <div  data-lazy=\"1\" class=\"module_column sub_column col4-2 tb_qmmm236 first\">\n                    <!-- module text -->\n<div  class=\"module module-text tb_au2m236\" data-lazy=\"1\">\n    <h3 class=\"module-title\">Identifying and analyzing your needs<\/h3>    <div  class=\"tb_text_wrap\">\n        <p>By directly engaging with decision-makers, we capture precise requirements, tasks, challenges, and create a comprehensive job description. After your confirmation, this description serves as the foundation for discussions with potential candidates.<\/p>    <\/div>\n<\/div>\n<!-- \/module text -->        <\/div>\n                    <div  data-lazy=\"1\" class=\"module_column sub_column col4-2 tb_kgm0236 last\">\n                    <!-- module text -->\n<div  class=\"module module-text tb_4kjr822\" data-lazy=\"1\">\n    <h3 class=\"module-title\">Profiles tailored to your needs<\/h3>    <div  class=\"tb_text_wrap\">\n        <p>Vinci Executive Search Ltd. adopts 'Active Sourcing'. We directly approach potential candidates and do not advertise positions. This is based on our belief that this approach allows us to access the best professionals and executives with the highest level of discretion and efficiency.<\/p>    <\/div>\n<\/div>\n<!-- \/module text -->        <\/div>\n                    <\/div>\n                <div  data-lazy=\"1\" class=\"module_subrow themify_builder_sub_row tf_w col_align_top tb_col_count_2 tb_tt3s946\">\n                <div  data-lazy=\"1\" class=\"module_column sub_column col4-2 tb_lihk947 first\">\n                    <!-- module text -->\n<div  class=\"module module-text tb_2u3r947\" data-lazy=\"1\">\n    <h3 class=\"module-title\">Evaluation of applicants<\/h3>    <div  class=\"tb_text_wrap\">\n        <p>Once we have identified qualified applicants, we conduct pre-selection interviews with them. These selections are based on the needs identified with you.<\/p>    <\/div>\n<\/div>\n<!-- \/module text -->        <\/div>\n                    <div  data-lazy=\"1\" class=\"module_column sub_column col4-2 tb_anra947 last\">\n                    <!-- module text -->\n<div  class=\"module module-text tb_iuzt947\" data-lazy=\"1\">\n    <h3 class=\"module-title\">Presenting the best candidates<\/h3>    <div  class=\"tb_text_wrap\">\n        <p>After the preliminary selection is complete, we provide you with a comprehensive dossier including an executive summary of the candidates. Additionally, we send you a weekly progress report to keep you up-to-date with the recruitment process.<\/p>    <\/div>\n<\/div>\n<!-- \/module text -->        <\/div>\n                    <\/div>\n                <div  data-lazy=\"1\" class=\"module_subrow themify_builder_sub_row tf_w col_align_top tb_col_count_2 tb_z066692\">\n                <div  data-lazy=\"1\" class=\"module_column sub_column col4-2 tb_nxy0692 first\">\n                    <!-- module text -->\n<div  class=\"module module-text tb_leql693\" data-lazy=\"1\">\n    <h3 class=\"module-title\">Decision-making support<\/h3>    <div  class=\"tb_text_wrap\">\n        <p>We participate in the job interviews to support you in strategic recruitment. Additionally, the search can be adjusted as needed.\u00a0<\/p>    <\/div>\n<\/div>\n<!-- \/module text -->        <\/div>\n                    <div  data-lazy=\"1\" class=\"module_column sub_column col4-2 tb_dbgp693 last\">\n                    <!-- module text -->\n<div  class=\"module module-text tb_l9jd693\" data-lazy=\"1\">\n    <h3 class=\"module-title\">Follow-up<\/h3>    <div  class=\"tb_text_wrap\">\n        <p>We place great emphasis on building strong and trusting relationships with our clients and candidates. Our commitment goes beyond mere candidate selection \u2013 we evaluate the collaboration between you and the candidate during the first year. Additionally, we provide a minimum 12-month guarantee.<\/p>    <\/div>\n<\/div>\n<!-- \/module text -->        <\/div>\n                    <\/div>\n        <!-- module text -->\n<div  class=\"module module-text tb_gd0e663\" data-lazy=\"1\">\n        <div  class=\"tb_text_wrap\">\n        <p>We look forward hearing from you; <a href=\"https:\/\/vinci-es.ch\/en\/kontakt\/\">Contact<\/a>.<\/p>    <\/div>\n<\/div>\n<!-- \/module text -->        <\/div>\n                        <\/div>\n        <\/div>\n        <\/div>\n<!--\/themify_builder_content-->","protected":false},"excerpt":{"rendered":"<p>Executive Search Durch unser breites Netzwerk in verschiedensten Sektoren, von der Bau- und Industriebranche hin zu Life Sciences, Gesundheitssektor, FMCG und Financial Services, verf\u00fcgen wir \u00fcber einen grossen Pool an potentiellen Kandidaten f\u00fcr Ihr Unternehmen. Unsere Prozesse sind hoch professionell, unsere Methodik darauf abgestimmt, den besten Fit zwischen vakanter Position und Kandidaten zu finden Ihre [&hellip;]<\/p>","protected":false},"author":1,"featured_media":0,"parent":0,"menu_order":4,"comment_status":"closed","ping_status":"closed","template":"","meta":{"footnotes":""},"class_list":["post-681","page","type-page","status-publish","hentry","has-post-title","has-post-date","has-post-category","has-post-tag","has-post-comment","has-post-author",""],"yoast_head":"<!-- This site is optimized with the Yoast SEO plugin v24.6 - https:\/\/yoast.com\/wordpress\/plugins\/seo\/ -->\n<title>Executive Search - Vinci - Executive Search<\/title>\n<meta name=\"robots\" content=\"index, follow, max-snippet:-1, max-image-preview:large, max-video-preview:-1\" \/>\n<link rel=\"canonical\" href=\"https:\/\/vinci-es.ch\/en\/executive-search\/\" \/>\n<meta property=\"og:locale\" content=\"en_GB\" \/>\n<meta property=\"og:type\" content=\"article\" \/>\n<meta property=\"og:title\" content=\"Executive Search - Vinci - Executive Search\" \/>\n<meta property=\"og:description\" content=\"Executive Search Durch unser breites Netzwerk in verschiedensten Sektoren, von der Bau- und Industriebranche hin zu Life Sciences, Gesundheitssektor, FMCG und Financial Services, verf\u00fcgen wir \u00fcber einen grossen Pool an potentiellen Kandidaten f\u00fcr Ihr Unternehmen. Unsere Prozesse sind hoch professionell, unsere Methodik darauf abgestimmt, den besten Fit zwischen vakanter Position und Kandidaten zu finden Ihre [&hellip;]\" \/>\n<meta property=\"og:url\" content=\"https:\/\/vinci-es.ch\/en\/executive-search\/\" \/>\n<meta property=\"og:site_name\" content=\"Vinci - Executive Search\" \/>\n<meta property=\"article:modified_time\" content=\"2023-09-03T21:01:21+00:00\" \/>\n<meta name=\"twitter:card\" content=\"summary_large_image\" \/>\n<meta name=\"twitter:label1\" content=\"Estimated reading time\" \/>\n\t<meta name=\"twitter:data1\" content=\"1 minute\" \/>\n<script type=\"application\/ld+json\" class=\"yoast-schema-graph\">{\"@context\":\"https:\/\/schema.org\",\"@graph\":[{\"@type\":\"WebPage\",\"@id\":\"https:\/\/vinci-es.ch\/executive-search\/\",\"url\":\"https:\/\/vinci-es.ch\/executive-search\/\",\"name\":\"Executive Search - Vinci - Executive Search\",\"isPartOf\":{\"@id\":\"https:\/\/vinci-es.ch\/#website\"},\"datePublished\":\"2023-07-23T04:11:42+00:00\",\"dateModified\":\"2023-09-03T21:01:21+00:00\",\"breadcrumb\":{\"@id\":\"https:\/\/vinci-es.ch\/executive-search\/#breadcrumb\"},\"inLanguage\":\"en-GB\",\"potentialAction\":[{\"@type\":\"ReadAction\",\"target\":[\"https:\/\/vinci-es.ch\/executive-search\/\"]}]},{\"@type\":\"BreadcrumbList\",\"@id\":\"https:\/\/vinci-es.ch\/executive-search\/#breadcrumb\",\"itemListElement\":[{\"@type\":\"ListItem\",\"position\":1,\"name\":\"Startseite\",\"item\":\"https:\/\/vinci-es.ch\/\"},{\"@type\":\"ListItem\",\"position\":2,\"name\":\"Executive Search\"}]},{\"@type\":\"WebSite\",\"@id\":\"https:\/\/vinci-es.ch\/#website\",\"url\":\"https:\/\/vinci-es.ch\/\",\"name\":\"Vinci - Executive Search\",\"description\":\"Executive Search\",\"potentialAction\":[{\"@type\":\"SearchAction\",\"target\":{\"@type\":\"EntryPoint\",\"urlTemplate\":\"https:\/\/vinci-es.ch\/?s={search_term_string}\"},\"query-input\":{\"@type\":\"PropertyValueSpecification\",\"valueRequired\":true,\"valueName\":\"search_term_string\"}}],\"inLanguage\":\"en-GB\"}]}<\/script>\n<!-- \/ Yoast SEO plugin. -->","yoast_head_json":{"title":"Executive Search - Vinci - Executive Search","robots":{"index":"index","follow":"follow","max-snippet":"max-snippet:-1","max-image-preview":"max-image-preview:large","max-video-preview":"max-video-preview:-1"},"canonical":"https:\/\/vinci-es.ch\/en\/executive-search\/","og_locale":"en_GB","og_type":"article","og_title":"Executive Search - Vinci - Executive Search","og_description":"Executive Search Durch unser breites Netzwerk in verschiedensten Sektoren, von der Bau- und Industriebranche hin zu Life Sciences, Gesundheitssektor, FMCG und Financial Services, verf\u00fcgen wir \u00fcber einen grossen Pool an potentiellen Kandidaten f\u00fcr Ihr Unternehmen. Unsere Prozesse sind hoch professionell, unsere Methodik darauf abgestimmt, den besten Fit zwischen vakanter Position und Kandidaten zu finden Ihre [&hellip;]","og_url":"https:\/\/vinci-es.ch\/en\/executive-search\/","og_site_name":"Vinci - Executive Search","article_modified_time":"2023-09-03T21:01:21+00:00","twitter_card":"summary_large_image","twitter_misc":{"Estimated reading time":"1 minute"},"schema":{"@context":"https:\/\/schema.org","@graph":[{"@type":"WebPage","@id":"https:\/\/vinci-es.ch\/executive-search\/","url":"https:\/\/vinci-es.ch\/executive-search\/","name":"Executive Search - Vinci - Executive Search","isPartOf":{"@id":"https:\/\/vinci-es.ch\/#website"},"datePublished":"2023-07-23T04:11:42+00:00","dateModified":"2023-09-03T21:01:21+00:00","breadcrumb":{"@id":"https:\/\/vinci-es.ch\/executive-search\/#breadcrumb"},"inLanguage":"en-GB","potentialAction":[{"@type":"ReadAction","target":["https:\/\/vinci-es.ch\/executive-search\/"]}]},{"@type":"BreadcrumbList","@id":"https:\/\/vinci-es.ch\/executive-search\/#breadcrumb","itemListElement":[{"@type":"ListItem","position":1,"name":"Startseite","item":"https:\/\/vinci-es.ch\/"},{"@type":"ListItem","position":2,"name":"Executive Search"}]},{"@type":"WebSite","@id":"https:\/\/vinci-es.ch\/#website","url":"https:\/\/vinci-es.ch\/","name":"Vinci - Executive Search","description":"Executive Search","potentialAction":[{"@type":"SearchAction","target":{"@type":"EntryPoint","urlTemplate":"https:\/\/vinci-es.ch\/?s={search_term_string}"},"query-input":{"@type":"PropertyValueSpecification","valueRequired":true,"valueName":"search_term_string"}}],"inLanguage":"en-GB"}]}},"builder_content":"<h6>Executive Search<\/h6>\n<h3>Durch unser breites Netzwerk in verschiedensten Sektoren, von der Bau- und Industriebranche hin zu Life Sciences, Gesundheitssektor, FMCG und Financial Services, verf\u00fcgen wir \u00fcber einen grossen Pool an potentiellen Kandidaten f\u00fcr Ihr Unternehmen. Unsere Prozesse sind hoch professionell, unsere Methodik darauf abgestimmt, den besten Fit zwischen vakanter Position und Kandidaten zu finden<\/h3>\n<h3>Ihre Bed\u00fcrfnisse identifizieren und analysieren<\/h3> <p>Indem wir direkt mit den Entscheidungstr\u00e4gern sprechen, erfassen wir pr\u00e4zise Anforderungen, Aufgaben, Herausforderungen und erstellen eine umfassende Funktionsbeschreibung. Nach Ihrer Best\u00e4tigung dient diese Beschreibung als Grundlage f\u00fcr Gespr\u00e4che mit potenziellen Kandidaten.<\/p>\n<h3>Auf Ihre Bed\u00fcrfnisse abgestimmte Profile<\/h3> <p>Vinci Executive Search AG setzt auf Active Sourcing. Wir sprechen potenziell Kandidaten direkt an und schreiben die Stellen nicht aus. Das liegt an unserer \u00dcberzeugung, dass wir auf diesem Weg mit dem h\u00f6chsten Mass an Diskretion und Effizienz auf die besten Fach- und F\u00fchrungskr\u00e4fte zugreifen k\u00f6nnen.<\/p>\n<h3>Bewertung von Bewerber \/ innen<\/h3> <p>Haben wir qualifizierte Bewerber\/innen gefunden, nehmen wir in Gespr\u00e4chen mit ihnen eine Vorselektion vor. Die Vorselektion beruht auf den mit Ihnen identifizierten Bed\u00fcrfnissen.<\/p>\n<h3>Vorstellen der besten Bewerber \/ innen<\/h3> <p>Nach erfolgter Vorselektion, erstellen wir Ihnen ein vollumf\u00e4ngliches Dossier mit Executive Summary \u00fcber die Kandidaten. Dazu senden wir Ihnen jede Woche einen Fortschrittsbericht, damit Sie einen \u00dcberblick \u00fcber den Rekrutierungsprozess erhalten.<\/p>\n<h3>Entscheidungshilfe<\/h3> <p>Wir sind bei den Vorstellungsgespr\u00e4chen dabei, um Sie bei der strategischen Rekrutierung zu unterst\u00fctzen. Zus\u00e4tzlich kann die Suche nach Bedarf angepasst werden.\u00a0<\/p>\n<h3>Nachbearbeitung<\/h3> <p>Wir legen grossen Wert auf robuste und vertrauensvolle Beziehungen zu unseren Kunden und Kandidaten. Unser Einsatz geht \u00fcber die blosse Kandidatenauswahl hinaus \u2013 wir evaluieren die Zusammenarbeit zwischen Ihnen und dem Kandidaten im ersten Jahr. Ausserdem bieten wir eine Garantie von mindestens 12 Monaten.<\/p>\n<p>Wir freuen uns auf Ihre unverbindliche <a href=\"https:\/\/vinci-es.ch\/kontakt\/\">Kontaktaufnahme<\/a>.<\/p>","_links":{"self":[{"href":"https:\/\/vinci-es.ch\/en\/wp-json\/wp\/v2\/pages\/681","targetHints":{"allow":["GET"]}}],"collection":[{"href":"https:\/\/vinci-es.ch\/en\/wp-json\/wp\/v2\/pages"}],"about":[{"href":"https:\/\/vinci-es.ch\/en\/wp-json\/wp\/v2\/types\/page"}],"author":[{"embeddable":true,"href":"https:\/\/vinci-es.ch\/en\/wp-json\/wp\/v2\/users\/1"}],"replies":[{"embeddable":true,"href":"https:\/\/vinci-es.ch\/en\/wp-json\/wp\/v2\/comments?post=681"}],"version-history":[{"count":1,"href":"https:\/\/vinci-es.ch\/en\/wp-json\/wp\/v2\/pages\/681\/revisions"}],"predecessor-version":[{"id":1855,"href":"https:\/\/vinci-es.ch\/en\/wp-json\/wp\/v2\/pages\/681\/revisions\/1855"}],"wp:attachment":[{"href":"https:\/\/vinci-es.ch\/en\/wp-json\/wp\/v2\/media?parent=681"}],"curies":[{"name":"wp","href":"https:\/\/api.w.org\/{rel}","templated":true}]}}