{"id":717,"date":"2023-07-23T06:33:02","date_gmt":"2023-07-23T04:33:02","guid":{"rendered":"https:\/\/vinci-es.ch\/?page_id=717"},"modified":"2023-09-03T23:01:43","modified_gmt":"2023-09-03T21:01:43","slug":"interim-management","status":"publish","type":"page","link":"https:\/\/vinci-es.ch\/en\/interim-management\/","title":{"rendered":"Interim Management"},"content":{"rendered":"<!--themify_builder_content-->\n<div id=\"themify_builder_content-717\" data-postid=\"717\" class=\"themify_builder_content themify_builder_content-717 themify_builder tf_clear\">\n                    <div  data-lazy=\"1\" class=\"module_row themify_builder_row tb_z0f9232 tb_first tf_w hide-mobile\">\n                        <div class=\"row_inner col_align_top tb_col_count_2 tf_box tf_rel\">\n                        <div  data-lazy=\"1\" class=\"module_column tb-column col4-2 tb_8r3w234 first\">\n                            <\/div>\n                    <div  data-lazy=\"1\" class=\"module_column tb-column col4-2 tb_fcd8234 last\">\n                            <\/div>\n                        <\/div>\n        <\/div>\n                        <div  data-lazy=\"1\" class=\"module_row themify_builder_row home-header tb_3s7j265 tf_w hide-desktop hide-tablet hide-tablet_landscape\">\n                        <div class=\"row_inner col_align_top tb_col_count_1 tf_box tf_rel\">\n                        <div  data-lazy=\"1\" class=\"module_column tb-column col-full tb_axlt265 first\">\n                            <\/div>\n                        <\/div>\n        <\/div>\n                        <div  data-css_id=\"yxwv232\" data-lazy=\"1\" class=\"module_row themify_builder_row fullwidth_row_container tb_yxwv232 tf_w\">\n                        <div class=\"row_inner col_align_top tb_col_count_1 tf_box tf_rel\">\n                        <div  data-lazy=\"1\" class=\"module_column tb-column col-full tb_x6nm235 first\">\n                    <!-- module text -->\n<div  class=\"module module-text tb_mjtd235 firsttitle repeat\" data-lazy=\"1\">\n        <div  class=\"tb_text_wrap\">\n        <h6>Interim Management<\/h6>    <\/div>\n<\/div>\n<!-- \/module text --><!-- module text -->\n<div  class=\"module module-text tb_9h4e235\" data-lazy=\"1\">\n        <div  class=\"tb_text_wrap\">\n        <h3>Even in cases of immediate need for highly qualified executives, Vinci Executive Search Ltd. provides a solution. Our extensive network includes many qualified interim executives whom we can deploy specifically for you. We collaborate with interim executives who have a proven track record of performance for our clients, enjoy solving complex problems, and create measurable impact for our clients.<\/h3>    <\/div>\n<\/div>\n<!-- \/module text --><!-- module text -->\n<div  class=\"module module-text tb_mr57780\" data-lazy=\"1\">\n        <div  class=\"tb_text_wrap\">\n        <p>Together with you, we identify your needs and recommend suitable executives. During the assignment, we support the interim executive to ensure that your requirements are met.<\/p>    <\/div>\n<\/div>\n<!-- \/module text --><!-- module text -->\n<div  class=\"module module-text tb_d0cj805\" data-lazy=\"1\">\n        <div  class=\"tb_text_wrap\">\n        <p>We look forward hearing from you; <a href=\"https:\/\/vinci-es.ch\/en\/kontakt\/\">Contact<\/a>.<\/p>    <\/div>\n<\/div>\n<!-- \/module text -->        <\/div>\n                        <\/div>\n        <\/div>\n        <\/div>\n<!--\/themify_builder_content-->","protected":false},"excerpt":{"rendered":"<p>Interim Management Auch bei sofortigem Bedarf an hochqualifizierten F\u00fchrungskr\u00e4ften, bietet Ihnen Vinci Executive Search AG eine L\u00f6sung. Aus unserem breiten Netzwerk gehen auch viele qualifizierte Interim-F\u00fchrungskr\u00e4fte hervor, die wir gerne gezielt bei Ihnen einsetzen. Wir arbeiten mit Interim-F\u00fchrungskr\u00e4ften zusammen, die \u00fcber einen erprobten Leistungsnachweis f\u00fcr unsere Kunden verf\u00fcgen, gerne komplexe Probleme l\u00f6sen und einen messbaren [&hellip;]<\/p>","protected":false},"author":1,"featured_media":0,"parent":0,"menu_order":5,"comment_status":"closed","ping_status":"closed","template":"","meta":{"footnotes":""},"class_list":["post-717","page","type-page","status-publish","hentry","has-post-title","has-post-date","has-post-category","has-post-tag","has-post-comment","has-post-author",""],"yoast_head":"<!-- This site is optimized with the Yoast SEO plugin v24.6 - https:\/\/yoast.com\/wordpress\/plugins\/seo\/ -->\n<title>Interim Management - Vinci - Executive Search<\/title>\n<meta name=\"robots\" content=\"index, follow, max-snippet:-1, max-image-preview:large, max-video-preview:-1\" \/>\n<link rel=\"canonical\" href=\"https:\/\/vinci-es.ch\/en\/interim-management\/\" \/>\n<meta property=\"og:locale\" content=\"en_GB\" \/>\n<meta property=\"og:type\" content=\"article\" \/>\n<meta property=\"og:title\" content=\"Interim Management - Vinci - Executive Search\" \/>\n<meta property=\"og:description\" content=\"Interim Management Auch bei sofortigem Bedarf an hochqualifizierten F\u00fchrungskr\u00e4ften, bietet Ihnen Vinci Executive Search AG eine L\u00f6sung. Aus unserem breiten Netzwerk gehen auch viele qualifizierte Interim-F\u00fchrungskr\u00e4fte hervor, die wir gerne gezielt bei Ihnen einsetzen. Wir arbeiten mit Interim-F\u00fchrungskr\u00e4ften zusammen, die \u00fcber einen erprobten Leistungsnachweis f\u00fcr unsere Kunden verf\u00fcgen, gerne komplexe Probleme l\u00f6sen und einen messbaren [&hellip;]\" \/>\n<meta property=\"og:url\" content=\"https:\/\/vinci-es.ch\/en\/interim-management\/\" \/>\n<meta property=\"og:site_name\" content=\"Vinci - Executive Search\" \/>\n<meta property=\"article:modified_time\" content=\"2023-09-03T21:01:43+00:00\" \/>\n<meta name=\"twitter:card\" content=\"summary_large_image\" \/>\n<script type=\"application\/ld+json\" class=\"yoast-schema-graph\">{\"@context\":\"https:\/\/schema.org\",\"@graph\":[{\"@type\":\"WebPage\",\"@id\":\"https:\/\/vinci-es.ch\/interim-management\/\",\"url\":\"https:\/\/vinci-es.ch\/interim-management\/\",\"name\":\"Interim Management - Vinci - Executive Search\",\"isPartOf\":{\"@id\":\"https:\/\/vinci-es.ch\/#website\"},\"datePublished\":\"2023-07-23T04:33:02+00:00\",\"dateModified\":\"2023-09-03T21:01:43+00:00\",\"breadcrumb\":{\"@id\":\"https:\/\/vinci-es.ch\/interim-management\/#breadcrumb\"},\"inLanguage\":\"en-GB\",\"potentialAction\":[{\"@type\":\"ReadAction\",\"target\":[\"https:\/\/vinci-es.ch\/interim-management\/\"]}]},{\"@type\":\"BreadcrumbList\",\"@id\":\"https:\/\/vinci-es.ch\/interim-management\/#breadcrumb\",\"itemListElement\":[{\"@type\":\"ListItem\",\"position\":1,\"name\":\"Startseite\",\"item\":\"https:\/\/vinci-es.ch\/\"},{\"@type\":\"ListItem\",\"position\":2,\"name\":\"Interim Management\"}]},{\"@type\":\"WebSite\",\"@id\":\"https:\/\/vinci-es.ch\/#website\",\"url\":\"https:\/\/vinci-es.ch\/\",\"name\":\"Vinci - Executive Search\",\"description\":\"Executive Search\",\"potentialAction\":[{\"@type\":\"SearchAction\",\"target\":{\"@type\":\"EntryPoint\",\"urlTemplate\":\"https:\/\/vinci-es.ch\/?s={search_term_string}\"},\"query-input\":{\"@type\":\"PropertyValueSpecification\",\"valueRequired\":true,\"valueName\":\"search_term_string\"}}],\"inLanguage\":\"en-GB\"}]}<\/script>\n<!-- \/ Yoast SEO plugin. -->","yoast_head_json":{"title":"Interim Management - Vinci - Executive Search","robots":{"index":"index","follow":"follow","max-snippet":"max-snippet:-1","max-image-preview":"max-image-preview:large","max-video-preview":"max-video-preview:-1"},"canonical":"https:\/\/vinci-es.ch\/en\/interim-management\/","og_locale":"en_GB","og_type":"article","og_title":"Interim Management - Vinci - Executive Search","og_description":"Interim Management Auch bei sofortigem Bedarf an hochqualifizierten F\u00fchrungskr\u00e4ften, bietet Ihnen Vinci Executive Search AG eine L\u00f6sung. Aus unserem breiten Netzwerk gehen auch viele qualifizierte Interim-F\u00fchrungskr\u00e4fte hervor, die wir gerne gezielt bei Ihnen einsetzen. Wir arbeiten mit Interim-F\u00fchrungskr\u00e4ften zusammen, die \u00fcber einen erprobten Leistungsnachweis f\u00fcr unsere Kunden verf\u00fcgen, gerne komplexe Probleme l\u00f6sen und einen messbaren [&hellip;]","og_url":"https:\/\/vinci-es.ch\/en\/interim-management\/","og_site_name":"Vinci - Executive Search","article_modified_time":"2023-09-03T21:01:43+00:00","twitter_card":"summary_large_image","schema":{"@context":"https:\/\/schema.org","@graph":[{"@type":"WebPage","@id":"https:\/\/vinci-es.ch\/interim-management\/","url":"https:\/\/vinci-es.ch\/interim-management\/","name":"Interim Management - Vinci - Executive Search","isPartOf":{"@id":"https:\/\/vinci-es.ch\/#website"},"datePublished":"2023-07-23T04:33:02+00:00","dateModified":"2023-09-03T21:01:43+00:00","breadcrumb":{"@id":"https:\/\/vinci-es.ch\/interim-management\/#breadcrumb"},"inLanguage":"en-GB","potentialAction":[{"@type":"ReadAction","target":["https:\/\/vinci-es.ch\/interim-management\/"]}]},{"@type":"BreadcrumbList","@id":"https:\/\/vinci-es.ch\/interim-management\/#breadcrumb","itemListElement":[{"@type":"ListItem","position":1,"name":"Startseite","item":"https:\/\/vinci-es.ch\/"},{"@type":"ListItem","position":2,"name":"Interim Management"}]},{"@type":"WebSite","@id":"https:\/\/vinci-es.ch\/#website","url":"https:\/\/vinci-es.ch\/","name":"Vinci - Executive Search","description":"Executive Search","potentialAction":[{"@type":"SearchAction","target":{"@type":"EntryPoint","urlTemplate":"https:\/\/vinci-es.ch\/?s={search_term_string}"},"query-input":{"@type":"PropertyValueSpecification","valueRequired":true,"valueName":"search_term_string"}}],"inLanguage":"en-GB"}]}},"builder_content":"<h6>Interim Management<\/h6>\n<h3>Auch bei sofortigem Bedarf an hochqualifizierten F\u00fchrungskr\u00e4ften, bietet Ihnen Vinci Executive Search AG eine L\u00f6sung. Aus unserem breiten Netzwerk gehen auch viele qualifizierte Interim-F\u00fchrungskr\u00e4fte hervor, die wir gerne gezielt bei Ihnen einsetzen. Wir arbeiten mit Interim-F\u00fchrungskr\u00e4ften zusammen, die \u00fcber einen erprobten Leistungsnachweis f\u00fcr unsere Kunden verf\u00fcgen, gerne komplexe Probleme l\u00f6sen und einen messbaren Impact bei unseren Kunden kreieren.<\/h3>\n<p>Mit Ihnen gemeinsam identifizieren wir Ihre Bed\u00fcrfnisse und empfehlen Ihnen geeignete F\u00fchrungskr\u00e4fte. W\u00e4hrend des Einsatzes begleiten wir die Interim-F\u00fchrungskraft und stellen sicher, dass Ihr Bedarf abgedeckt ist.<\/p>\n<p>Wir freuen uns auf Ihre unverbindliche <a href=\"https:\/\/vinci-es.ch\/kontakt\/\">Kontaktaufnahme<\/a>.<\/p>","_links":{"self":[{"href":"https:\/\/vinci-es.ch\/en\/wp-json\/wp\/v2\/pages\/717","targetHints":{"allow":["GET"]}}],"collection":[{"href":"https:\/\/vinci-es.ch\/en\/wp-json\/wp\/v2\/pages"}],"about":[{"href":"https:\/\/vinci-es.ch\/en\/wp-json\/wp\/v2\/types\/page"}],"author":[{"embeddable":true,"href":"https:\/\/vinci-es.ch\/en\/wp-json\/wp\/v2\/users\/1"}],"replies":[{"embeddable":true,"href":"https:\/\/vinci-es.ch\/en\/wp-json\/wp\/v2\/comments?post=717"}],"version-history":[{"count":2,"href":"https:\/\/vinci-es.ch\/en\/wp-json\/wp\/v2\/pages\/717\/revisions"}],"predecessor-version":[{"id":1857,"href":"https:\/\/vinci-es.ch\/en\/wp-json\/wp\/v2\/pages\/717\/revisions\/1857"}],"wp:attachment":[{"href":"https:\/\/vinci-es.ch\/en\/wp-json\/wp\/v2\/media?parent=717"}],"curies":[{"name":"wp","href":"https:\/\/api.w.org\/{rel}","templated":true}]}}