{"id":1635,"date":"2023-08-18T01:01:01","date_gmt":"2023-08-17T23:01:01","guid":{"rendered":"https:\/\/vinci-es.ch\/?page_id=1635"},"modified":"2023-09-03T23:00:12","modified_gmt":"2023-09-03T21:00:12","slug":"cookie-richtlinien","status":"publish","type":"page","link":"https:\/\/vinci-es.ch\/fr\/cookie-richtlinien\/","title":{"rendered":"Cookie Richtlinien"},"content":{"rendered":"<!--themify_builder_content-->\n<div id=\"themify_builder_content-1635\" data-postid=\"1635\" class=\"themify_builder_content themify_builder_content-1635 themify_builder tf_clear\">\n                    <div  data-lazy=\"1\" class=\"module_row themify_builder_row tb_z0f9232 tb_first tf_w hide-mobile\">\n                        <div class=\"row_inner col_align_top tb_col_count_2 tf_box tf_rel\">\n                        <div  data-lazy=\"1\" class=\"module_column tb-column col4-2 tb_8r3w234 first\">\n                            <\/div>\n                    <div  data-lazy=\"1\" class=\"module_column tb-column col4-2 tb_fcd8234 last\">\n                            <\/div>\n                        <\/div>\n        <\/div>\n                        <div  data-lazy=\"1\" class=\"module_row themify_builder_row home-header tb_chww751 tf_w hide-desktop hide-tablet hide-tablet_landscape\">\n                        <div class=\"row_inner col_align_top tb_col_count_1 tf_box tf_rel\">\n                        <div  data-lazy=\"1\" class=\"module_column tb-column col-full tb_eyez751 first\">\n                            <\/div>\n                        <\/div>\n        <\/div>\n                        <div  data-css_id=\"yxwv232\" data-lazy=\"1\" class=\"module_row themify_builder_row fullwidth_row_container tb_yxwv232 tf_w\">\n                        <div class=\"row_inner col_align_top tb_col_count_1 tf_box tf_rel\">\n                        <div  data-lazy=\"1\" class=\"module_column tb-column col-full tb_x6nm235 first\">\n                    <!-- module text -->\n<div  class=\"module module-text tb_mjtd235 firsttitle repeat\" data-lazy=\"1\">\n        <div  class=\"tb_text_wrap\">\n        <h6>Politique des cookies<\/h6>    <\/div>\n<\/div>\n<!-- \/module text --><!-- module text -->\n<div  class=\"module module-text tb_lqv0624\" data-lazy=\"1\">\n    <h3 class=\"module-title\">Politique d\u2019utilisation des cookies pour Vinci \u2013 Executive Search SA<\/h3>    <div  class=\"tb_text_wrap\">\n        <p>Voici la politique en mati\u00e8re de cookies pour Vinci \u2013 Executive Search, accessible \u00e0 l'adresse <a href=\"https:\/\/vinci-es.ch\/fr\/\">https:\/\/vinci-es.ch\/<\/a><\/p>    <\/div>\n<\/div>\n<!-- \/module text --><!-- module text -->\n<div  class=\"module module-text tb_c3oc527\" data-lazy=\"1\">\n    <h3 class=\"module-title\">Qu'est-ce que les cookies ?<\/h3>    <div  class=\"tb_text_wrap\">\n        <p>Comme la plupart des sites web professionnels, ce site utilise des cookies, qui sont de petits fichiers t\u00e9l\u00e9charg\u00e9s sur votre ordinateur pour am\u00e9liorer votre exp\u00e9rience. Cette page d\u00e9crit les informations qu'ils collectent, comment nous les utilisons et pourquoi nous avons parfois besoin de stocker ces cookies. Nous vous expliquerons \u00e9galement comment emp\u00eacher le stockage de ces cookies, mais cela peut r\u00e9duire ou \"d\u00e9sactiver\" certaines fonctionnalit\u00e9s du site.<\/p>    <\/div>\n<\/div>\n<!-- \/module text --><!-- module text -->\n<div  class=\"module module-text tb_dc41826\" data-lazy=\"1\">\n    <h3 class=\"module-title\">Comment nous utilisons les cookies<\/h3>    <div  class=\"tb_text_wrap\">\n        <p>Nous utilisons des cookies pour diff\u00e9rentes raisons, comme expliqu\u00e9 ci-dessous. Malheureusement, dans la plupart des cas, il n'existe pas d'options standard de l'industrie pour d\u00e9sactiver les cookies sans d\u00e9sactiver compl\u00e8tement la ou les fonctionnalit\u00e9s qu'ils ajoutent \u00e0 ce site. Il est recommand\u00e9 de laisser tous les cookies activ\u00e9s si vous n'\u00eates pas s\u00fbr de savoir si vous en avez besoin ou non, au cas o\u00f9 ils seraient utilis\u00e9s pour fournir un service que vous utilisez.<\/p>    <\/div>\n<\/div>\n<!-- \/module text --><!-- module text -->\n<div  class=\"module module-text tb_nkv6312\" data-lazy=\"1\">\n    <h3 class=\"module-title\">D\u00e9sactivation des cookies<\/h3>    <div  class=\"tb_text_wrap\">\n        <p>Vous pouvez emp\u00eacher la mise en place de cookies en ajustant les param\u00e8tres de votre navigateur (consultez l'aide de votre navigateur pour savoir comment faire). Notez que la d\u00e9sactivation des cookies affectera la fonctionnalit\u00e9 de ce site ainsi que de nombreux autres sites que vous visitez. La d\u00e9sactivation des cookies entra\u00eenera g\u00e9n\u00e9ralement la d\u00e9sactivation de certaines fonctionnalit\u00e9s et caract\u00e9ristiques de ce site. Par cons\u00e9quent, il est recommand\u00e9 de ne pas d\u00e9sactiver les cookies. Cette politique en mati\u00e8re de cookies a \u00e9t\u00e9 cr\u00e9\u00e9e \u00e0 l'aide du g\u00e9n\u00e9rateur de politique en mati\u00e8re de cookies.<\/p>    <\/div>\n<\/div>\n<!-- \/module text --><!-- module text -->\n<div  class=\"module module-text tb_ezoj13\" data-lazy=\"1\">\n    <h3 class=\"module-title\">Les cookies que nous utilisons<\/h3>    <div  class=\"tb_text_wrap\">\n        <p><strong>Cookies li\u00e9s aux newsletters par e-mail<\/strong><\/p>\n<p>Ce site propose des services d'abonnement \u00e0 des newsletters ou par e-mail, et des cookies peuvent \u00eatre utilis\u00e9s pour se souvenir si vous \u00eates d\u00e9j\u00e0 inscrit et si certaines notifications doivent \u00eatre affich\u00e9es, qui pourraient \u00eatre valables uniquement pour les utilisateurs inscrits\/d\u00e9sinscrits.<\/p>\n<p><strong>Cookies li\u00e9s aux formulaires<\/strong><\/p>\n<p>Lorsque vous soumettez des donn\u00e9es via un formulaire tel que ceux trouv\u00e9s sur les pages de contact ou les formulaires de commentaires, des cookies peuvent \u00eatre d\u00e9finis pour m\u00e9moriser vos coordonn\u00e9es d'utilisateur en vue d'une correspondance future.<\/p>    <\/div>\n<\/div>\n<!-- \/module text --><!-- module text -->\n<div  class=\"module module-text tb_ny3a69\" data-lazy=\"1\">\n    <h3 class=\"module-title\">Cookies tiers<\/h3>    <div  class=\"tb_text_wrap\">\n        <p>Dans certains cas sp\u00e9ciaux, nous utilisons \u00e9galement des cookies fournis par des tiers de confiance. La section suivante d\u00e9crit quels cookies tiers vous pourriez rencontrer sur ce site.<\/p>\n<p>Ce site web utilise Google Analytics, l'une des solutions d'analyse les plus r\u00e9pandues et fiables sur le web, pour nous aider \u00e0 comprendre comment vous utilisez le site et comment nous pouvons am\u00e9liorer votre exp\u00e9rience. Ces cookies peuvent suivre des \u00e9l\u00e9ments tels que le temps que vous passez sur le site et les pages que vous visitez, afin que nous puissions continuer \u00e0 produire du contenu attrayant.<\/p>\n<p>Pour plus d'informations sur les cookies Google Analytics, vous pouvez visiter la page officielle de Google Analytics.<\/p>\n<p>Des analyses de tiers sont utilis\u00e9es pour suivre et mesurer l'utilisation de ce site afin que nous puissions continuer \u00e0 produire du contenu attrayant. Ces cookies peuvent suivre des \u00e9l\u00e9ments tels que le temps que vous passez sur le site ou les pages que vous visitez, ce qui nous aide \u00e0 comprendre comment am\u00e9liorer le site pour vous.<\/p>    <\/div>\n<\/div>\n<!-- \/module text --><!-- module text -->\n<div  class=\"module module-text tb_fuil468\" data-lazy=\"1\">\n    <h3 class=\"module-title\">Plus d'informations<\/h3>    <div  class=\"tb_text_wrap\">\n        <p>De temps en temps, nous testons de nouvelles fonctionnalit\u00e9s et apportons de l\u00e9g\u00e8res modifications \u00e0 la mani\u00e8re dont le site est fourni. Lorsque nous testons de nouvelles fonctionnalit\u00e9s, ces cookies peuvent \u00eatre utilis\u00e9s pour garantir une exp\u00e9rience coh\u00e9rente sur le site, tout en nous permettant de comprendre quelles optimisations nos utilisateurs appr\u00e9cient le plus.<\/p>\n<p>\u00c9tant donn\u00e9 que nous proposons des services, il est important pour nous de conna\u00eetre les statistiques sur le nombre de visiteurs qui effectuent r\u00e9ellement nos offres sur notre site web. C'est donc le type de donn\u00e9es que ces cookies suivent. Cela est important pour vous, car cela nous permet de faire des pr\u00e9visions commerciales pr\u00e9cises, ce qui nous aide \u00e0 surveiller nos co\u00fbts publicitaires et de services afin d'assurer les meilleures offres possibles.<\/p>\n<p>Si vous recherchez plus d'informations, vous pouvez nous contacter via l'une de nos m\u00e9thodes de contact pr\u00e9f\u00e9r\u00e9es :<\/p>\n<p>En cliquant sur ce <a href=\"https:\/\/vinci-es.ch\/fr\/kontakt\/\">lien<\/a><\/p>    <\/div>\n<\/div>\n<!-- \/module text -->        <\/div>\n                        <\/div>\n        <\/div>\n        <\/div>\n<!--\/themify_builder_content-->","protected":false},"excerpt":{"rendered":"<p>Cookie-Richtlinie Cookie-Richtlinie f\u00fcr Vinci \u2013 Executive Search Dies ist die Cookie-Richtlinie f\u00fcr Vinci \u2013 Executive Search, zug\u00e4nglich unter https:\/\/vinci-es.ch\/ Was sind Cookies? Wie bei fast allen professionellen Websites \u00fcblich, verwendet diese Website Cookies, kleine Dateien, die auf Ihren Computer heruntergeladen werden, um Ihr Erlebnis zu verbessern. Auf dieser Seite wird beschrieben, welche Informationen sie sammeln, [&hellip;]<\/p>","protected":false},"author":1,"featured_media":0,"parent":0,"menu_order":14,"comment_status":"closed","ping_status":"closed","template":"","meta":{"footnotes":""},"class_list":["post-1635","page","type-page","status-publish","hentry","has-post-title","has-post-date","has-post-category","has-post-tag","has-post-comment","has-post-author",""],"yoast_head":"<!-- This site is optimized with the Yoast SEO plugin v24.6 - https:\/\/yoast.com\/wordpress\/plugins\/seo\/ -->\n<title>Cookie Richtlinien - Vinci - Executive Search<\/title>\n<meta name=\"robots\" content=\"index, follow, max-snippet:-1, max-image-preview:large, max-video-preview:-1\" \/>\n<link rel=\"canonical\" href=\"https:\/\/vinci-es.ch\/fr\/cookie-richtlinien\/\" \/>\n<meta property=\"og:locale\" content=\"fr_FR\" \/>\n<meta property=\"og:type\" content=\"article\" \/>\n<meta property=\"og:title\" content=\"Cookie Richtlinien - Vinci - Executive Search\" \/>\n<meta property=\"og:description\" content=\"Cookie-Richtlinie Cookie-Richtlinie f\u00fcr Vinci \u2013 Executive Search Dies ist die Cookie-Richtlinie f\u00fcr Vinci \u2013 Executive Search, zug\u00e4nglich unter https:\/\/vinci-es.ch\/ Was sind Cookies? Wie bei fast allen professionellen Websites \u00fcblich, verwendet diese Website Cookies, kleine Dateien, die auf Ihren Computer heruntergeladen werden, um Ihr Erlebnis zu verbessern. Auf dieser Seite wird beschrieben, welche Informationen sie sammeln, [&hellip;]\" \/>\n<meta property=\"og:url\" content=\"https:\/\/vinci-es.ch\/fr\/cookie-richtlinien\/\" \/>\n<meta property=\"og:site_name\" content=\"Vinci - Executive Search\" \/>\n<meta property=\"article:modified_time\" content=\"2023-09-03T21:00:12+00:00\" \/>\n<meta name=\"twitter:card\" content=\"summary_large_image\" \/>\n<meta name=\"twitter:label1\" content=\"Dur\u00e9e de lecture estim\u00e9e\" \/>\n\t<meta name=\"twitter:data1\" content=\"3 minutes\" \/>\n<script type=\"application\/ld+json\" class=\"yoast-schema-graph\">{\"@context\":\"https:\/\/schema.org\",\"@graph\":[{\"@type\":\"WebPage\",\"@id\":\"https:\/\/vinci-es.ch\/cookie-richtlinien\/\",\"url\":\"https:\/\/vinci-es.ch\/cookie-richtlinien\/\",\"name\":\"Cookie Richtlinien - Vinci - Executive Search\",\"isPartOf\":{\"@id\":\"https:\/\/vinci-es.ch\/#website\"},\"datePublished\":\"2023-08-17T23:01:01+00:00\",\"dateModified\":\"2023-09-03T21:00:12+00:00\",\"breadcrumb\":{\"@id\":\"https:\/\/vinci-es.ch\/cookie-richtlinien\/#breadcrumb\"},\"inLanguage\":\"fr-FR\",\"potentialAction\":[{\"@type\":\"ReadAction\",\"target\":[\"https:\/\/vinci-es.ch\/cookie-richtlinien\/\"]}]},{\"@type\":\"BreadcrumbList\",\"@id\":\"https:\/\/vinci-es.ch\/cookie-richtlinien\/#breadcrumb\",\"itemListElement\":[{\"@type\":\"ListItem\",\"position\":1,\"name\":\"Startseite\",\"item\":\"https:\/\/vinci-es.ch\/\"},{\"@type\":\"ListItem\",\"position\":2,\"name\":\"Cookie Richtlinien\"}]},{\"@type\":\"WebSite\",\"@id\":\"https:\/\/vinci-es.ch\/#website\",\"url\":\"https:\/\/vinci-es.ch\/\",\"name\":\"Vinci - Executive Search\",\"description\":\"Executive Search\",\"potentialAction\":[{\"@type\":\"SearchAction\",\"target\":{\"@type\":\"EntryPoint\",\"urlTemplate\":\"https:\/\/vinci-es.ch\/?s={search_term_string}\"},\"query-input\":{\"@type\":\"PropertyValueSpecification\",\"valueRequired\":true,\"valueName\":\"search_term_string\"}}],\"inLanguage\":\"fr-FR\"}]}<\/script>\n<!-- \/ Yoast SEO plugin. -->","yoast_head_json":{"title":"Cookie Richtlinien - Vinci - Executive Search","robots":{"index":"index","follow":"follow","max-snippet":"max-snippet:-1","max-image-preview":"max-image-preview:large","max-video-preview":"max-video-preview:-1"},"canonical":"https:\/\/vinci-es.ch\/fr\/cookie-richtlinien\/","og_locale":"fr_FR","og_type":"article","og_title":"Cookie Richtlinien - Vinci - Executive Search","og_description":"Cookie-Richtlinie Cookie-Richtlinie f\u00fcr Vinci \u2013 Executive Search Dies ist die Cookie-Richtlinie f\u00fcr Vinci \u2013 Executive Search, zug\u00e4nglich unter https:\/\/vinci-es.ch\/ Was sind Cookies? Wie bei fast allen professionellen Websites \u00fcblich, verwendet diese Website Cookies, kleine Dateien, die auf Ihren Computer heruntergeladen werden, um Ihr Erlebnis zu verbessern. Auf dieser Seite wird beschrieben, welche Informationen sie sammeln, [&hellip;]","og_url":"https:\/\/vinci-es.ch\/fr\/cookie-richtlinien\/","og_site_name":"Vinci - Executive Search","article_modified_time":"2023-09-03T21:00:12+00:00","twitter_card":"summary_large_image","twitter_misc":{"Dur\u00e9e de lecture estim\u00e9e":"3 minutes"},"schema":{"@context":"https:\/\/schema.org","@graph":[{"@type":"WebPage","@id":"https:\/\/vinci-es.ch\/cookie-richtlinien\/","url":"https:\/\/vinci-es.ch\/cookie-richtlinien\/","name":"Cookie Richtlinien - Vinci - Executive Search","isPartOf":{"@id":"https:\/\/vinci-es.ch\/#website"},"datePublished":"2023-08-17T23:01:01+00:00","dateModified":"2023-09-03T21:00:12+00:00","breadcrumb":{"@id":"https:\/\/vinci-es.ch\/cookie-richtlinien\/#breadcrumb"},"inLanguage":"fr-FR","potentialAction":[{"@type":"ReadAction","target":["https:\/\/vinci-es.ch\/cookie-richtlinien\/"]}]},{"@type":"BreadcrumbList","@id":"https:\/\/vinci-es.ch\/cookie-richtlinien\/#breadcrumb","itemListElement":[{"@type":"ListItem","position":1,"name":"Startseite","item":"https:\/\/vinci-es.ch\/"},{"@type":"ListItem","position":2,"name":"Cookie Richtlinien"}]},{"@type":"WebSite","@id":"https:\/\/vinci-es.ch\/#website","url":"https:\/\/vinci-es.ch\/","name":"Vinci - Executive Search","description":"Executive Search","potentialAction":[{"@type":"SearchAction","target":{"@type":"EntryPoint","urlTemplate":"https:\/\/vinci-es.ch\/?s={search_term_string}"},"query-input":{"@type":"PropertyValueSpecification","valueRequired":true,"valueName":"search_term_string"}}],"inLanguage":"fr-FR"}]}},"builder_content":"<h6>Cookie-Richtlinie<\/h6>\n<h3>Cookie-Richtlinie f\u00fcr Vinci \u2013 Executive Search<\/h3> <p>Dies ist die Cookie-Richtlinie f\u00fcr Vinci \u2013 Executive Search, zug\u00e4nglich unter <a href=\"https:\/\/vinci-es.ch\/\">https:\/\/vinci-es.ch\/<\/a><\/p>\n<h3>Was sind Cookies?<\/h3> <p>Wie bei fast allen professionellen Websites \u00fcblich, verwendet diese Website Cookies, kleine Dateien, die auf Ihren Computer heruntergeladen werden, um Ihr Erlebnis zu verbessern. Auf dieser Seite wird beschrieben, welche Informationen sie sammeln, wie wir sie verwenden und warum wir diese Cookies manchmal speichern m\u00fcssen. Wir erkl\u00e4ren Ihnen auch, wie Sie die Speicherung dieser Cookies verhindern k\u00f6nnen. Dies kann jedoch zu einer Beeintr\u00e4chtigung oder \u201eBeeintr\u00e4chtigung\u201c bestimmter Elemente der Website-Funktionalit\u00e4t f\u00fchren.<\/p>\n<h3>Wie wir Cookies verwenden<\/h3> <p>Wir verwenden Cookies aus verschiedenen Gr\u00fcnden, die im Folgenden erl\u00e4utert werden. Leider gibt es in den meisten F\u00e4llen keine branchen\u00fcblichen Optionen zum Deaktivieren von Cookies, ohne die Funktionalit\u00e4t und Features, die sie dieser Website hinzuf\u00fcgen, vollst\u00e4ndig zu deaktivieren. Es wird empfohlen, alle Cookies aktiviert zu lassen, wenn Sie nicht sicher sind, ob Sie sie ben\u00f6tigen oder nicht, falls sie zur Bereitstellung eines von Ihnen genutzten Dienstes verwendet werden.<\/p>\n<h3>Cookies deaktivieren<\/h3> <p>Sie k\u00f6nnen das Setzen von Cookies verhindern, indem Sie die Einstellungen in Ihrem Browser anpassen (Informationen dazu finden Sie in der Hilfe Ihres Browsers). Beachten Sie, dass die Deaktivierung von Cookies die Funktionalit\u00e4t dieser und vieler anderer von Ihnen besuchter Websites beeintr\u00e4chtigt. Das Deaktivieren von Cookies f\u00fchrt in der Regel dazu, dass auch bestimmte Funktionen und Merkmale dieser Website deaktiviert werden. Daher wird empfohlen, Cookies nicht zu deaktivieren. Diese Cookie-Richtlinie wurde mit Hilfe des Cookies Policy Generator erstellt.<\/p>\n<h3>Die von uns gesetzten Cookies<\/h3> <p><strong>E-Mail-Newsletter-bezogene Cookies<\/strong><\/p> <p>Diese Website bietet Newsletter- oder E-Mail-Abonnementdienste an und Cookies k\u00f6nnen verwendet werden, um sich zu merken, ob Sie bereits registriert sind und ob bestimmte Benachrichtigungen angezeigt werden sollen, die m\u00f6glicherweise nur f\u00fcr abonnierte\/abgemeldete Benutzer g\u00fcltig sind.<\/p> <p><strong>Formularbezogene Cookies<\/strong><\/p> <p>Wenn Sie Daten \u00fcber ein Formular \u00fcbermitteln, wie es beispielsweise auf Kontaktseiten oder Kommentarformularen zu finden ist, k\u00f6nnen Cookies gesetzt werden, um Ihre Benutzerdaten f\u00fcr zuk\u00fcnftige Korrespondenz zu speichern.<\/p>\n<h3>Cookies von Drittanbietern<\/h3> <p>In einigen Sonderf\u00e4llen verwenden wir auch Cookies von vertrauensw\u00fcrdigen Dritten. Im folgenden Abschnitt erfahren Sie, auf welche Cookies von Drittanbietern Sie auf dieser Website sto\u00dfen k\u00f6nnten.<\/p> <p>Diese Website verwendet Google Analytics, eine der am weitesten verbreiteten und vertrauensw\u00fcrdigsten Analysel\u00f6sungen im Internet, die uns hilft zu verstehen, wie Sie die Website nutzen und wie wir Ihr Erlebnis verbessern k\u00f6nnen. Diese Cookies k\u00f6nnen beispielsweise erfassen, wie lange Sie auf der Website verbringen und welche Seiten Sie besuchen, damit wir weiterhin ansprechende Inhalte erstellen k\u00f6nnen.<\/p> <p>Weitere Informationen zu Google Analytics-Cookies finden Sie auf der offiziellen Google Analytics-Seite.<\/p> <p>Analysen von Drittanbietern werden verwendet, um die Nutzung dieser Website zu verfolgen und zu messen, damit wir weiterhin ansprechende Inhalte produzieren k\u00f6nnen. Diese Cookies k\u00f6nnen beispielsweise erfassen, wie lange Sie auf der Website oder den von Ihnen besuchten Seiten verbringen. Dies hilft uns zu verstehen, wie wir die Website f\u00fcr Sie verbessern k\u00f6nnen.<\/p>\n<h3>Mehr Informationen<\/h3> <p>Von Zeit zu Zeit testen wir neue Funktionen und nehmen geringf\u00fcgige \u00c4nderungen an der Art und Weise vor, wie die Website bereitgestellt wird. Wenn wir noch neue Funktionen testen, k\u00f6nnen diese Cookies verwendet werden, um sicherzustellen, dass Sie auf der Website ein einheitliches Erlebnis haben und gleichzeitig sicherstellen, dass wir verstehen, welche Optimierungen unsere Benutzer am meisten sch\u00e4tzen.<\/p> <p>Da wir Dienstleistungen anbieten, ist es f\u00fcr uns wichtig, Statistiken dar\u00fcber zu erhalten, wie viele Besucher unserer Website tats\u00e4chlich unser Angebot eingehen. Daher ist es die Art von Daten, die diese Cookies verfolgen. Dies ist f\u00fcr Sie wichtig, da wir so genaue Gesch\u00e4ftsvorhersagen treffen k\u00f6nnen, die es uns erm\u00f6glichen, unsere Werbe- und Dienstleistungskosten zu \u00fcberwachen, um das bestm\u00f6gliche Angebote sicherzustellen.<\/p> <p>Wenn Sie jedoch noch weitere Informationen suchen, k\u00f6nnen Sie uns \u00fcber eine unserer bevorzugten Kontaktmethoden kontaktieren:<\/p> <p>Durch den Besuch dieses <a href=\"https:\/\/vinci-es.ch\/kontakt\">Links<\/a><\/p>","_links":{"self":[{"href":"https:\/\/vinci-es.ch\/fr\/wp-json\/wp\/v2\/pages\/1635","targetHints":{"allow":["GET"]}}],"collection":[{"href":"https:\/\/vinci-es.ch\/fr\/wp-json\/wp\/v2\/pages"}],"about":[{"href":"https:\/\/vinci-es.ch\/fr\/wp-json\/wp\/v2\/types\/page"}],"author":[{"embeddable":true,"href":"https:\/\/vinci-es.ch\/fr\/wp-json\/wp\/v2\/users\/1"}],"replies":[{"embeddable":true,"href":"https:\/\/vinci-es.ch\/fr\/wp-json\/wp\/v2\/comments?post=1635"}],"version-history":[{"count":1,"href":"https:\/\/vinci-es.ch\/fr\/wp-json\/wp\/v2\/pages\/1635\/revisions"}],"predecessor-version":[{"id":1854,"href":"https:\/\/vinci-es.ch\/fr\/wp-json\/wp\/v2\/pages\/1635\/revisions\/1854"}],"wp:attachment":[{"href":"https:\/\/vinci-es.ch\/fr\/wp-json\/wp\/v2\/media?parent=1635"}],"curies":[{"name":"wp","href":"https:\/\/api.w.org\/{rel}","templated":true}]}}