{"id":654,"date":"2023-07-21T05:07:55","date_gmt":"2023-07-21T03:07:55","guid":{"rendered":"https:\/\/vinci-es.ch\/?page_id=654"},"modified":"2023-09-05T06:49:36","modified_gmt":"2023-09-05T04:49:36","slug":"newsletter","status":"publish","type":"page","link":"https:\/\/vinci-es.ch\/fr\/newsletter\/","title":{"rendered":"Newsletter"},"content":{"rendered":"<!--themify_builder_content-->\n<div id=\"themify_builder_content-654\" data-postid=\"654\" class=\"themify_builder_content themify_builder_content-654 themify_builder tf_clear\">\n                    <div  data-lazy=\"1\" class=\"module_row themify_builder_row tb_z0f9232 tb_first tf_w hide-mobile\">\n                        <div class=\"row_inner col_align_top tb_col_count_2 tf_box tf_rel\">\n                        <div  data-lazy=\"1\" class=\"module_column tb-column col4-2 tb_8r3w234 first\">\n                            <\/div>\n                    <div  data-lazy=\"1\" class=\"module_column tb-column col4-2 tb_fcd8234 last\">\n                            <\/div>\n                        <\/div>\n        <\/div>\n                        <div  data-lazy=\"1\" class=\"module_row themify_builder_row home-header tb_9wnr378 tf_w hide-desktop hide-tablet hide-tablet_landscape\">\n                        <div class=\"row_inner col_align_top tb_col_count_1 tf_box tf_rel\">\n                        <div  data-lazy=\"1\" class=\"module_column tb-column col-full tb_to3x379 first\">\n                            <\/div>\n                        <\/div>\n        <\/div>\n                        <div  data-css_id=\"yxwv232\" data-lazy=\"1\" class=\"module_row themify_builder_row fullwidth_row_container tb_yxwv232 tf_w\">\n                        <div class=\"row_inner col_align_top tb_col_count_1 tf_box tf_rel\">\n                        <div  data-lazy=\"1\" class=\"module_column tb-column col-full tb_x6nm235 first\">\n                    <!-- module text -->\n<div  class=\"module module-text tb_mjtd235 firsttitle repeat\" data-lazy=\"1\">\n        <div  class=\"tb_text_wrap\">\n        <h6>Abonnement \u00e0 la newsletter<\/h6>    <\/div>\n<\/div>\n<!-- \/module text -->        <div  data-lazy=\"1\" class=\"module_subrow themify_builder_sub_row tf_w col_align_top tb_col_count_1 tb_x7vb236\">\n                <div  data-lazy=\"1\" class=\"module_column sub_column col-full tb_qmmm236 first\">\n                    <!-- module text -->\n<div  class=\"module module-text tb_by1b905\" data-lazy=\"1\">\n    <h3 class=\"module-title\">D\u00e9couvrez l\u2019Executive Insight Newsletter de Vinci Executive Search SA.<\/h3>    <div  class=\"tb_text_wrap\">\n        <p>Bienvenue dans notre newsletter exclusive, sp\u00e9cialement con\u00e7ue pour les cadres et les entreprises en qu\u00eate d'excellence et de talents exceptionnels. Notre newsletter vous offre des insights pr\u00e9cieux dans le monde de la recherche de cadres et vous partage les derni\u00e8res tendances, les m\u00e9thodes \u00e9prouv\u00e9es et l'inspiration directement dans votre bo\u00eete de r\u00e9ception.<\/p>    <\/div>\n<\/div>\n<!-- \/module text -->        <\/div>\n                    <\/div>\n                <div  data-lazy=\"1\" class=\"module_subrow themify_builder_sub_row tf_w col_align_top tb_col_count_1 tb_eft9931\">\n                <div  data-lazy=\"1\" class=\"module_column sub_column col-full tb_uxpj932 first\">\n                            <\/div>\n                    <\/div>\n                <div  data-lazy=\"1\" class=\"module_subrow themify_builder_sub_row tf_w col_align_top tb_col_count_1 tb_ik7759\">\n                <div  data-lazy=\"1\" class=\"module_column sub_column col-full tb_mhlg59 first\">\n                    <!-- module text -->\n<div  class=\"module module-text tb_ptsl892\" data-lazy=\"1\">\n        <div  class=\"tb_text_wrap\">\n            <\/div>\n<\/div>\n<!-- \/module text --><!-- module text -->\n<div  class=\"module module-text tb_kt5r34\" data-lazy=\"1\">\n        <div  class=\"tb_text_wrap\">\n        \n    <\/div>\n<\/div>\n<!-- \/module text --><!-- module text -->\n<div  class=\"module module-text tb_bo23960\" data-lazy=\"1\">\n        <div  class=\"tb_text_wrap\">\n         \n\t\t\t<form id=\"sib_signup_form_7\" method=\"post\" class=\"sib_signup_form\" action=\"\">\n\t\t\t\t<div class=\"sib_loader\" style=\"display:none;\"><img\n\t\t\t\t\t\t\tsrc=\"https:\/\/vinci-es.ch\/wp-includes\/images\/spinner.gif\" alt=\"loader\"><\/div>\n\t\t\t\t<input type=\"hidden\" name=\"sib_form_action\" value=\"subscribe_form_submit\">\n\t\t\t\t<input type=\"hidden\" name=\"sib_form_id\" value=\"7\">\n                <input type=\"hidden\" name=\"sib_form_alert_notice\" value=\"Veuillez remplir les champs obligatoires\">\n                <input type=\"hidden\" name=\"sib_form_invalid_email_notice\" value=\"Votre adresse email est invalide\">\n                <input type=\"hidden\" name=\"sib_security\" value=\"e494418754\">\n\t\t\t\t<div class=\"sib_signup_box_inside_7\">\n\t\t\t\t\t<div style=\"\/*display:none*\/\" class=\"sib_msg_disp\">\n\t\t\t\t\t<\/div>\n                    \t\t\t\t\t<p class=\"sib-FIRSTNAME-area\"> \r\n    <label class=\"sib-FIRSTNAME-area\">Pr\u00e9nom *<\/label> \r\n    <input type=\"text\" class=\"sib-FIRSTNAME-area\" name=\"FIRSTNAME\" required=\"required\"> \r\n<\/p>\r\n<p class=\"sib-LASTNAME-area\"> \r\n    <label class=\"sib-LASTNAME-area\">Nom *<\/label> \r\n    <input type=\"text\" class=\"sib-LASTNAME-area\" name=\"LASTNAME\" required=\"required\"> \r\n<\/p>\r\n<p class=\"sib-email-area\">\r\n    <label class=\"sib-email-area\">Adresse e-mail *<\/label> \r\n    <input type=\"email\" class=\"sib-email-area\" name=\"email\" required=\"required\">\r\n<\/p>\r\n\r\n\r\n<div class=\"bcontainer\">\r\n<div class=\"bcolumn\">\r\n\r\n\r\n<p class=\"sib-multi-lists-area\">\r\n<label class=\"sib-FUNKTION-area\"><strong>Th\u00e8mes de la newsletter<\/strong><\/label> \r\n<div class=\"sib-multi-lists\" data-require=\"\">\r\n<div style=\"block\"><input type=\"checkbox\" class=\"sib-interesting-lists\" value=\"13\" name=\"listIDs[]\">Construction\/Technologie du b\u00e2timent\/\u00c9nergie<\/div>\r\n<div style=\"block\"><input type=\"checkbox\" class=\"sib-interesting-lists\" value=\"17\" name=\"listIDs[]\">Secteur Financier\/Banque\/Assurance<\/div>\r\n<div style=\"block\"><input type=\"checkbox\" class=\"sib-interesting-lists\" value=\"15\" name=\"listIDs[]\">Sant\u00e9\/Sciences de la vie<\/div>\r\n<div style=\"block\"><input type=\"checkbox\" class=\"sib-interesting-lists\" value=\"18\" name=\"listIDs[]\">Immobilier<\/div>\r\n<div style=\"block\"><input type=\"checkbox\" class=\"sib-interesting-lists\" value=\"14\" name=\"listIDs[]\">Industrie\/ing\u00e9nierie m\u00e9canique\/fabrication\/emballage<\/div>\r\n<div style=\"block\"><input type=\"checkbox\" class=\"sib-interesting-lists\" value=\"16\" name=\"listIDs[]\">Informatique\/technologie\/num\u00e9risation<\/div>\r\n<div style=\"block\"><input type=\"checkbox\" class=\"sib-interesting-lists\" value=\"20\" name=\"listIDs[]\">NPO<\/div>\r\n<div style=\"block\"><input type=\"checkbox\" class=\"sib-interesting-lists\" value=\"19\" name=\"listIDs[]\">Consommateur\/D\u00e9tail<\/div>\r\n<\/div><\/p>\r\n<\/div>\r\n\r\n<div class=\"bcolumn\">\r\n <p class=\"sib-FUNKTION-area\"> \r\n    <label class=\"sib-FUNKTION-area\"><strong>Fonction 1<\/strong><\/label> \r\n    <select class=\"sib-FUNKTION-area\" name=\"FUNKTION\" required=\"required\">\r\n      <option value=\"0\">Choisir ...<\/option>\r\n      <option value=\"1\">Conseil d'administration<\/option> \r\n      <option value=\"2\">CEO<\/option> \r\n      <option value=\"3\">CFO<\/option> \r\n      <option value=\"4\">CIO<\/option> \r\n      <option value=\"5\">CHRO\/HR<\/option> \r\n      <option value=\"6\">CTO<\/option>\r\n      <option value=\"9\">COO<\/option> \r\n      <option value=\"7\">Chef d'\u00e9quipe<\/option> \r\n      <option value=\"8\">Chef de projet<\/option> \r\n    <\/select> \r\n<\/p>\r\n<p class=\"sib-FUNKTION_2-area\"> \r\n    <label class=\"sib-FUNKTION_2-area\"><strong>Fonction 2<\/strong><\/label> \r\n    <select class=\"sib-FUNKTION_2-area\" name=\"FUNKTION_2\"> \r\n      <option value=\"0\">Choisir ...<\/option>\r\n      <option value=\"1\">Conseil d'administration<\/option> \r\n      <option value=\"2\">CEO<\/option> \r\n      <option value=\"3\">CFO<\/option> \r\n      <option value=\"4\">CIO<\/option> \r\n      <option value=\"5\">CHRO\/HR<\/option> \r\n      <option value=\"6\">CTO<\/option>\r\n      <option value=\"9\">COO<\/option>  \r\n      <option value=\"7\">Chef d'\u00e9quipe<\/option> \r\n      <option value=\"8\">Chef de projet<\/option> \r\n    <\/select> \r\n<\/p>\r\n\r\n<p class=\"sib-FUNKTION_3-area\"> \r\n    <label class=\"sib-FUNKTION_3-area\"><strong>Fonction 3<\/strong><\/label> \r\n    <select class=\"sib-FUNKTION_3-area\" name=\"FUNKTION_3\"> \r\n      <option value=\"0\">Choisir ...<\/option>\r\n      <option value=\"1\">Conseil d'administration<\/option> \r\n      <option value=\"2\">CEO<\/option> \r\n      <option value=\"3\">CFO<\/option> \r\n      <option value=\"4\">CIO<\/option> \r\n      <option value=\"5\">CHRO\/HR<\/option> \r\n      <option value=\"6\">CTO<\/option> \r\n      <option value=\"9\">COO<\/option> \r\n      <option value=\"7\">Chef d'\u00e9quipe<\/option> \r\n      <option value=\"8\">Projekt Manager<\/option> \r\n    <\/select> \r\n<\/p>\r\n<div><\/div><br>\r\n\r\n<p class=\"sib-SPRACHE-area\"> \r\n    <div style=\"display:block\"><label class=\"sib-FUNKTION-area\"><strong>Langue<\/strong><\/label><\/div> \r\n    <div style=\"display:block\"><input type=\"radio\" class=\"sib-SPRACHE-area\" name=\"SPRACHE\" value=\"1\">Deutsch<\/div> \r\n    <div style=\"display:block\"><input type=\"radio\" class=\"sib-SPRACHE-area\" name=\"SPRACHE\" value=\"2\">Fran\u00e7ais<\/div> \r\n    <div style=\"display:block\"><input type=\"radio\" class=\"sib-SPRACHE-area\" name=\"SPRACHE\" value=\"3\">English<\/div> \r\n<\/p>\r\n <\/div>\r\n<\/div>\r\n\r\n<p>Votre adresse \u00e9lectronique sera utilis\u00e9e exclusivement pour l'envoi de notre newsletter et d'informations sur les activit\u00e9s de Vinci Executive Search SA. Vous pouvez \u00e0 tout moment utiliser le lien de d\u00e9sabonnement inclus dans le bulletin d'information.<\/br><\/br><\/p>\r\n\r\n<input type=\"checkbox\" name=\"terms\" required=\"required\">J\u2019accepte que ce site internet stocke mes donn\u00e9es transmises conform\u00e9ment \u00e0 la RGPD pour r\u00e9pondre \u00e0 ma demande.\r\n<p>\r\n    <input type=\"submit\" class=\"sib-default-btn\" value=\"S&#039;inscrire\">\r\n<\/p>\t\t\t\t<\/div>\n\t\t\t<input type=\"hidden\" name=\"trp-form-language\" value=\"fr\"\/><\/form>\n\t\t\t<style>\n\t\t\t\tform#sib_signup_form_7 { padding: 5px; -moz-box-sizing:border-box; -webkit-box-sizing: border-box; box-sizing: border-box; } form#sib_signup_form_7 input[type=text],form#sib_signup_form_7 input[type=email], form#sib_signup_form_7 select { width: 100%; border: 1px solid #bbb; height: auto; margin: 5px 0 0 0; } form#sib_signup_form_7 .sib-default-btn { margin: 5px 0; padding: 6px 12px; color:#fff; background-color: #333; border-color: #2E2E2E; font-size: 14px; font-weight:400; line-height: 1.4285; text-align: center; cursor: pointer; vertical-align: middle; -webkit-user-select:none; -moz-user-select:none; -ms-user-select:none; user-select:none; white-space: normal; border:1px solid transparent; border-radius: 3px; } form#sib_signup_form_7 .sib-default-btn:hover { background-color: #444; } form#sib_signup_form_7 p{ margin: 10px 0 0 0; } .bcontainer { display: flex; } .bcolumn { flex: 1; padding: 20px; border: 1px solid #ccc; }form#sib_signup_form_7 p.sib-alert-message {\n    padding: 6px 12px;\n    margin-bottom: 20px;\n    border: 1px solid transparent;\n    border-radius: 4px;\n    -webkit-box-sizing: border-box;\n    -moz-box-sizing: border-box;\n    box-sizing: border-box;\n}\nform#sib_signup_form_7 p.sib-alert-message-error {\n    background-color: #f2dede;\n    border-color: #ebccd1;\n    color: #a94442;\n}\nform#sib_signup_form_7 p.sib-alert-message-success {\n    background-color: #dff0d8;\n    border-color: #d6e9c6;\n    color: #3c763d;\n}\nform#sib_signup_form_7 p.sib-alert-message-warning {\n    background-color: #fcf8e3;\n    border-color: #faebcc;\n    color: #8a6d3b;\n}\n\t\t\t<\/style>\n\t\t\t \n    <\/div>\n<\/div>\n<!-- \/module text -->        <\/div>\n                    <\/div>\n                <\/div>\n                        <\/div>\n        <\/div>\n        <\/div>\n<!--\/themify_builder_content-->","protected":false},"excerpt":{"rendered":"<p>Abonnement \u00e0 la newsletter<\/p>","protected":false},"author":1,"featured_media":0,"parent":0,"menu_order":10,"comment_status":"closed","ping_status":"closed","template":"","meta":{"footnotes":""},"class_list":["post-654","page","type-page","status-publish","hentry","has-post-title","has-post-date","has-post-category","has-post-tag","has-post-comment","has-post-author",""],"yoast_head":"<!-- This site is optimized with the Yoast SEO plugin v24.6 - https:\/\/yoast.com\/wordpress\/plugins\/seo\/ -->\n<title>Newsletter - Vinci - Executive Search<\/title>\n<meta name=\"robots\" content=\"index, follow, max-snippet:-1, max-image-preview:large, max-video-preview:-1\" \/>\n<link rel=\"canonical\" href=\"https:\/\/vinci-es.ch\/fr\/newsletter\/\" \/>\n<meta property=\"og:locale\" content=\"fr_FR\" \/>\n<meta property=\"og:type\" content=\"article\" \/>\n<meta property=\"og:title\" content=\"Newsletter - Vinci - Executive Search\" \/>\n<meta property=\"og:description\" content=\"Newsletter Abo\" \/>\n<meta property=\"og:url\" content=\"https:\/\/vinci-es.ch\/fr\/newsletter\/\" \/>\n<meta property=\"og:site_name\" content=\"Vinci - Executive Search\" \/>\n<meta property=\"article:modified_time\" content=\"2023-09-05T04:49:36+00:00\" \/>\n<meta name=\"twitter:card\" content=\"summary_large_image\" \/>\n<script type=\"application\/ld+json\" class=\"yoast-schema-graph\">{\"@context\":\"https:\/\/schema.org\",\"@graph\":[{\"@type\":\"WebPage\",\"@id\":\"https:\/\/vinci-es.ch\/newsletter\/\",\"url\":\"https:\/\/vinci-es.ch\/newsletter\/\",\"name\":\"Newsletter - Vinci - Executive Search\",\"isPartOf\":{\"@id\":\"https:\/\/vinci-es.ch\/#website\"},\"datePublished\":\"2023-07-21T03:07:55+00:00\",\"dateModified\":\"2023-09-05T04:49:36+00:00\",\"breadcrumb\":{\"@id\":\"https:\/\/vinci-es.ch\/newsletter\/#breadcrumb\"},\"inLanguage\":\"fr-FR\",\"potentialAction\":[{\"@type\":\"ReadAction\",\"target\":[\"https:\/\/vinci-es.ch\/newsletter\/\"]}]},{\"@type\":\"BreadcrumbList\",\"@id\":\"https:\/\/vinci-es.ch\/newsletter\/#breadcrumb\",\"itemListElement\":[{\"@type\":\"ListItem\",\"position\":1,\"name\":\"Startseite\",\"item\":\"https:\/\/vinci-es.ch\/\"},{\"@type\":\"ListItem\",\"position\":2,\"name\":\"Newsletter\"}]},{\"@type\":\"WebSite\",\"@id\":\"https:\/\/vinci-es.ch\/#website\",\"url\":\"https:\/\/vinci-es.ch\/\",\"name\":\"Vinci - Executive Search\",\"description\":\"Executive Search\",\"potentialAction\":[{\"@type\":\"SearchAction\",\"target\":{\"@type\":\"EntryPoint\",\"urlTemplate\":\"https:\/\/vinci-es.ch\/?s={search_term_string}\"},\"query-input\":{\"@type\":\"PropertyValueSpecification\",\"valueRequired\":true,\"valueName\":\"search_term_string\"}}],\"inLanguage\":\"fr-FR\"}]}<\/script>\n<!-- \/ Yoast SEO plugin. -->","yoast_head_json":{"title":"Newsletter - Vinci - Executive Search","robots":{"index":"index","follow":"follow","max-snippet":"max-snippet:-1","max-image-preview":"max-image-preview:large","max-video-preview":"max-video-preview:-1"},"canonical":"https:\/\/vinci-es.ch\/fr\/newsletter\/","og_locale":"fr_FR","og_type":"article","og_title":"Newsletter - Vinci - Executive Search","og_description":"Newsletter Abo","og_url":"https:\/\/vinci-es.ch\/fr\/newsletter\/","og_site_name":"Vinci - Executive Search","article_modified_time":"2023-09-05T04:49:36+00:00","twitter_card":"summary_large_image","schema":{"@context":"https:\/\/schema.org","@graph":[{"@type":"WebPage","@id":"https:\/\/vinci-es.ch\/newsletter\/","url":"https:\/\/vinci-es.ch\/newsletter\/","name":"Newsletter - Vinci - Executive Search","isPartOf":{"@id":"https:\/\/vinci-es.ch\/#website"},"datePublished":"2023-07-21T03:07:55+00:00","dateModified":"2023-09-05T04:49:36+00:00","breadcrumb":{"@id":"https:\/\/vinci-es.ch\/newsletter\/#breadcrumb"},"inLanguage":"fr-FR","potentialAction":[{"@type":"ReadAction","target":["https:\/\/vinci-es.ch\/newsletter\/"]}]},{"@type":"BreadcrumbList","@id":"https:\/\/vinci-es.ch\/newsletter\/#breadcrumb","itemListElement":[{"@type":"ListItem","position":1,"name":"Startseite","item":"https:\/\/vinci-es.ch\/"},{"@type":"ListItem","position":2,"name":"Newsletter"}]},{"@type":"WebSite","@id":"https:\/\/vinci-es.ch\/#website","url":"https:\/\/vinci-es.ch\/","name":"Vinci - Executive Search","description":"Executive Search","potentialAction":[{"@type":"SearchAction","target":{"@type":"EntryPoint","urlTemplate":"https:\/\/vinci-es.ch\/?s={search_term_string}"},"query-input":{"@type":"PropertyValueSpecification","valueRequired":true,"valueName":"search_term_string"}}],"inLanguage":"fr-FR"}]}},"builder_content":"<h6>Newsletter Abo<\/h6>\n<h3>Entdecken Sie den Executive Insight Newsletter von Vinci Executive Search AG<\/h3> <p>Willkommen bei unserem exklusiven Newsletter, der speziell f\u00fcr F\u00fchrungskr\u00e4fte und Unternehmen konzipiert ist, die auf der Suche nach Spitzenleistungen und au\u00dfergew\u00f6hnlichen Talenten sind. Unser Newsletter bietet Ihnen wertvolle Einblicke in die Welt der Executive Search und liefert Ihnen aktuelle Trends, bew\u00e4hrte Methoden und Inspiration direkt in Ihr Postfach.<\/p>\n<p>[trp_language language=\"de_CH\"] [sibwp_form id=5] [\/trp_language]<\/p>\n<p>[trp_language language=\"en_GB\"] [sibwp_form id=6] [\/trp_language]<\/p>\n<p>[trp_language language=\"fr_FR\"] [sibwp_form id=7] [\/trp_language]<\/p>","_links":{"self":[{"href":"https:\/\/vinci-es.ch\/fr\/wp-json\/wp\/v2\/pages\/654","targetHints":{"allow":["GET"]}}],"collection":[{"href":"https:\/\/vinci-es.ch\/fr\/wp-json\/wp\/v2\/pages"}],"about":[{"href":"https:\/\/vinci-es.ch\/fr\/wp-json\/wp\/v2\/types\/page"}],"author":[{"embeddable":true,"href":"https:\/\/vinci-es.ch\/fr\/wp-json\/wp\/v2\/users\/1"}],"replies":[{"embeddable":true,"href":"https:\/\/vinci-es.ch\/fr\/wp-json\/wp\/v2\/comments?post=654"}],"version-history":[{"count":12,"href":"https:\/\/vinci-es.ch\/fr\/wp-json\/wp\/v2\/pages\/654\/revisions"}],"predecessor-version":[{"id":1915,"href":"https:\/\/vinci-es.ch\/fr\/wp-json\/wp\/v2\/pages\/654\/revisions\/1915"}],"wp:attachment":[{"href":"https:\/\/vinci-es.ch\/fr\/wp-json\/wp\/v2\/media?parent=654"}],"curies":[{"name":"wp","href":"https:\/\/api.w.org\/{rel}","templated":true}]}}