{"id":681,"date":"2023-07-23T06:11:42","date_gmt":"2023-07-23T04:11:42","guid":{"rendered":"https:\/\/vinci-es.ch\/?page_id=681"},"modified":"2023-09-03T23:01:21","modified_gmt":"2023-09-03T21:01:21","slug":"executive-search","status":"publish","type":"page","link":"https:\/\/vinci-es.ch\/fr\/executive-search\/","title":{"rendered":"Executive Search"},"content":{"rendered":"<!--themify_builder_content-->\n<div id=\"themify_builder_content-681\" data-postid=\"681\" class=\"themify_builder_content themify_builder_content-681 themify_builder tf_clear\">\n                    <div  data-lazy=\"1\" class=\"module_row themify_builder_row tb_z0f9232 tb_first tf_w hide-mobile\">\n                        <div class=\"row_inner col_align_top tb_col_count_2 tf_box tf_rel\">\n                        <div  data-lazy=\"1\" class=\"module_column tb-column col4-2 tb_8r3w234 first\">\n                            <\/div>\n                    <div  data-lazy=\"1\" class=\"module_column tb-column col4-2 tb_fcd8234 last\">\n                            <\/div>\n                        <\/div>\n        <\/div>\n                        <div  data-lazy=\"1\" class=\"module_row themify_builder_row home-header tb_3s7j265 tf_w hide-desktop hide-tablet hide-tablet_landscape\">\n                        <div class=\"row_inner col_align_top tb_col_count_1 tf_box tf_rel\">\n                        <div  data-lazy=\"1\" class=\"module_column tb-column col-full tb_axlt265 first\">\n                            <\/div>\n                        <\/div>\n        <\/div>\n                        <div  data-css_id=\"yxwv232\" data-lazy=\"1\" class=\"module_row themify_builder_row fullwidth_row_container tb_yxwv232 tf_w\">\n                        <div class=\"row_inner col_align_top tb_col_count_1 tf_box tf_rel\">\n                        <div  data-lazy=\"1\" class=\"module_column tb-column col-full tb_x6nm235 first\">\n                    <!-- module text -->\n<div  class=\"module module-text tb_mjtd235 firsttitle repeat\" data-lazy=\"1\">\n        <div  class=\"tb_text_wrap\">\n        <h6>Executive Search<\/h6>    <\/div>\n<\/div>\n<!-- \/module text --><!-- module text -->\n<div  class=\"module module-text tb_9h4e235\" data-lazy=\"1\">\n        <div  class=\"tb_text_wrap\">\n        <h3>Gr\u00e2ce \u00e0 notre vaste r\u00e9seau dans divers secteurs, allant de la construction, de l'industrie, du life science, en passant par les secteurs de la sant\u00e9, des biens de consommation et des services financiers, nous disposons d'un vaste bassin de candidats potentiels pour votre entreprise. Nos processus sont hautement professionnels, notre m\u00e9thodologie est con\u00e7ue pour trouver le meilleur ajustement entre les postes vacants et les candidats.<\/h3>    <\/div>\n<\/div>\n<!-- \/module text -->        <div  data-lazy=\"1\" class=\"module_subrow themify_builder_sub_row tf_w col_align_top tb_col_count_2 tb_x7vb236\">\n                <div  data-lazy=\"1\" class=\"module_column sub_column col4-2 tb_qmmm236 first\">\n                    <!-- module text -->\n<div  class=\"module module-text tb_au2m236\" data-lazy=\"1\">\n    <h3 class=\"module-title\">Identifier et analyser vos besoins<\/h3>    <div  class=\"tb_text_wrap\">\n        <p>En dialoguant directement avec les d\u00e9cideurs, nous saisissons les exigences pr\u00e9cises, les t\u00e2ches, les d\u00e9fis, et \u00e9laborons une description de poste compl\u00e8te. Apr\u00e8s votre confirmation, cette description sert de base pour les discussions avec les candidats potentiels.<\/p>    <\/div>\n<\/div>\n<!-- \/module text -->        <\/div>\n                    <div  data-lazy=\"1\" class=\"module_column sub_column col4-2 tb_kgm0236 last\">\n                    <!-- module text -->\n<div  class=\"module module-text tb_4kjr822\" data-lazy=\"1\">\n    <h3 class=\"module-title\">Des profils adapt\u00e9s \u00e0 vos besoins<\/h3>    <div  class=\"tb_text_wrap\">\n        <p>Vinci Executive Search SA privil\u00e9gie l'approche de la chasse de t\u00eate active. Nous approchons directement les candidats potentiels et n'affichons pas les postes. Cela repose sur notre conviction que cette m\u00e9thode nous permet d'acc\u00e9der aux meilleurs professionnels et dirigeants avec le plus haut degr\u00e9 de discr\u00e9tion et d'efficacit\u00e9.<\/p>    <\/div>\n<\/div>\n<!-- \/module text -->        <\/div>\n                    <\/div>\n                <div  data-lazy=\"1\" class=\"module_subrow themify_builder_sub_row tf_w col_align_top tb_col_count_2 tb_tt3s946\">\n                <div  data-lazy=\"1\" class=\"module_column sub_column col4-2 tb_lihk947 first\">\n                    <!-- module text -->\n<div  class=\"module module-text tb_2u3r947\" data-lazy=\"1\">\n    <h3 class=\"module-title\">\u00c9valuation des candidats<\/h3>    <div  class=\"tb_text_wrap\">\n        <p>Une fois que nous avons identifi\u00e9 des candidats qualifi\u00e9s, nous effectuons une pr\u00e9s\u00e9lection lors d\u2019entretiens avec eux. Cette pr\u00e9s\u00e9lection est bas\u00e9e sur les besoins identifi\u00e9s et d\u00e9finis avec vous.<\/p>    <\/div>\n<\/div>\n<!-- \/module text -->        <\/div>\n                    <div  data-lazy=\"1\" class=\"module_column sub_column col4-2 tb_anra947 last\">\n                    <!-- module text -->\n<div  class=\"module module-text tb_iuzt947\" data-lazy=\"1\">\n    <h3 class=\"module-title\">Pr\u00e9sentation des meilleurs candidats<\/h3>    <div  class=\"tb_text_wrap\">\n        <p>Apr\u00e8s la pr\u00e9s\u00e9lection, nous vous \u00e9tablissons un dossier complet comprenant un r\u00e9sum\u00e9 ex\u00e9cutif des candidats. De plus, nous vous envoyons un rapport de progression chaque semaine pour vous tenir inform\u00e9 de l\u2019avancement du processus de recrutement.<\/p>    <\/div>\n<\/div>\n<!-- \/module text -->        <\/div>\n                    <\/div>\n                <div  data-lazy=\"1\" class=\"module_subrow themify_builder_sub_row tf_w col_align_top tb_col_count_2 tb_z066692\">\n                <div  data-lazy=\"1\" class=\"module_column sub_column col4-2 tb_nxy0692 first\">\n                    <!-- module text -->\n<div  class=\"module module-text tb_leql693\" data-lazy=\"1\">\n    <h3 class=\"module-title\">Aide \u00e0 la d\u00e9cision<\/h3>    <div  class=\"tb_text_wrap\">\n        <p>Nous participons aux entretiens pour vous soutenir dans le processus de recrutement. De plus, la recherche peut \u00eatre adapt\u00e9e en fonction des besoins.\u00a0<\/p>    <\/div>\n<\/div>\n<!-- \/module text -->        <\/div>\n                    <div  data-lazy=\"1\" class=\"module_column sub_column col4-2 tb_dbgp693 last\">\n                    <!-- module text -->\n<div  class=\"module module-text tb_l9jd693\" data-lazy=\"1\">\n    <h3 class=\"module-title\">Suivi<\/h3>    <div  class=\"tb_text_wrap\">\n        <p>Nous accordons une grande importance \u00e0 \u00e9tablir des relations solides et de confiance avec nos clients et nos candidats. Notre engagement va au-del\u00e0 de la simple s\u00e9lection de candidats - nous \u00e9valuons la collaboration entre vous et le candidat au cours de la premi\u00e8re ann\u00e9e. De plus, nous offrons une garantie d'au moins 12 mois.<\/p>    <\/div>\n<\/div>\n<!-- \/module text -->        <\/div>\n                    <\/div>\n        <!-- module text -->\n<div  class=\"module module-text tb_gd0e663\" data-lazy=\"1\">\n        <div  class=\"tb_text_wrap\">\n        <p>Nous attendons avec plaisir votre prise de <a href=\"https:\/\/vinci-es.ch\/fr\/kontakt\/\">contact<\/a>.<\/p>    <\/div>\n<\/div>\n<!-- \/module text -->        <\/div>\n                        <\/div>\n        <\/div>\n        <\/div>\n<!--\/themify_builder_content-->","protected":false},"excerpt":{"rendered":"<p>Executive Search Durch unser breites Netzwerk in verschiedensten Sektoren, von der Bau- und Industriebranche hin zu Life Sciences, Gesundheitssektor, FMCG und Financial Services, verf\u00fcgen wir \u00fcber einen grossen Pool an potentiellen Kandidaten f\u00fcr Ihr Unternehmen. Unsere Prozesse sind hoch professionell, unsere Methodik darauf abgestimmt, den besten Fit zwischen vakanter Position und Kandidaten zu finden Ihre [&hellip;]<\/p>","protected":false},"author":1,"featured_media":0,"parent":0,"menu_order":4,"comment_status":"closed","ping_status":"closed","template":"","meta":{"footnotes":""},"class_list":["post-681","page","type-page","status-publish","hentry","has-post-title","has-post-date","has-post-category","has-post-tag","has-post-comment","has-post-author",""],"yoast_head":"<!-- This site is optimized with the Yoast SEO plugin v24.6 - https:\/\/yoast.com\/wordpress\/plugins\/seo\/ -->\n<title>Executive Search - Vinci - Executive Search<\/title>\n<meta name=\"robots\" content=\"index, follow, max-snippet:-1, max-image-preview:large, max-video-preview:-1\" \/>\n<link rel=\"canonical\" href=\"https:\/\/vinci-es.ch\/fr\/executive-search\/\" \/>\n<meta property=\"og:locale\" content=\"fr_FR\" \/>\n<meta property=\"og:type\" content=\"article\" \/>\n<meta property=\"og:title\" content=\"Executive Search - Vinci - Executive Search\" \/>\n<meta property=\"og:description\" content=\"Executive Search Durch unser breites Netzwerk in verschiedensten Sektoren, von der Bau- und Industriebranche hin zu Life Sciences, Gesundheitssektor, FMCG und Financial Services, verf\u00fcgen wir \u00fcber einen grossen Pool an potentiellen Kandidaten f\u00fcr Ihr Unternehmen. Unsere Prozesse sind hoch professionell, unsere Methodik darauf abgestimmt, den besten Fit zwischen vakanter Position und Kandidaten zu finden Ihre [&hellip;]\" \/>\n<meta property=\"og:url\" content=\"https:\/\/vinci-es.ch\/fr\/executive-search\/\" \/>\n<meta property=\"og:site_name\" content=\"Vinci - Executive Search\" \/>\n<meta property=\"article:modified_time\" content=\"2023-09-03T21:01:21+00:00\" \/>\n<meta name=\"twitter:card\" content=\"summary_large_image\" \/>\n<meta name=\"twitter:label1\" content=\"Dur\u00e9e de lecture estim\u00e9e\" \/>\n\t<meta name=\"twitter:data1\" content=\"1 minute\" \/>\n<script type=\"application\/ld+json\" class=\"yoast-schema-graph\">{\"@context\":\"https:\/\/schema.org\",\"@graph\":[{\"@type\":\"WebPage\",\"@id\":\"https:\/\/vinci-es.ch\/executive-search\/\",\"url\":\"https:\/\/vinci-es.ch\/executive-search\/\",\"name\":\"Executive Search - Vinci - Executive Search\",\"isPartOf\":{\"@id\":\"https:\/\/vinci-es.ch\/#website\"},\"datePublished\":\"2023-07-23T04:11:42+00:00\",\"dateModified\":\"2023-09-03T21:01:21+00:00\",\"breadcrumb\":{\"@id\":\"https:\/\/vinci-es.ch\/executive-search\/#breadcrumb\"},\"inLanguage\":\"fr-FR\",\"potentialAction\":[{\"@type\":\"ReadAction\",\"target\":[\"https:\/\/vinci-es.ch\/executive-search\/\"]}]},{\"@type\":\"BreadcrumbList\",\"@id\":\"https:\/\/vinci-es.ch\/executive-search\/#breadcrumb\",\"itemListElement\":[{\"@type\":\"ListItem\",\"position\":1,\"name\":\"Startseite\",\"item\":\"https:\/\/vinci-es.ch\/\"},{\"@type\":\"ListItem\",\"position\":2,\"name\":\"Executive Search\"}]},{\"@type\":\"WebSite\",\"@id\":\"https:\/\/vinci-es.ch\/#website\",\"url\":\"https:\/\/vinci-es.ch\/\",\"name\":\"Vinci - Executive Search\",\"description\":\"Executive Search\",\"potentialAction\":[{\"@type\":\"SearchAction\",\"target\":{\"@type\":\"EntryPoint\",\"urlTemplate\":\"https:\/\/vinci-es.ch\/?s={search_term_string}\"},\"query-input\":{\"@type\":\"PropertyValueSpecification\",\"valueRequired\":true,\"valueName\":\"search_term_string\"}}],\"inLanguage\":\"fr-FR\"}]}<\/script>\n<!-- \/ Yoast SEO plugin. -->","yoast_head_json":{"title":"Executive Search - Vinci - Executive Search","robots":{"index":"index","follow":"follow","max-snippet":"max-snippet:-1","max-image-preview":"max-image-preview:large","max-video-preview":"max-video-preview:-1"},"canonical":"https:\/\/vinci-es.ch\/fr\/executive-search\/","og_locale":"fr_FR","og_type":"article","og_title":"Executive Search - Vinci - Executive Search","og_description":"Executive Search Durch unser breites Netzwerk in verschiedensten Sektoren, von der Bau- und Industriebranche hin zu Life Sciences, Gesundheitssektor, FMCG und Financial Services, verf\u00fcgen wir \u00fcber einen grossen Pool an potentiellen Kandidaten f\u00fcr Ihr Unternehmen. Unsere Prozesse sind hoch professionell, unsere Methodik darauf abgestimmt, den besten Fit zwischen vakanter Position und Kandidaten zu finden Ihre [&hellip;]","og_url":"https:\/\/vinci-es.ch\/fr\/executive-search\/","og_site_name":"Vinci - Executive Search","article_modified_time":"2023-09-03T21:01:21+00:00","twitter_card":"summary_large_image","twitter_misc":{"Dur\u00e9e de lecture estim\u00e9e":"1 minute"},"schema":{"@context":"https:\/\/schema.org","@graph":[{"@type":"WebPage","@id":"https:\/\/vinci-es.ch\/executive-search\/","url":"https:\/\/vinci-es.ch\/executive-search\/","name":"Executive Search - Vinci - Executive Search","isPartOf":{"@id":"https:\/\/vinci-es.ch\/#website"},"datePublished":"2023-07-23T04:11:42+00:00","dateModified":"2023-09-03T21:01:21+00:00","breadcrumb":{"@id":"https:\/\/vinci-es.ch\/executive-search\/#breadcrumb"},"inLanguage":"fr-FR","potentialAction":[{"@type":"ReadAction","target":["https:\/\/vinci-es.ch\/executive-search\/"]}]},{"@type":"BreadcrumbList","@id":"https:\/\/vinci-es.ch\/executive-search\/#breadcrumb","itemListElement":[{"@type":"ListItem","position":1,"name":"Startseite","item":"https:\/\/vinci-es.ch\/"},{"@type":"ListItem","position":2,"name":"Executive Search"}]},{"@type":"WebSite","@id":"https:\/\/vinci-es.ch\/#website","url":"https:\/\/vinci-es.ch\/","name":"Vinci - Executive Search","description":"Executive Search","potentialAction":[{"@type":"SearchAction","target":{"@type":"EntryPoint","urlTemplate":"https:\/\/vinci-es.ch\/?s={search_term_string}"},"query-input":{"@type":"PropertyValueSpecification","valueRequired":true,"valueName":"search_term_string"}}],"inLanguage":"fr-FR"}]}},"builder_content":"<h6>Executive Search<\/h6>\n<h3>Durch unser breites Netzwerk in verschiedensten Sektoren, von der Bau- und Industriebranche hin zu Life Sciences, Gesundheitssektor, FMCG und Financial Services, verf\u00fcgen wir \u00fcber einen grossen Pool an potentiellen Kandidaten f\u00fcr Ihr Unternehmen. Unsere Prozesse sind hoch professionell, unsere Methodik darauf abgestimmt, den besten Fit zwischen vakanter Position und Kandidaten zu finden<\/h3>\n<h3>Ihre Bed\u00fcrfnisse identifizieren und analysieren<\/h3> <p>Indem wir direkt mit den Entscheidungstr\u00e4gern sprechen, erfassen wir pr\u00e4zise Anforderungen, Aufgaben, Herausforderungen und erstellen eine umfassende Funktionsbeschreibung. Nach Ihrer Best\u00e4tigung dient diese Beschreibung als Grundlage f\u00fcr Gespr\u00e4che mit potenziellen Kandidaten.<\/p>\n<h3>Auf Ihre Bed\u00fcrfnisse abgestimmte Profile<\/h3> <p>Vinci Executive Search AG setzt auf Active Sourcing. Wir sprechen potenziell Kandidaten direkt an und schreiben die Stellen nicht aus. Das liegt an unserer \u00dcberzeugung, dass wir auf diesem Weg mit dem h\u00f6chsten Mass an Diskretion und Effizienz auf die besten Fach- und F\u00fchrungskr\u00e4fte zugreifen k\u00f6nnen.<\/p>\n<h3>Bewertung von Bewerber \/ innen<\/h3> <p>Haben wir qualifizierte Bewerber\/innen gefunden, nehmen wir in Gespr\u00e4chen mit ihnen eine Vorselektion vor. Die Vorselektion beruht auf den mit Ihnen identifizierten Bed\u00fcrfnissen.<\/p>\n<h3>Vorstellen der besten Bewerber \/ innen<\/h3> <p>Nach erfolgter Vorselektion, erstellen wir Ihnen ein vollumf\u00e4ngliches Dossier mit Executive Summary \u00fcber die Kandidaten. Dazu senden wir Ihnen jede Woche einen Fortschrittsbericht, damit Sie einen \u00dcberblick \u00fcber den Rekrutierungsprozess erhalten.<\/p>\n<h3>Entscheidungshilfe<\/h3> <p>Wir sind bei den Vorstellungsgespr\u00e4chen dabei, um Sie bei der strategischen Rekrutierung zu unterst\u00fctzen. Zus\u00e4tzlich kann die Suche nach Bedarf angepasst werden.\u00a0<\/p>\n<h3>Nachbearbeitung<\/h3> <p>Wir legen grossen Wert auf robuste und vertrauensvolle Beziehungen zu unseren Kunden und Kandidaten. Unser Einsatz geht \u00fcber die blosse Kandidatenauswahl hinaus \u2013 wir evaluieren die Zusammenarbeit zwischen Ihnen und dem Kandidaten im ersten Jahr. Ausserdem bieten wir eine Garantie von mindestens 12 Monaten.<\/p>\n<p>Wir freuen uns auf Ihre unverbindliche <a href=\"https:\/\/vinci-es.ch\/kontakt\/\">Kontaktaufnahme<\/a>.<\/p>","_links":{"self":[{"href":"https:\/\/vinci-es.ch\/fr\/wp-json\/wp\/v2\/pages\/681","targetHints":{"allow":["GET"]}}],"collection":[{"href":"https:\/\/vinci-es.ch\/fr\/wp-json\/wp\/v2\/pages"}],"about":[{"href":"https:\/\/vinci-es.ch\/fr\/wp-json\/wp\/v2\/types\/page"}],"author":[{"embeddable":true,"href":"https:\/\/vinci-es.ch\/fr\/wp-json\/wp\/v2\/users\/1"}],"replies":[{"embeddable":true,"href":"https:\/\/vinci-es.ch\/fr\/wp-json\/wp\/v2\/comments?post=681"}],"version-history":[{"count":1,"href":"https:\/\/vinci-es.ch\/fr\/wp-json\/wp\/v2\/pages\/681\/revisions"}],"predecessor-version":[{"id":1855,"href":"https:\/\/vinci-es.ch\/fr\/wp-json\/wp\/v2\/pages\/681\/revisions\/1855"}],"wp:attachment":[{"href":"https:\/\/vinci-es.ch\/fr\/wp-json\/wp\/v2\/media?parent=681"}],"curies":[{"name":"wp","href":"https:\/\/api.w.org\/{rel}","templated":true}]}}