{"id":696,"date":"2023-07-23T06:24:26","date_gmt":"2023-07-23T04:24:26","guid":{"rendered":"https:\/\/vinci-es.ch\/?page_id=696"},"modified":"2023-09-03T22:59:26","modified_gmt":"2023-09-03T20:59:26","slug":"assessments","status":"publish","type":"page","link":"https:\/\/vinci-es.ch\/fr\/assessments\/","title":{"rendered":"Assessment"},"content":{"rendered":"<!--themify_builder_content-->\n<div id=\"themify_builder_content-696\" data-postid=\"696\" class=\"themify_builder_content themify_builder_content-696 themify_builder tf_clear\">\n                    <div  data-lazy=\"1\" class=\"module_row themify_builder_row tb_z0f9232 tb_first tf_w hide-mobile\">\n                        <div class=\"row_inner col_align_top tb_col_count_2 tf_box tf_rel\">\n                        <div  data-lazy=\"1\" class=\"module_column tb-column col4-2 tb_8r3w234 first\">\n                            <\/div>\n                    <div  data-lazy=\"1\" class=\"module_column tb-column col4-2 tb_fcd8234 last\">\n                            <\/div>\n                        <\/div>\n        <\/div>\n                        <div  data-lazy=\"1\" class=\"module_row themify_builder_row home-header tb_3s7j265 tf_w hide-desktop hide-tablet hide-tablet_landscape\">\n                        <div class=\"row_inner col_align_top tb_col_count_1 tf_box tf_rel\">\n                        <div  data-lazy=\"1\" class=\"module_column tb-column col-full tb_axlt265 first\">\n                            <\/div>\n                        <\/div>\n        <\/div>\n                        <div  data-css_id=\"yxwv232\" data-lazy=\"1\" class=\"module_row themify_builder_row fullwidth_row_container tb_yxwv232 tf_w\">\n                        <div class=\"row_inner col_align_top tb_col_count_1 tf_box tf_rel\">\n                        <div  data-lazy=\"1\" class=\"module_column tb-column col-full tb_x6nm235 first\">\n                    <!-- module text -->\n<div  class=\"module module-text tb_mjtd235 firsttitle repeat\" data-lazy=\"1\">\n        <div  class=\"tb_text_wrap\">\n        <h6>Assessment<\/h6>    <\/div>\n<\/div>\n<!-- \/module text --><!-- module text -->\n<div  class=\"module module-text tb_9h4e235\" data-lazy=\"1\">\n        <div  class=\"tb_text_wrap\">\n        <h3>Afin de garantir un ajustement optimal entre les candidats et votre entreprise, Vinci Executive Search SA propose des \u00e9valuations approfondies. Les Assessments peuvent \u00eatre polyvalents et adapt\u00e9es \u00e0 vos besoins.<\/h3>    <\/div>\n<\/div>\n<!-- \/module text -->        <div  data-lazy=\"1\" class=\"module_subrow themify_builder_sub_row tf_w col_align_top tb_col_count_2 tb_x7vb236\">\n                <div  data-lazy=\"1\" class=\"module_column sub_column col4-2 tb_qmmm236 first\">\n                    <!-- module text -->\n<div  class=\"module module-text tb_au2m236\" data-lazy=\"1\">\n    <h3 class=\"module-title\">\u00c9valuation de s\u00e9lection<\/h3>    <div  class=\"tb_text_wrap\">\n        <p>Nous soutenons votre organisation en identifiant les talents. \u00c0 l'aide d'une s\u00e9rie de tests psychom\u00e9triques, de mises en situation, d'entretiens structur\u00e9s et d'exercices de pr\u00e9sentation, nous analysons les comp\u00e9tences cognitives et comportementales d'une personne ainsi que son potentiel \u00e0 avoir un impact positif sur son environnement.<\/p>    <\/div>\n<\/div>\n<!-- \/module text -->        <\/div>\n                    <div  data-lazy=\"1\" class=\"module_column sub_column col4-2 tb_kgm0236 last\">\n                    <!-- module text -->\n<div  class=\"module module-text tb_4kjr822\" data-lazy=\"1\">\n    <h3 class=\"module-title\">\u00c9valuation de d\u00e9veloppement<\/h3>    <div  class=\"tb_text_wrap\">\n        <p>Nous identifions \u00e9galement le potentiel de d\u00e9veloppement des candidats et des collaborateurs pour faciliter leur int\u00e9gration au sein de votre organisation.<\/p>    <\/div>\n<\/div>\n<!-- \/module text -->        <\/div>\n                    <\/div>\n        <!-- module text -->\n<div  class=\"module module-text tb_g28m491\" data-lazy=\"1\">\n        <div  class=\"tb_text_wrap\">\n        <p>Nous attendons avec plaisir votre prise de <a href=\"https:\/\/vinci-es.ch\/fr\/kontakt\/\">contact<\/a>.<\/p>    <\/div>\n<\/div>\n<!-- \/module text -->        <\/div>\n                        <\/div>\n        <\/div>\n                        <div  data-css_id=\"k944427\" data-lazy=\"1\" class=\"module_row themify_builder_row fullwidth_row_container tb_k944427 tf_w\">\n                        <div class=\"row_inner col_align_top tb_col_count_1 tf_box tf_rel\">\n                        <div  data-lazy=\"1\" class=\"module_column tb-column col-full tb_9js0427 first\">\n                    <!-- module text -->\n<div  class=\"module module-text tb_xdkj427 secondtitle repeat\" data-lazy=\"1\">\n        <div  class=\"tb_text_wrap\">\n        <h6 style=\"text-align: right;\">Efficacit\u00e9<\/h6>    <\/div>\n<\/div>\n<!-- \/module text --><!-- module text -->\n<div  class=\"module module-text tb_nrk9428\" data-lazy=\"1\">\n        <div  class=\"tb_text_wrap\">\n        <h3>Les \u00e9valuations donnent des r\u00e9sultats plus fins lorsqu'il est fait usage de plusieurs m\u00e9thodes simultan\u00e9ment. C'est pourquoi nous \u00e9laborons conjointement avec vous un programme sur mesure afin de garantir des r\u00e9sultats de recrutement optimaux.<\/h3>    <\/div>\n<\/div>\n<!-- \/module text --><!-- module image -->\n<div  class=\"module module-image tb_sa1n985 image-top   tf_mw\" data-lazy=\"1\">\n        <div class=\"image-wrap tf_rel tf_mw\">\n            <img loading=\"lazy\" decoding=\"async\" width=\"1447\" height=\"644\" src=\"https:\/\/vinci-es.ch\/wp-content\/uploads\/2024\/01\/vinci-executive-search-assessments-franz.jpg\" class=\"wp-post-image wp-image-872\" title=\"vinci-executive-search-assessment-wirksamkeit\" alt=\"vinci-executive-search-assessment-wirksamkeit\" srcset=\"https:\/\/vinci-es.ch\/wp-content\/uploads\/2024\/01\/vinci-executive-search-assessments-franz.jpg 1782w, https:\/\/vinci-es.ch\/wp-content\/uploads\/2024\/01\/vinci-executive-search-assessments-franz-300x137.jpg 300w, https:\/\/vinci-es.ch\/wp-content\/uploads\/2024\/01\/vinci-executive-search-assessments-franz-1024x469.jpg 1024w, https:\/\/vinci-es.ch\/wp-content\/uploads\/2024\/01\/vinci-executive-search-assessments-franz-768x352.jpg 768w, https:\/\/vinci-es.ch\/wp-content\/uploads\/2024\/01\/vinci-executive-search-assessments-franz-1536x703.jpg 1536w, https:\/\/vinci-es.ch\/wp-content\/uploads\/2024\/01\/vinci-executive-search-assessments-franz-18x8.jpg 18w\" sizes=\"auto, (max-width: 1447px) 100vw, 1447px\" \/>    \n        <\/div>\n    <!-- \/image-wrap -->\n    \n        <\/div>\n<!-- \/module image -->        <\/div>\n                        <\/div>\n        <\/div>\n        <\/div>\n<!--\/themify_builder_content-->","protected":false},"excerpt":{"rendered":"<p>Assessments Um den optimalen Fit zwischen Kandidaten und Ihrem Unternehmen zu gew\u00e4hrleisten, bietet Vinci Executive Search AG Assessments an. Assessments k\u00f6nnen vielseitig und auf Ihre Bed\u00fcrfnisse abgestimmt eingesetzt werden. Selektionsassessment Wir unterst\u00fctzen Ihre Organisation, indem wir Talente identifizieren. Mit einer Reihe an psychometrischen Test, Rollenspielen, strukturierten Interviews und Pr\u00e4sentations\u00fcbungen, analysieren wir die kognitiven und behavioralen [&hellip;]<\/p>","protected":false},"author":1,"featured_media":0,"parent":0,"menu_order":3,"comment_status":"closed","ping_status":"closed","template":"","meta":{"footnotes":""},"class_list":["post-696","page","type-page","status-publish","hentry","has-post-title","has-post-date","has-post-category","has-post-tag","has-post-comment","has-post-author",""],"yoast_head":"<!-- This site is optimized with the Yoast SEO plugin v24.6 - https:\/\/yoast.com\/wordpress\/plugins\/seo\/ -->\n<title>Assessments - Vinci - Executive Search<\/title>\n<meta name=\"robots\" content=\"index, follow, max-snippet:-1, max-image-preview:large, max-video-preview:-1\" \/>\n<link rel=\"canonical\" href=\"https:\/\/vinci-es.ch\/fr\/assessments\/\" \/>\n<meta property=\"og:locale\" content=\"fr_FR\" \/>\n<meta property=\"og:type\" content=\"article\" \/>\n<meta property=\"og:title\" content=\"Assessments - Vinci - Executive Search\" \/>\n<meta property=\"og:description\" content=\"Assessments Um den optimalen Fit zwischen Kandidaten und Ihrem Unternehmen zu gew\u00e4hrleisten, bietet Vinci Executive Search AG Assessments an. Assessments k\u00f6nnen vielseitig und auf Ihre Bed\u00fcrfnisse abgestimmt eingesetzt werden. Selektionsassessment Wir unterst\u00fctzen Ihre Organisation, indem wir Talente identifizieren. Mit einer Reihe an psychometrischen Test, Rollenspielen, strukturierten Interviews und Pr\u00e4sentations\u00fcbungen, analysieren wir die kognitiven und behavioralen [&hellip;]\" \/>\n<meta property=\"og:url\" content=\"https:\/\/vinci-es.ch\/fr\/assessments\/\" \/>\n<meta property=\"og:site_name\" content=\"Vinci - Executive Search\" \/>\n<meta property=\"article:modified_time\" content=\"2023-09-03T20:59:26+00:00\" \/>\n<meta name=\"twitter:card\" content=\"summary_large_image\" \/>\n<meta name=\"twitter:label1\" content=\"Dur\u00e9e de lecture estim\u00e9e\" \/>\n\t<meta name=\"twitter:data1\" content=\"1 minute\" \/>\n<script type=\"application\/ld+json\" class=\"yoast-schema-graph\">{\"@context\":\"https:\/\/schema.org\",\"@graph\":[{\"@type\":\"WebPage\",\"@id\":\"https:\/\/vinci-es.ch\/assessments\/\",\"url\":\"https:\/\/vinci-es.ch\/assessments\/\",\"name\":\"Assessments - Vinci - Executive Search\",\"isPartOf\":{\"@id\":\"https:\/\/vinci-es.ch\/#website\"},\"primaryImageOfPage\":{\"@id\":\"https:\/\/vinci-es.ch\/assessments\/#primaryimage\"},\"image\":{\"@id\":\"https:\/\/vinci-es.ch\/assessments\/#primaryimage\"},\"thumbnailUrl\":\"https:\/\/vinci-es.ch\/wp-content\/uploads\/2023\/07\/vinci-executive-search-assessment-wirksamkeit.jpg\",\"datePublished\":\"2023-07-23T04:24:26+00:00\",\"dateModified\":\"2023-09-03T20:59:26+00:00\",\"breadcrumb\":{\"@id\":\"https:\/\/vinci-es.ch\/assessments\/#breadcrumb\"},\"inLanguage\":\"fr-FR\",\"potentialAction\":[{\"@type\":\"ReadAction\",\"target\":[\"https:\/\/vinci-es.ch\/assessments\/\"]}]},{\"@type\":\"ImageObject\",\"inLanguage\":\"fr-FR\",\"@id\":\"https:\/\/vinci-es.ch\/assessments\/#primaryimage\",\"url\":\"https:\/\/vinci-es.ch\/wp-content\/uploads\/2023\/07\/vinci-executive-search-assessment-wirksamkeit.jpg\",\"contentUrl\":\"https:\/\/vinci-es.ch\/wp-content\/uploads\/2023\/07\/vinci-executive-search-assessment-wirksamkeit.jpg\"},{\"@type\":\"BreadcrumbList\",\"@id\":\"https:\/\/vinci-es.ch\/assessments\/#breadcrumb\",\"itemListElement\":[{\"@type\":\"ListItem\",\"position\":1,\"name\":\"Startseite\",\"item\":\"https:\/\/vinci-es.ch\/\"},{\"@type\":\"ListItem\",\"position\":2,\"name\":\"Assessments\"}]},{\"@type\":\"WebSite\",\"@id\":\"https:\/\/vinci-es.ch\/#website\",\"url\":\"https:\/\/vinci-es.ch\/\",\"name\":\"Vinci - Executive Search\",\"description\":\"Executive Search\",\"potentialAction\":[{\"@type\":\"SearchAction\",\"target\":{\"@type\":\"EntryPoint\",\"urlTemplate\":\"https:\/\/vinci-es.ch\/?s={search_term_string}\"},\"query-input\":{\"@type\":\"PropertyValueSpecification\",\"valueRequired\":true,\"valueName\":\"search_term_string\"}}],\"inLanguage\":\"fr-FR\"}]}<\/script>\n<!-- \/ Yoast SEO plugin. -->","yoast_head_json":{"title":"Assessments - Vinci - Executive Search","robots":{"index":"index","follow":"follow","max-snippet":"max-snippet:-1","max-image-preview":"max-image-preview:large","max-video-preview":"max-video-preview:-1"},"canonical":"https:\/\/vinci-es.ch\/fr\/assessments\/","og_locale":"fr_FR","og_type":"article","og_title":"Assessments - Vinci - Executive Search","og_description":"Assessments Um den optimalen Fit zwischen Kandidaten und Ihrem Unternehmen zu gew\u00e4hrleisten, bietet Vinci Executive Search AG Assessments an. Assessments k\u00f6nnen vielseitig und auf Ihre Bed\u00fcrfnisse abgestimmt eingesetzt werden. Selektionsassessment Wir unterst\u00fctzen Ihre Organisation, indem wir Talente identifizieren. Mit einer Reihe an psychometrischen Test, Rollenspielen, strukturierten Interviews und Pr\u00e4sentations\u00fcbungen, analysieren wir die kognitiven und behavioralen [&hellip;]","og_url":"https:\/\/vinci-es.ch\/fr\/assessments\/","og_site_name":"Vinci - Executive Search","article_modified_time":"2023-09-03T20:59:26+00:00","twitter_card":"summary_large_image","twitter_misc":{"Dur\u00e9e de lecture estim\u00e9e":"1 minute"},"schema":{"@context":"https:\/\/schema.org","@graph":[{"@type":"WebPage","@id":"https:\/\/vinci-es.ch\/assessments\/","url":"https:\/\/vinci-es.ch\/assessments\/","name":"Assessments - Vinci - Executive Search","isPartOf":{"@id":"https:\/\/vinci-es.ch\/#website"},"primaryImageOfPage":{"@id":"https:\/\/vinci-es.ch\/assessments\/#primaryimage"},"image":{"@id":"https:\/\/vinci-es.ch\/assessments\/#primaryimage"},"thumbnailUrl":"https:\/\/vinci-es.ch\/wp-content\/uploads\/2023\/07\/vinci-executive-search-assessment-wirksamkeit.jpg","datePublished":"2023-07-23T04:24:26+00:00","dateModified":"2023-09-03T20:59:26+00:00","breadcrumb":{"@id":"https:\/\/vinci-es.ch\/assessments\/#breadcrumb"},"inLanguage":"fr-FR","potentialAction":[{"@type":"ReadAction","target":["https:\/\/vinci-es.ch\/assessments\/"]}]},{"@type":"ImageObject","inLanguage":"fr-FR","@id":"https:\/\/vinci-es.ch\/assessments\/#primaryimage","url":"https:\/\/vinci-es.ch\/wp-content\/uploads\/2023\/07\/vinci-executive-search-assessment-wirksamkeit.jpg","contentUrl":"https:\/\/vinci-es.ch\/wp-content\/uploads\/2023\/07\/vinci-executive-search-assessment-wirksamkeit.jpg"},{"@type":"BreadcrumbList","@id":"https:\/\/vinci-es.ch\/assessments\/#breadcrumb","itemListElement":[{"@type":"ListItem","position":1,"name":"Startseite","item":"https:\/\/vinci-es.ch\/"},{"@type":"ListItem","position":2,"name":"Assessments"}]},{"@type":"WebSite","@id":"https:\/\/vinci-es.ch\/#website","url":"https:\/\/vinci-es.ch\/","name":"Vinci - Executive Search","description":"Executive Search","potentialAction":[{"@type":"SearchAction","target":{"@type":"EntryPoint","urlTemplate":"https:\/\/vinci-es.ch\/?s={search_term_string}"},"query-input":{"@type":"PropertyValueSpecification","valueRequired":true,"valueName":"search_term_string"}}],"inLanguage":"fr-FR"}]}},"builder_content":"<h6>Assessments<\/h6>\n<h3>Um den optimalen Fit zwischen Kandidaten und Ihrem Unternehmen zu gew\u00e4hrleisten, bietet Vinci Executive Search AG Assessments an. Assessments k\u00f6nnen vielseitig und auf Ihre Bed\u00fcrfnisse abgestimmt eingesetzt werden.<\/h3>\n<h3>Selektionsassessment<\/h3> <p>Wir unterst\u00fctzen Ihre Organisation, indem wir Talente identifizieren. Mit einer Reihe an psychometrischen Test, Rollenspielen, strukturierten Interviews und Pr\u00e4sentations\u00fcbungen, analysieren wir die kognitiven und behavioralen F\u00e4higkeiten einer Person sowie ihr Potential, einen positiven Einfluss auf ihr Umfeld zu nehmen.<\/p>\n<h3>Entwicklungsassessment<\/h3> <p>Dar\u00fcber hinaus identifizieren wir Entwicklungspotentiale von Kandidaten und Mitarbeitenden, um die Eingliederung in Ihre Organisation zu erleichtern.<\/p>\n<p>Wir freuen uns auf Ihre unverbindliche <a href=\"https:\/\/vinci-es.ch\/kontakt\/\">Kontaktaufnahme<\/a>.<\/p>\n<h6 style=\"text-align: right;\">Wirksamkeit<\/h6>\n<h3>Assessments funktionieren am besten, wenn mehrere Methoden gleichzeitig verwendet werden. Deshalb erarbeiten wir mit Ihnen gemeinsam ein massgeschneidertes Programm, um die optimalen Rekrutierungsoutcomes zu gew\u00e4hrleisten.<\/h3>\n<img src=\"https:\/\/vinci-es.ch\/wp-content\/uploads\/2023\/07\/vinci-executive-search-assessment-wirksamkeit.jpg\" title=\"vinci-executive-search-assessment-wirksamkeit\" alt=\"vinci-executive-search-assessment-wirksamkeit\" srcset=\"https:\/\/vinci-es.ch\/wp-content\/uploads\/2023\/07\/vinci-executive-search-assessment-wirksamkeit.jpg 1447w, https:\/\/vinci-es.ch\/wp-content\/uploads\/2023\/07\/vinci-executive-search-assessment-wirksamkeit-300x134.jpg 300w, https:\/\/vinci-es.ch\/wp-content\/uploads\/2023\/07\/vinci-executive-search-assessment-wirksamkeit-1024x456.jpg 1024w, https:\/\/vinci-es.ch\/wp-content\/uploads\/2023\/07\/vinci-executive-search-assessment-wirksamkeit-768x342.jpg 768w, https:\/\/vinci-es.ch\/wp-content\/uploads\/2023\/07\/vinci-executive-search-assessment-wirksamkeit-18x8.jpg 18w\" sizes=\"(max-width: 1447px) 100vw, 1447px\" \/>","_links":{"self":[{"href":"https:\/\/vinci-es.ch\/fr\/wp-json\/wp\/v2\/pages\/696","targetHints":{"allow":["GET"]}}],"collection":[{"href":"https:\/\/vinci-es.ch\/fr\/wp-json\/wp\/v2\/pages"}],"about":[{"href":"https:\/\/vinci-es.ch\/fr\/wp-json\/wp\/v2\/types\/page"}],"author":[{"embeddable":true,"href":"https:\/\/vinci-es.ch\/fr\/wp-json\/wp\/v2\/users\/1"}],"replies":[{"embeddable":true,"href":"https:\/\/vinci-es.ch\/fr\/wp-json\/wp\/v2\/comments?post=696"}],"version-history":[{"count":2,"href":"https:\/\/vinci-es.ch\/fr\/wp-json\/wp\/v2\/pages\/696\/revisions"}],"predecessor-version":[{"id":1850,"href":"https:\/\/vinci-es.ch\/fr\/wp-json\/wp\/v2\/pages\/696\/revisions\/1850"}],"wp:attachment":[{"href":"https:\/\/vinci-es.ch\/fr\/wp-json\/wp\/v2\/media?parent=696"}],"curies":[{"name":"wp","href":"https:\/\/api.w.org\/{rel}","templated":true}]}}