{"id":701,"date":"2023-07-23T06:26:20","date_gmt":"2023-07-23T04:26:20","guid":{"rendered":"https:\/\/vinci-es.ch\/?page_id=701"},"modified":"2023-09-03T23:00:03","modified_gmt":"2023-09-03T21:00:03","slug":"coaching","status":"publish","type":"page","link":"https:\/\/vinci-es.ch\/fr\/coaching\/","title":{"rendered":"Coaching"},"content":{"rendered":"<!--themify_builder_content-->\n<div id=\"themify_builder_content-701\" data-postid=\"701\" class=\"themify_builder_content themify_builder_content-701 themify_builder tf_clear\">\n                    <div  data-lazy=\"1\" class=\"module_row themify_builder_row tb_z0f9232 tb_first tf_w hide-mobile\">\n                        <div class=\"row_inner col_align_top tb_col_count_2 tf_box tf_rel\">\n                        <div  data-lazy=\"1\" class=\"module_column tb-column col4-2 tb_8r3w234 first\">\n                            <\/div>\n                    <div  data-lazy=\"1\" class=\"module_column tb-column col4-2 tb_fcd8234 last\">\n                            <\/div>\n                        <\/div>\n        <\/div>\n                        <div  data-lazy=\"1\" class=\"module_row themify_builder_row home-header tb_3s7j265 tf_w hide-desktop hide-tablet hide-tablet_landscape\">\n                        <div class=\"row_inner col_align_top tb_col_count_1 tf_box tf_rel\">\n                        <div  data-lazy=\"1\" class=\"module_column tb-column col-full tb_axlt265 first\">\n                            <\/div>\n                        <\/div>\n        <\/div>\n                        <div  data-css_id=\"yxwv232\" data-lazy=\"1\" class=\"module_row themify_builder_row fullwidth_row_container tb_yxwv232 tf_w\">\n                        <div class=\"row_inner col_align_top tb_col_count_1 tf_box tf_rel\">\n                        <div  data-lazy=\"1\" class=\"module_column tb-column col-full tb_x6nm235 first\">\n                    <!-- module text -->\n<div  class=\"module module-text tb_mjtd235 firsttitle repeat\" data-lazy=\"1\">\n        <div  class=\"tb_text_wrap\">\n        <h6>Coaching<\/h6>    <\/div>\n<\/div>\n<!-- \/module text --><!-- module text -->\n<div  class=\"module module-text tb_9h4e235\" data-lazy=\"1\">\n        <div  class=\"tb_text_wrap\">\n        <h3>Pour d\u00e9velopper les comp\u00e9tences de vos employ\u00e9s, Vinci Executive Search SA propose des s\u00e9ances de coaching sur mesure. Ces derni\u00e8res conviennent parfaitement aux collaborateurs \u00e0 fort potentiel et \u00e0 la pr\u00e9paration des premi\u00e8res exp\u00e9riences de management. Nous utilisons des outils tels que des analyses de personnalit\u00e9 et mettons en place des mesures de d\u00e9veloppement cibl\u00e9es pour favoriser la croissance de vos employ\u00e9s.<\/h3>    <\/div>\n<\/div>\n<!-- \/module text --><!-- module text -->\n<div  class=\"module module-text tb_tqrk105\" data-lazy=\"1\">\n        <div  class=\"tb_text_wrap\">\n        <p>Nous attendons avec plaisir votre prise de <a href=\"https:\/\/vinci-es.ch\/fr\/kontakt\/\">contact<\/a>.<\/p>    <\/div>\n<\/div>\n<!-- \/module text -->        <\/div>\n                        <\/div>\n        <\/div>\n        <\/div>\n<!--\/themify_builder_content-->","protected":false},"excerpt":{"rendered":"<p>Coaching F\u00fcr den Ausbau der F\u00e4higkeiten Ihrer Mitarbeitenden bietet Vinci Executive Search AG massgeschneiderte Coachings an. Diese eignen sich ideal f\u00fcr High Potential Mitarbeitende und zur Vorbereitung auf erste F\u00fchrungserfahrung. Dabei bedienen wir uns an Tools wie Pers\u00f6nlichkeitsanalysen und setzen gezielte F\u00f6rderungsmassnahmen ein, um Ihre Mitarbeitenden zu entwickeln. Wir freuen uns auf Ihre unverbindliche Kontaktaufnahme.<\/p>","protected":false},"author":1,"featured_media":0,"parent":0,"menu_order":7,"comment_status":"closed","ping_status":"closed","template":"","meta":{"footnotes":""},"class_list":["post-701","page","type-page","status-publish","hentry","has-post-title","has-post-date","has-post-category","has-post-tag","has-post-comment","has-post-author",""],"yoast_head":"<!-- This site is optimized with the Yoast SEO plugin v24.6 - https:\/\/yoast.com\/wordpress\/plugins\/seo\/ -->\n<title>Coaching - Vinci - Executive Search<\/title>\n<meta name=\"robots\" content=\"index, follow, max-snippet:-1, max-image-preview:large, max-video-preview:-1\" \/>\n<link rel=\"canonical\" href=\"https:\/\/vinci-es.ch\/fr\/coaching\/\" \/>\n<meta property=\"og:locale\" content=\"fr_FR\" \/>\n<meta property=\"og:type\" content=\"article\" \/>\n<meta property=\"og:title\" content=\"Coaching - Vinci - Executive Search\" \/>\n<meta property=\"og:description\" content=\"Coaching F\u00fcr den Ausbau der F\u00e4higkeiten Ihrer Mitarbeitenden bietet Vinci Executive Search AG massgeschneiderte Coachings an. Diese eignen sich ideal f\u00fcr High Potential Mitarbeitende und zur Vorbereitung auf erste F\u00fchrungserfahrung. Dabei bedienen wir uns an Tools wie Pers\u00f6nlichkeitsanalysen und setzen gezielte F\u00f6rderungsmassnahmen ein, um Ihre Mitarbeitenden zu entwickeln. Wir freuen uns auf Ihre unverbindliche Kontaktaufnahme.\" \/>\n<meta property=\"og:url\" content=\"https:\/\/vinci-es.ch\/fr\/coaching\/\" \/>\n<meta property=\"og:site_name\" content=\"Vinci - Executive Search\" \/>\n<meta property=\"article:modified_time\" content=\"2023-09-03T21:00:03+00:00\" \/>\n<meta name=\"twitter:card\" content=\"summary_large_image\" \/>\n<script type=\"application\/ld+json\" class=\"yoast-schema-graph\">{\"@context\":\"https:\/\/schema.org\",\"@graph\":[{\"@type\":\"WebPage\",\"@id\":\"https:\/\/vinci-es.ch\/coaching\/\",\"url\":\"https:\/\/vinci-es.ch\/coaching\/\",\"name\":\"Coaching - Vinci - Executive Search\",\"isPartOf\":{\"@id\":\"https:\/\/vinci-es.ch\/#website\"},\"datePublished\":\"2023-07-23T04:26:20+00:00\",\"dateModified\":\"2023-09-03T21:00:03+00:00\",\"breadcrumb\":{\"@id\":\"https:\/\/vinci-es.ch\/coaching\/#breadcrumb\"},\"inLanguage\":\"fr-FR\",\"potentialAction\":[{\"@type\":\"ReadAction\",\"target\":[\"https:\/\/vinci-es.ch\/coaching\/\"]}]},{\"@type\":\"BreadcrumbList\",\"@id\":\"https:\/\/vinci-es.ch\/coaching\/#breadcrumb\",\"itemListElement\":[{\"@type\":\"ListItem\",\"position\":1,\"name\":\"Startseite\",\"item\":\"https:\/\/vinci-es.ch\/\"},{\"@type\":\"ListItem\",\"position\":2,\"name\":\"Coaching\"}]},{\"@type\":\"WebSite\",\"@id\":\"https:\/\/vinci-es.ch\/#website\",\"url\":\"https:\/\/vinci-es.ch\/\",\"name\":\"Vinci - Executive Search\",\"description\":\"Executive Search\",\"potentialAction\":[{\"@type\":\"SearchAction\",\"target\":{\"@type\":\"EntryPoint\",\"urlTemplate\":\"https:\/\/vinci-es.ch\/?s={search_term_string}\"},\"query-input\":{\"@type\":\"PropertyValueSpecification\",\"valueRequired\":true,\"valueName\":\"search_term_string\"}}],\"inLanguage\":\"fr-FR\"}]}<\/script>\n<!-- \/ Yoast SEO plugin. -->","yoast_head_json":{"title":"Coaching - Vinci - Executive Search","robots":{"index":"index","follow":"follow","max-snippet":"max-snippet:-1","max-image-preview":"max-image-preview:large","max-video-preview":"max-video-preview:-1"},"canonical":"https:\/\/vinci-es.ch\/fr\/coaching\/","og_locale":"fr_FR","og_type":"article","og_title":"Coaching - Vinci - Executive Search","og_description":"Coaching F\u00fcr den Ausbau der F\u00e4higkeiten Ihrer Mitarbeitenden bietet Vinci Executive Search AG massgeschneiderte Coachings an. Diese eignen sich ideal f\u00fcr High Potential Mitarbeitende und zur Vorbereitung auf erste F\u00fchrungserfahrung. Dabei bedienen wir uns an Tools wie Pers\u00f6nlichkeitsanalysen und setzen gezielte F\u00f6rderungsmassnahmen ein, um Ihre Mitarbeitenden zu entwickeln. Wir freuen uns auf Ihre unverbindliche Kontaktaufnahme.","og_url":"https:\/\/vinci-es.ch\/fr\/coaching\/","og_site_name":"Vinci - Executive Search","article_modified_time":"2023-09-03T21:00:03+00:00","twitter_card":"summary_large_image","schema":{"@context":"https:\/\/schema.org","@graph":[{"@type":"WebPage","@id":"https:\/\/vinci-es.ch\/coaching\/","url":"https:\/\/vinci-es.ch\/coaching\/","name":"Coaching - Vinci - Executive Search","isPartOf":{"@id":"https:\/\/vinci-es.ch\/#website"},"datePublished":"2023-07-23T04:26:20+00:00","dateModified":"2023-09-03T21:00:03+00:00","breadcrumb":{"@id":"https:\/\/vinci-es.ch\/coaching\/#breadcrumb"},"inLanguage":"fr-FR","potentialAction":[{"@type":"ReadAction","target":["https:\/\/vinci-es.ch\/coaching\/"]}]},{"@type":"BreadcrumbList","@id":"https:\/\/vinci-es.ch\/coaching\/#breadcrumb","itemListElement":[{"@type":"ListItem","position":1,"name":"Startseite","item":"https:\/\/vinci-es.ch\/"},{"@type":"ListItem","position":2,"name":"Coaching"}]},{"@type":"WebSite","@id":"https:\/\/vinci-es.ch\/#website","url":"https:\/\/vinci-es.ch\/","name":"Vinci - Executive Search","description":"Executive Search","potentialAction":[{"@type":"SearchAction","target":{"@type":"EntryPoint","urlTemplate":"https:\/\/vinci-es.ch\/?s={search_term_string}"},"query-input":{"@type":"PropertyValueSpecification","valueRequired":true,"valueName":"search_term_string"}}],"inLanguage":"fr-FR"}]}},"builder_content":"<h6>Coaching<\/h6>\n<h3>F\u00fcr den Ausbau der F\u00e4higkeiten Ihrer Mitarbeitenden bietet Vinci Executive Search AG massgeschneiderte Coachings an. Diese eignen sich ideal f\u00fcr High Potential Mitarbeitende und zur Vorbereitung auf erste F\u00fchrungserfahrung. Dabei bedienen wir uns an Tools wie Pers\u00f6nlichkeitsanalysen und setzen gezielte F\u00f6rderungsmassnahmen ein, um Ihre Mitarbeitenden zu entwickeln.<\/h3>\n<p>Wir freuen uns auf Ihre unverbindliche <a href=\"https:\/\/vinci-es.ch\/kontakt\/\">Kontaktaufnahme<\/a>.<\/p>","_links":{"self":[{"href":"https:\/\/vinci-es.ch\/fr\/wp-json\/wp\/v2\/pages\/701","targetHints":{"allow":["GET"]}}],"collection":[{"href":"https:\/\/vinci-es.ch\/fr\/wp-json\/wp\/v2\/pages"}],"about":[{"href":"https:\/\/vinci-es.ch\/fr\/wp-json\/wp\/v2\/types\/page"}],"author":[{"embeddable":true,"href":"https:\/\/vinci-es.ch\/fr\/wp-json\/wp\/v2\/users\/1"}],"replies":[{"embeddable":true,"href":"https:\/\/vinci-es.ch\/fr\/wp-json\/wp\/v2\/comments?post=701"}],"version-history":[{"count":2,"href":"https:\/\/vinci-es.ch\/fr\/wp-json\/wp\/v2\/pages\/701\/revisions"}],"predecessor-version":[{"id":1853,"href":"https:\/\/vinci-es.ch\/fr\/wp-json\/wp\/v2\/pages\/701\/revisions\/1853"}],"wp:attachment":[{"href":"https:\/\/vinci-es.ch\/fr\/wp-json\/wp\/v2\/media?parent=701"}],"curies":[{"name":"wp","href":"https:\/\/api.w.org\/{rel}","templated":true}]}}