{"id":724,"date":"2023-07-23T06:35:04","date_gmt":"2023-07-23T04:35:04","guid":{"rendered":"https:\/\/vinci-es.ch\/?page_id=724"},"modified":"2023-09-18T00:53:48","modified_gmt":"2023-09-17T22:53:48","slug":"management-screening","status":"publish","type":"page","link":"https:\/\/vinci-es.ch\/fr\/management-screening\/","title":{"rendered":"Conseil d'administration"},"content":{"rendered":"<!--themify_builder_content-->\n<div id=\"themify_builder_content-724\" data-postid=\"724\" class=\"themify_builder_content themify_builder_content-724 themify_builder tf_clear\">\n                    <div  data-lazy=\"1\" class=\"module_row themify_builder_row tb_z0f9232 tb_first tf_w hide-mobile\">\n                        <div class=\"row_inner col_align_top tb_col_count_2 tf_box tf_rel\">\n                        <div  data-lazy=\"1\" class=\"module_column tb-column col4-2 tb_8r3w234 first\">\n                            <\/div>\n                    <div  data-lazy=\"1\" class=\"module_column tb-column col4-2 tb_fcd8234 last\">\n                            <\/div>\n                        <\/div>\n        <\/div>\n                        <div  data-lazy=\"1\" class=\"module_row themify_builder_row home-header tb_3s7j265 tf_w hide-desktop hide-tablet hide-tablet_landscape\">\n                        <div class=\"row_inner col_align_top tb_col_count_1 tf_box tf_rel\">\n                        <div  data-lazy=\"1\" class=\"module_column tb-column col-full tb_axlt265 first\">\n                            <\/div>\n                        <\/div>\n        <\/div>\n                        <div  data-css_id=\"yxwv232\" data-lazy=\"1\" class=\"module_row themify_builder_row fullwidth_row_container tb_yxwv232 tf_w\">\n                        <div class=\"row_inner col_align_top tb_col_count_1 tf_box tf_rel\">\n                        <div  data-lazy=\"1\" class=\"module_column tb-column col-full tb_x6nm235 first\">\n                    <!-- module text -->\n<div  class=\"module module-text tb_mjtd235 firsttitle repeat\" data-lazy=\"1\">\n        <div  class=\"tb_text_wrap\">\n        <h6>Conseil d'administration<\/h6>    <\/div>\n<\/div>\n<!-- \/module text --><!-- module text -->\n<div  class=\"module module-text tb_9h4e235\" data-lazy=\"1\">\n        <div  class=\"tb_text_wrap\">\n        <p>Vinci Executive Search SA a \u00e9galement une r\u00e9ponse \u00e0 vos besoins en mati\u00e8re de recherche d\u2019administrateurs comp\u00e9tents. Notre pr\u00e9sident du Conseil d'Administration est dipl\u00f4m\u00e9 de la Swiss Board School et est \u00e9galement membre actif de l'association Swiss Board Members. Ses qualifications ont g\u00e9n\u00e9r\u00e9 un vaste r\u00e9seau d'administrateurs tout en d\u00e9veloppant la comp\u00e9tence n\u00e9cessaire pour assurer une analyse, des conseils et le recrutement complet de vos membres du Conseil d\u2019Administration. Dans le but de soutenir cet objectif, nous organisons r\u00e9guli\u00e8rement des \u00e9v\u00e9nements de r\u00e9seautage au niveau du Board o\u00f9 des orateurs de renom abordent des sujets actuels et passionnants de l'\u00e9conomie.<\/p>    <\/div>\n<\/div>\n<!-- \/module text --><!-- module text -->\n<div  class=\"module module-text tb_rzt3892\" data-lazy=\"1\">\n        <div  class=\"tb_text_wrap\">\n        <p>Nous attendons avec plaisir votre prise de <a href=\"https:\/\/vinci-es.ch\/fr\/kontakt\/\">contact<\/a>.<\/p>    <\/div>\n<\/div>\n<!-- \/module text -->        <\/div>\n                        <\/div>\n        <\/div>\n        <\/div>\n<!--\/themify_builder_content-->","protected":false},"excerpt":{"rendered":"<p>Conseil d'administration<\/p>","protected":false},"author":1,"featured_media":0,"parent":0,"menu_order":6,"comment_status":"closed","ping_status":"closed","template":"","meta":{"footnotes":""},"class_list":["post-724","page","type-page","status-publish","hentry","has-post-title","has-post-date","has-post-category","has-post-tag","has-post-comment","has-post-author",""],"yoast_head":"<!-- This site is optimized with the Yoast SEO plugin v24.6 - https:\/\/yoast.com\/wordpress\/plugins\/seo\/ -->\n<title>Verwaltungsr\u00e4te - Vinci - Executive Search<\/title>\n<meta name=\"robots\" content=\"index, follow, max-snippet:-1, max-image-preview:large, max-video-preview:-1\" \/>\n<link rel=\"canonical\" href=\"https:\/\/vinci-es.ch\/fr\/management-screening\/\" \/>\n<meta property=\"og:locale\" content=\"fr_FR\" \/>\n<meta property=\"og:type\" content=\"article\" \/>\n<meta property=\"og:title\" content=\"Verwaltungsr\u00e4te - Vinci - Executive Search\" \/>\n<meta property=\"og:description\" content=\"Verwaltungsr\u00e4te\" \/>\n<meta property=\"og:url\" content=\"https:\/\/vinci-es.ch\/fr\/management-screening\/\" \/>\n<meta property=\"og:site_name\" content=\"Vinci - Executive Search\" \/>\n<meta property=\"article:modified_time\" content=\"2023-09-17T22:53:48+00:00\" \/>\n<meta name=\"twitter:card\" content=\"summary_large_image\" \/>\n<script type=\"application\/ld+json\" class=\"yoast-schema-graph\">{\"@context\":\"https:\/\/schema.org\",\"@graph\":[{\"@type\":\"WebPage\",\"@id\":\"https:\/\/vinci-es.ch\/management-screening\/\",\"url\":\"https:\/\/vinci-es.ch\/management-screening\/\",\"name\":\"Verwaltungsr\u00e4te - Vinci - Executive Search\",\"isPartOf\":{\"@id\":\"https:\/\/vinci-es.ch\/#website\"},\"datePublished\":\"2023-07-23T04:35:04+00:00\",\"dateModified\":\"2023-09-17T22:53:48+00:00\",\"breadcrumb\":{\"@id\":\"https:\/\/vinci-es.ch\/management-screening\/#breadcrumb\"},\"inLanguage\":\"fr-FR\",\"potentialAction\":[{\"@type\":\"ReadAction\",\"target\":[\"https:\/\/vinci-es.ch\/management-screening\/\"]}]},{\"@type\":\"BreadcrumbList\",\"@id\":\"https:\/\/vinci-es.ch\/management-screening\/#breadcrumb\",\"itemListElement\":[{\"@type\":\"ListItem\",\"position\":1,\"name\":\"Startseite\",\"item\":\"https:\/\/vinci-es.ch\/\"},{\"@type\":\"ListItem\",\"position\":2,\"name\":\"Verwaltungsr\u00e4te\"}]},{\"@type\":\"WebSite\",\"@id\":\"https:\/\/vinci-es.ch\/#website\",\"url\":\"https:\/\/vinci-es.ch\/\",\"name\":\"Vinci - Executive Search\",\"description\":\"Executive Search\",\"potentialAction\":[{\"@type\":\"SearchAction\",\"target\":{\"@type\":\"EntryPoint\",\"urlTemplate\":\"https:\/\/vinci-es.ch\/?s={search_term_string}\"},\"query-input\":{\"@type\":\"PropertyValueSpecification\",\"valueRequired\":true,\"valueName\":\"search_term_string\"}}],\"inLanguage\":\"fr-FR\"}]}<\/script>\n<!-- \/ Yoast SEO plugin. -->","yoast_head_json":{"title":"Verwaltungsr\u00e4te - Vinci - Executive Search","robots":{"index":"index","follow":"follow","max-snippet":"max-snippet:-1","max-image-preview":"max-image-preview:large","max-video-preview":"max-video-preview:-1"},"canonical":"https:\/\/vinci-es.ch\/fr\/management-screening\/","og_locale":"fr_FR","og_type":"article","og_title":"Verwaltungsr\u00e4te - Vinci - Executive Search","og_description":"Verwaltungsr\u00e4te","og_url":"https:\/\/vinci-es.ch\/fr\/management-screening\/","og_site_name":"Vinci - Executive Search","article_modified_time":"2023-09-17T22:53:48+00:00","twitter_card":"summary_large_image","schema":{"@context":"https:\/\/schema.org","@graph":[{"@type":"WebPage","@id":"https:\/\/vinci-es.ch\/management-screening\/","url":"https:\/\/vinci-es.ch\/management-screening\/","name":"Verwaltungsr\u00e4te - Vinci - Executive Search","isPartOf":{"@id":"https:\/\/vinci-es.ch\/#website"},"datePublished":"2023-07-23T04:35:04+00:00","dateModified":"2023-09-17T22:53:48+00:00","breadcrumb":{"@id":"https:\/\/vinci-es.ch\/management-screening\/#breadcrumb"},"inLanguage":"fr-FR","potentialAction":[{"@type":"ReadAction","target":["https:\/\/vinci-es.ch\/management-screening\/"]}]},{"@type":"BreadcrumbList","@id":"https:\/\/vinci-es.ch\/management-screening\/#breadcrumb","itemListElement":[{"@type":"ListItem","position":1,"name":"Startseite","item":"https:\/\/vinci-es.ch\/"},{"@type":"ListItem","position":2,"name":"Verwaltungsr\u00e4te"}]},{"@type":"WebSite","@id":"https:\/\/vinci-es.ch\/#website","url":"https:\/\/vinci-es.ch\/","name":"Vinci - Executive Search","description":"Executive Search","potentialAction":[{"@type":"SearchAction","target":{"@type":"EntryPoint","urlTemplate":"https:\/\/vinci-es.ch\/?s={search_term_string}"},"query-input":{"@type":"PropertyValueSpecification","valueRequired":true,"valueName":"search_term_string"}}],"inLanguage":"fr-FR"}]}},"builder_content":"<h6>Verwaltungsr\u00e4te<\/h6>\n<p>Vinci Executive Search AG hat auch eine Antwort auf Ihren Bedarf an kompetenten Verwaltungsr\u00e4ten. Unser Verwaltungsratspr\u00e4sident ist absolvent der Swiss Board School und zudem aktives Mitglied des Verbands Swiss Board Members. Diese Qualifikationen haben ein weites Netzwerk von Verwaltungsr\u00e4ten geschaffen und gleichzeitig die erforderliche Fachkompetenz aufgebaut, um eine umfassende Analyse, Beratung und Rekrutierung Ihrer Verwaltungsr\u00e4te zu gew\u00e4hrleisten. Um diesen Zweck zu unterst\u00fctzen, organisieren wir regelm\u00e4ssig Networking Events auf Vorstandsebene, bei denen renommierte Redner aktuelle und spannende Themen aus der Wirtschaft behandeln.<\/p>\n<p>Wir freuen uns auf Ihre unverbindliche <a href=\"https:\/\/vinci-es.ch\/kontakt\/\">Kontaktaufnahme<\/a>.<\/p>","_links":{"self":[{"href":"https:\/\/vinci-es.ch\/fr\/wp-json\/wp\/v2\/pages\/724","targetHints":{"allow":["GET"]}}],"collection":[{"href":"https:\/\/vinci-es.ch\/fr\/wp-json\/wp\/v2\/pages"}],"about":[{"href":"https:\/\/vinci-es.ch\/fr\/wp-json\/wp\/v2\/types\/page"}],"author":[{"embeddable":true,"href":"https:\/\/vinci-es.ch\/fr\/wp-json\/wp\/v2\/users\/1"}],"replies":[{"embeddable":true,"href":"https:\/\/vinci-es.ch\/fr\/wp-json\/wp\/v2\/comments?post=724"}],"version-history":[{"count":4,"href":"https:\/\/vinci-es.ch\/fr\/wp-json\/wp\/v2\/pages\/724\/revisions"}],"predecessor-version":[{"id":2072,"href":"https:\/\/vinci-es.ch\/fr\/wp-json\/wp\/v2\/pages\/724\/revisions\/2072"}],"wp:attachment":[{"href":"https:\/\/vinci-es.ch\/fr\/wp-json\/wp\/v2\/media?parent=724"}],"curies":[{"name":"wp","href":"https:\/\/api.w.org\/{rel}","templated":true}]}}