{"id":733,"date":"2023-07-23T07:01:20","date_gmt":"2023-07-23T05:01:20","guid":{"rendered":"https:\/\/vinci-es.ch\/?page_id=733"},"modified":"2025-08-30T02:42:59","modified_gmt":"2025-08-30T00:42:59","slug":"angebote-services","status":"publish","type":"page","link":"https:\/\/vinci-es.ch\/fr\/angebote-services\/","title":{"rendered":"Angebote &#8211; Services"},"content":{"rendered":"<!--themify_builder_content-->\n<div id=\"themify_builder_content-733\" data-postid=\"733\" class=\"themify_builder_content themify_builder_content-733 themify_builder tf_clear\">\n                    <div  data-lazy=\"1\" class=\"module_row themify_builder_row tb_xx6i497 tb_first tf_w hide-mobile\">\n                        <div class=\"row_inner col_align_top tb_col_count_2 tf_box tf_rel\">\n                        <div  data-lazy=\"1\" class=\"module_column tb-column col4-2 tb_saie497 first\">\n                            <\/div>\n                    <div  data-lazy=\"1\" class=\"module_column tb-column col4-2 tb_idiy497 last\">\n                            <\/div>\n                        <\/div>\n        <\/div>\n                        <div  data-lazy=\"1\" class=\"module_row themify_builder_row home-header tb_6hp7300 tf_w hide-desktop hide-tablet hide-tablet_landscape\">\n                        <div class=\"row_inner col_align_top tb_col_count_1 tf_box tf_rel\">\n                        <div  data-lazy=\"1\" class=\"module_column tb-column col-full tb_axev300 first\">\n                            <\/div>\n                        <\/div>\n        <\/div>\n                        <div  data-css_id=\"yxwv232\" data-lazy=\"1\" class=\"module_row themify_builder_row fullwidth_row_container tb_yxwv232 tf_w\">\n                        <div class=\"row_inner col_align_top tb_col_count_1 tf_box tf_rel\">\n                        <div  data-lazy=\"1\" class=\"module_column tb-column col-full tb_x6nm235 first\">\n                    <!-- module text -->\n<div  class=\"module module-text tb_mjtd235 firsttitle\" data-lazy=\"1\">\n        <div  class=\"tb_text_wrap\">\n        <h6>Nos services<\/h6>    <\/div>\n<\/div>\n<!-- \/module text --><!-- module text -->\n<div  class=\"module module-text tb_9h4e235\" data-lazy=\"1\">\n        <div  class=\"tb_text_wrap\">\n        <p>Vinci Executive Search SA est votre partenaire pour des solutions de cadres sup\u00e9rieurs de premier ordre. Notre offre comprend la recherche et la s\u00e9lection de cadres sup\u00e9rieurs, les \u00e9valuations, le coaching, la gestion int\u00e9rimaire et l\u2019identification de potentiel. Nous identifions des cadres sup\u00e9rieurs ad\u00e9quats \u00e0 l'\u00e9chelle mondiale, comprenons les forces et les potentiels de chacun d\u2019eux gr\u00e2ce \u00e0 des entretiens et des analyses, proposons un coaching personnalis\u00e9, comblons les lacunes en personnel avec des gestionnaires int\u00e9rimaires exp\u00e9riment\u00e9s et s\u00e9lectionnons les meilleurs candidats gr\u00e2ce \u00e0 un processus de cartographie approfondi. Notre objectif est de construire des partenariats durables bas\u00e9s sur la confiance et les r\u00e9sultats. Notre \u00e9quipe d'experts soutient vos besoins sp\u00e9cifiques pour former une \u00e9quipe de Direction solide en vue de l\u2019atteinte de vos objectifs commerciaux.<\/p>    <\/div>\n<\/div>\n<!-- \/module text -->        <div  data-lazy=\"1\" class=\"module_subrow themify_builder_sub_row tf_w col_align_top tb_col_count_3 tb_s1l5495\">\n                <div  data-lazy=\"1\" class=\"module_column sub_column col3-1 tb_mvaa495 first\">\n                    <!-- module image -->\n<div  class=\"module module-image tb_cvsi60 image-top drop-shadow  tf_mw\" data-lazy=\"1\">\n        <div class=\"image-wrap tf_rel tf_mw\">\n            <a href=\"https:\/\/vinci-es.ch\/fr\/executive-search\/\">\n                   <img loading=\"lazy\" decoding=\"async\" width=\"1248\" height=\"800\" src=\"https:\/\/vinci-es.ch\/wp-content\/uploads\/2023\/08\/header-images-mobile-executive-search.jpg\" class=\"wp-post-image wp-image-1243\" title=\"Executive Search\" alt=\"Executive Search\" srcset=\"https:\/\/vinci-es.ch\/wp-content\/uploads\/2023\/08\/header-images-mobile-executive-search.jpg 1248w, https:\/\/vinci-es.ch\/wp-content\/uploads\/2023\/08\/header-images-mobile-executive-search-300x192.jpg 300w, https:\/\/vinci-es.ch\/wp-content\/uploads\/2023\/08\/header-images-mobile-executive-search-1024x656.jpg 1024w, https:\/\/vinci-es.ch\/wp-content\/uploads\/2023\/08\/header-images-mobile-executive-search-768x492.jpg 768w, https:\/\/vinci-es.ch\/wp-content\/uploads\/2023\/08\/header-images-mobile-executive-search-18x12.jpg 18w\" sizes=\"auto, (max-width: 1248px) 100vw, 1248px\" \/>        <\/a>\n    \n        <\/div>\n    <!-- \/image-wrap -->\n    \n        <div class=\"image-content\">\n                    <h3 class=\"image-title\">\n                                    <a href=\"https:\/\/vinci-es.ch\/fr\/executive-search\/\">\n                        Executive Search                    <\/a>\n                            <\/h3>\n                    <\/div>\n    <!-- \/image-content -->\n        <\/div>\n<!-- \/module image -->        <\/div>\n                    <div  data-lazy=\"1\" class=\"module_column sub_column col3-1 tb_y9h3495\">\n                    <!-- module image -->\n<div  class=\"module module-image tb_wbcx12 image-top drop-shadow  tf_mw\" data-lazy=\"1\">\n        <div class=\"image-wrap tf_rel tf_mw\">\n            <a href=\"https:\/\/vinci-es.ch\/fr\/assessments\/\">\n                   <img loading=\"lazy\" decoding=\"async\" width=\"1248\" height=\"800\" src=\"https:\/\/vinci-es.ch\/wp-content\/uploads\/2023\/08\/header-images-mobileassessments.jpg\" class=\"wp-post-image wp-image-1245\" title=\"Assessment\" alt=\"Assessments\" srcset=\"https:\/\/vinci-es.ch\/wp-content\/uploads\/2023\/08\/header-images-mobileassessments.jpg 1248w, https:\/\/vinci-es.ch\/wp-content\/uploads\/2023\/08\/header-images-mobileassessments-300x192.jpg 300w, https:\/\/vinci-es.ch\/wp-content\/uploads\/2023\/08\/header-images-mobileassessments-1024x656.jpg 1024w, https:\/\/vinci-es.ch\/wp-content\/uploads\/2023\/08\/header-images-mobileassessments-768x492.jpg 768w, https:\/\/vinci-es.ch\/wp-content\/uploads\/2023\/08\/header-images-mobileassessments-18x12.jpg 18w\" sizes=\"auto, (max-width: 1248px) 100vw, 1248px\" \/>        <\/a>\n    \n        <\/div>\n    <!-- \/image-wrap -->\n    \n        <div class=\"image-content\">\n                    <h3 class=\"image-title\">\n                                    <a href=\"https:\/\/vinci-es.ch\/fr\/assessments\/\">\n                        Assessment                    <\/a>\n                            <\/h3>\n                    <\/div>\n    <!-- \/image-content -->\n        <\/div>\n<!-- \/module image -->        <\/div>\n                    <div  data-lazy=\"1\" class=\"module_column sub_column col3-1 tb_vj2d495 last\">\n                    <!-- module image -->\n<div  class=\"module module-image tb_cq9u679 image-top drop-shadow  tf_mw\" data-lazy=\"1\">\n        <div class=\"image-wrap tf_rel tf_mw\">\n            <a href=\"https:\/\/vinci-es.ch\/fr\/coaching\/\">\n                   <img loading=\"lazy\" decoding=\"async\" width=\"1248\" height=\"800\" src=\"https:\/\/vinci-es.ch\/wp-content\/uploads\/2023\/08\/header-images-mobile-coaching.jpg\" class=\"wp-post-image wp-image-1239\" title=\"Coaching\" alt=\"Coaching\" srcset=\"https:\/\/vinci-es.ch\/wp-content\/uploads\/2023\/08\/header-images-mobile-coaching.jpg 1248w, https:\/\/vinci-es.ch\/wp-content\/uploads\/2023\/08\/header-images-mobile-coaching-300x192.jpg 300w, https:\/\/vinci-es.ch\/wp-content\/uploads\/2023\/08\/header-images-mobile-coaching-1024x656.jpg 1024w, https:\/\/vinci-es.ch\/wp-content\/uploads\/2023\/08\/header-images-mobile-coaching-768x492.jpg 768w, https:\/\/vinci-es.ch\/wp-content\/uploads\/2023\/08\/header-images-mobile-coaching-18x12.jpg 18w\" sizes=\"auto, (max-width: 1248px) 100vw, 1248px\" \/>        <\/a>\n    \n        <\/div>\n    <!-- \/image-wrap -->\n    \n        <div class=\"image-content\">\n                    <h3 class=\"image-title\">\n                                    <a href=\"https:\/\/vinci-es.ch\/fr\/coaching\/\">\n                        Coaching                    <\/a>\n                            <\/h3>\n                    <\/div>\n    <!-- \/image-content -->\n        <\/div>\n<!-- \/module image -->        <\/div>\n                    <\/div>\n                <div  data-lazy=\"1\" class=\"module_subrow themify_builder_sub_row tf_w col_align_top tb_col_count_3 tb_85lh873\">\n                <div  data-lazy=\"1\" class=\"module_column sub_column col3-1 tb_ixni873 first\">\n                    <!-- module image -->\n<div  class=\"module module-image tb_hc2i873 image-top drop-shadow  tf_mw\" data-lazy=\"1\">\n        <div class=\"image-wrap tf_rel tf_mw\">\n            <a href=\"https:\/\/vinci-es.ch\/fr\/interim-management\/\">\n                   <img loading=\"lazy\" decoding=\"async\" width=\"1248\" height=\"800\" src=\"https:\/\/vinci-es.ch\/wp-content\/uploads\/2023\/08\/header-images-mobile-interim.jpg\" class=\"wp-post-image wp-image-1235\" title=\"Interim Management\" alt=\"Interim Management\" srcset=\"https:\/\/vinci-es.ch\/wp-content\/uploads\/2023\/08\/header-images-mobile-interim.jpg 1248w, https:\/\/vinci-es.ch\/wp-content\/uploads\/2023\/08\/header-images-mobile-interim-300x192.jpg 300w, https:\/\/vinci-es.ch\/wp-content\/uploads\/2023\/08\/header-images-mobile-interim-1024x656.jpg 1024w, https:\/\/vinci-es.ch\/wp-content\/uploads\/2023\/08\/header-images-mobile-interim-768x492.jpg 768w, https:\/\/vinci-es.ch\/wp-content\/uploads\/2023\/08\/header-images-mobile-interim-18x12.jpg 18w\" sizes=\"auto, (max-width: 1248px) 100vw, 1248px\" \/>        <\/a>\n    \n        <\/div>\n    <!-- \/image-wrap -->\n    \n        <div class=\"image-content\">\n                    <h3 class=\"image-title\">\n                                    <a href=\"https:\/\/vinci-es.ch\/fr\/interim-management\/\">\n                        Interim Management                    <\/a>\n                            <\/h3>\n                    <\/div>\n    <!-- \/image-content -->\n        <\/div>\n<!-- \/module image -->        <\/div>\n                    <div  data-lazy=\"1\" class=\"module_column sub_column col3-1 tb_33zx873\">\n                    <!-- module image -->\n<div  class=\"module module-image tb_d8za873 image-top drop-shadow  tf_mw\" data-lazy=\"1\">\n        <div class=\"image-wrap tf_rel tf_mw\">\n            <a href=\"https:\/\/vinci-es.ch\/fr\/management-screening\/\">\n                   <img loading=\"lazy\" decoding=\"async\" width=\"1248\" height=\"800\" src=\"https:\/\/vinci-es.ch\/wp-content\/uploads\/2023\/08\/header-images-mobile-screening.jpg\" class=\"wp-post-image wp-image-1241\" title=\"Conseil d&#039;administration\" alt=\"Verwaltungsr\u00e4te\" srcset=\"https:\/\/vinci-es.ch\/wp-content\/uploads\/2023\/08\/header-images-mobile-screening.jpg 1248w, https:\/\/vinci-es.ch\/wp-content\/uploads\/2023\/08\/header-images-mobile-screening-300x192.jpg 300w, https:\/\/vinci-es.ch\/wp-content\/uploads\/2023\/08\/header-images-mobile-screening-1024x656.jpg 1024w, https:\/\/vinci-es.ch\/wp-content\/uploads\/2023\/08\/header-images-mobile-screening-768x492.jpg 768w, https:\/\/vinci-es.ch\/wp-content\/uploads\/2023\/08\/header-images-mobile-screening-18x12.jpg 18w\" sizes=\"auto, (max-width: 1248px) 100vw, 1248px\" \/>        <\/a>\n    \n        <\/div>\n    <!-- \/image-wrap -->\n    \n        <div class=\"image-content\">\n                    <h3 class=\"image-title\">\n                                    <a href=\"https:\/\/vinci-es.ch\/fr\/management-screening\/\">\n                        Conseil d'administration                    <\/a>\n                            <\/h3>\n                    <\/div>\n    <!-- \/image-content -->\n        <\/div>\n<!-- \/module image -->        <\/div>\n                    <div  data-lazy=\"1\" class=\"module_column sub_column col3-1 tb_5tmd873 last\">\n                    <!-- module image -->\n<div  class=\"module module-image tb_nf1d873 image-top drop-shadow  tf_mw\" data-lazy=\"1\">\n        <div class=\"image-wrap tf_rel tf_mw\">\n            <a href=\"https:\/\/vinci-es.ch\/fr\/carriere-career\/\">\n                   <img loading=\"lazy\" decoding=\"async\" width=\"1248\" height=\"800\" src=\"https:\/\/vinci-es.ch\/wp-content\/uploads\/2023\/08\/header-images-mobile-karriere.jpg\" class=\"wp-post-image wp-image-1441\" title=\"Carri\u00e8re\" alt=\"Karriere\" srcset=\"https:\/\/vinci-es.ch\/wp-content\/uploads\/2023\/08\/header-images-mobile-karriere.jpg 1248w, https:\/\/vinci-es.ch\/wp-content\/uploads\/2023\/08\/header-images-mobile-karriere-300x192.jpg 300w, https:\/\/vinci-es.ch\/wp-content\/uploads\/2023\/08\/header-images-mobile-karriere-1024x656.jpg 1024w, https:\/\/vinci-es.ch\/wp-content\/uploads\/2023\/08\/header-images-mobile-karriere-768x492.jpg 768w, https:\/\/vinci-es.ch\/wp-content\/uploads\/2023\/08\/header-images-mobile-karriere-18x12.jpg 18w\" sizes=\"auto, (max-width: 1248px) 100vw, 1248px\" \/>        <\/a>\n    \n        <\/div>\n    <!-- \/image-wrap -->\n    \n        <div class=\"image-content\">\n                    <h3 class=\"image-title\">\n                                    <a href=\"https:\/\/vinci-es.ch\/fr\/carriere-career\/\">\n                        Carri\u00e8re                    <\/a>\n                            <\/h3>\n                    <\/div>\n    <!-- \/image-content -->\n        <\/div>\n<!-- \/module image -->        <\/div>\n                    <\/div>\n                <\/div>\n                        <\/div>\n        <\/div>\n        <\/div>\n<!--\/themify_builder_content-->","protected":false},"excerpt":{"rendered":"<p>Nos services<\/p>","protected":false},"author":1,"featured_media":0,"parent":0,"menu_order":2,"comment_status":"closed","ping_status":"closed","template":"","meta":{"footnotes":""},"class_list":["post-733","page","type-page","status-publish","hentry","has-post-title","has-post-date","has-post-category","has-post-tag","has-post-comment","has-post-author",""],"yoast_head":"<!-- This site is optimized with the Yoast SEO plugin v24.6 - https:\/\/yoast.com\/wordpress\/plugins\/seo\/ -->\n<title>Angebote - Services - Vinci - Executive Search<\/title>\n<meta name=\"robots\" content=\"index, follow, max-snippet:-1, max-image-preview:large, max-video-preview:-1\" \/>\n<link rel=\"canonical\" href=\"https:\/\/vinci-es.ch\/fr\/angebote-services\/\" \/>\n<meta property=\"og:locale\" content=\"fr_FR\" \/>\n<meta property=\"og:type\" content=\"article\" \/>\n<meta property=\"og:title\" content=\"Angebote - Services - Vinci - Executive Search\" \/>\n<meta property=\"og:description\" content=\"Unser Angebot\" \/>\n<meta property=\"og:url\" content=\"https:\/\/vinci-es.ch\/fr\/angebote-services\/\" \/>\n<meta property=\"og:site_name\" content=\"Vinci - Executive Search\" \/>\n<meta property=\"article:modified_time\" content=\"2025-08-30T00:42:59+00:00\" \/>\n<meta property=\"og:image\" content=\"https:\/\/vinci-es.ch\/wp-content\/uploads\/2023\/08\/header-images-mobile-executive-search.jpg\" \/>\n<meta name=\"twitter:card\" content=\"summary_large_image\" \/>\n<meta name=\"twitter:label1\" content=\"Dur\u00e9e de lecture estim\u00e9e\" \/>\n\t<meta name=\"twitter:data1\" content=\"4 minutes\" \/>\n<script type=\"application\/ld+json\" class=\"yoast-schema-graph\">{\"@context\":\"https:\/\/schema.org\",\"@graph\":[{\"@type\":\"WebPage\",\"@id\":\"https:\/\/vinci-es.ch\/angebote-services\/\",\"url\":\"https:\/\/vinci-es.ch\/angebote-services\/\",\"name\":\"Angebote - Services - Vinci - Executive Search\",\"isPartOf\":{\"@id\":\"https:\/\/vinci-es.ch\/#website\"},\"primaryImageOfPage\":{\"@id\":\"https:\/\/vinci-es.ch\/angebote-services\/#primaryimage\"},\"image\":{\"@id\":\"https:\/\/vinci-es.ch\/angebote-services\/#primaryimage\"},\"thumbnailUrl\":\"https:\/\/vinci-es.ch\/wp-content\/uploads\/2023\/08\/header-images-mobile-executive-search.jpg\",\"datePublished\":\"2023-07-23T05:01:20+00:00\",\"dateModified\":\"2025-08-30T00:42:59+00:00\",\"breadcrumb\":{\"@id\":\"https:\/\/vinci-es.ch\/angebote-services\/#breadcrumb\"},\"inLanguage\":\"fr-FR\",\"potentialAction\":[{\"@type\":\"ReadAction\",\"target\":[\"https:\/\/vinci-es.ch\/angebote-services\/\"]}]},{\"@type\":\"ImageObject\",\"inLanguage\":\"fr-FR\",\"@id\":\"https:\/\/vinci-es.ch\/angebote-services\/#primaryimage\",\"url\":\"https:\/\/vinci-es.ch\/wp-content\/uploads\/2023\/08\/header-images-mobile-executive-search.jpg\",\"contentUrl\":\"https:\/\/vinci-es.ch\/wp-content\/uploads\/2023\/08\/header-images-mobile-executive-search.jpg\"},{\"@type\":\"BreadcrumbList\",\"@id\":\"https:\/\/vinci-es.ch\/angebote-services\/#breadcrumb\",\"itemListElement\":[{\"@type\":\"ListItem\",\"position\":1,\"name\":\"Startseite\",\"item\":\"https:\/\/vinci-es.ch\/\"},{\"@type\":\"ListItem\",\"position\":2,\"name\":\"Angebote &#8211; Services\"}]},{\"@type\":\"WebSite\",\"@id\":\"https:\/\/vinci-es.ch\/#website\",\"url\":\"https:\/\/vinci-es.ch\/\",\"name\":\"Vinci - Executive Search\",\"description\":\"Executive Search\",\"potentialAction\":[{\"@type\":\"SearchAction\",\"target\":{\"@type\":\"EntryPoint\",\"urlTemplate\":\"https:\/\/vinci-es.ch\/?s={search_term_string}\"},\"query-input\":{\"@type\":\"PropertyValueSpecification\",\"valueRequired\":true,\"valueName\":\"search_term_string\"}}],\"inLanguage\":\"fr-FR\"}]}<\/script>\n<!-- \/ Yoast SEO plugin. -->","yoast_head_json":{"title":"Angebote - Services - Vinci - Executive Search","robots":{"index":"index","follow":"follow","max-snippet":"max-snippet:-1","max-image-preview":"max-image-preview:large","max-video-preview":"max-video-preview:-1"},"canonical":"https:\/\/vinci-es.ch\/fr\/angebote-services\/","og_locale":"fr_FR","og_type":"article","og_title":"Angebote - Services - Vinci - Executive Search","og_description":"Unser Angebot","og_url":"https:\/\/vinci-es.ch\/fr\/angebote-services\/","og_site_name":"Vinci - Executive Search","article_modified_time":"2025-08-30T00:42:59+00:00","og_image":[{"url":"https:\/\/vinci-es.ch\/wp-content\/uploads\/2023\/08\/header-images-mobile-executive-search.jpg","type":"","width":"","height":""}],"twitter_card":"summary_large_image","twitter_misc":{"Dur\u00e9e de lecture estim\u00e9e":"4 minutes"},"schema":{"@context":"https:\/\/schema.org","@graph":[{"@type":"WebPage","@id":"https:\/\/vinci-es.ch\/angebote-services\/","url":"https:\/\/vinci-es.ch\/angebote-services\/","name":"Angebote - Services - Vinci - Executive Search","isPartOf":{"@id":"https:\/\/vinci-es.ch\/#website"},"primaryImageOfPage":{"@id":"https:\/\/vinci-es.ch\/angebote-services\/#primaryimage"},"image":{"@id":"https:\/\/vinci-es.ch\/angebote-services\/#primaryimage"},"thumbnailUrl":"https:\/\/vinci-es.ch\/wp-content\/uploads\/2023\/08\/header-images-mobile-executive-search.jpg","datePublished":"2023-07-23T05:01:20+00:00","dateModified":"2025-08-30T00:42:59+00:00","breadcrumb":{"@id":"https:\/\/vinci-es.ch\/angebote-services\/#breadcrumb"},"inLanguage":"fr-FR","potentialAction":[{"@type":"ReadAction","target":["https:\/\/vinci-es.ch\/angebote-services\/"]}]},{"@type":"ImageObject","inLanguage":"fr-FR","@id":"https:\/\/vinci-es.ch\/angebote-services\/#primaryimage","url":"https:\/\/vinci-es.ch\/wp-content\/uploads\/2023\/08\/header-images-mobile-executive-search.jpg","contentUrl":"https:\/\/vinci-es.ch\/wp-content\/uploads\/2023\/08\/header-images-mobile-executive-search.jpg"},{"@type":"BreadcrumbList","@id":"https:\/\/vinci-es.ch\/angebote-services\/#breadcrumb","itemListElement":[{"@type":"ListItem","position":1,"name":"Startseite","item":"https:\/\/vinci-es.ch\/"},{"@type":"ListItem","position":2,"name":"Angebote &#8211; Services"}]},{"@type":"WebSite","@id":"https:\/\/vinci-es.ch\/#website","url":"https:\/\/vinci-es.ch\/","name":"Vinci - Executive Search","description":"Executive Search","potentialAction":[{"@type":"SearchAction","target":{"@type":"EntryPoint","urlTemplate":"https:\/\/vinci-es.ch\/?s={search_term_string}"},"query-input":{"@type":"PropertyValueSpecification","valueRequired":true,"valueName":"search_term_string"}}],"inLanguage":"fr-FR"}]}},"builder_content":"<h6>Unser Angebot<\/h6>\n<p>Vinci Executive Search AG ist Ihr Partner f\u00fcr erstklassige F\u00fchrungskr\u00e4fte-L\u00f6sungen. Unser Angebot umfasst Executive Search, Assessments, Coaching, Interim Management und Management Screening. Wir finden passende F\u00fchrungskr\u00e4fte global, verstehen St\u00e4rken und Potenziale durch Interviews und Analysen, bieten individuelles Coaching, \u00fcberbr\u00fccken personelle L\u00fccken mit erfahrenen Interim Managern, und selektieren die besten Kandidaten durch einen gr\u00fcndlichen Screening-Prozess. Unser Ziel ist es, erfolgreiche Partnerschaften aufzubauen, die auf Vertrauen und Ergebnissen beruhen. Unser Expertenteam unterst\u00fctzt Ihre individuellen Bed\u00fcrfnisse, um eine starke F\u00fchrungsmannschaft f\u00fcr Ihre Gesch\u00e4ftsziele zu formen.<\/p>\n<a href=\"https:\/\/vinci-es.ch\/executive-search\/\"> <img src=\"https:\/\/vinci-es.ch\/wp-content\/uploads\/2023\/08\/header-images-mobile-executive-search.jpg\" title=\"Executive Search\" alt=\"Executive Search\" srcset=\"https:\/\/vinci-es.ch\/wp-content\/uploads\/2023\/08\/header-images-mobile-executive-search.jpg 1248w, https:\/\/vinci-es.ch\/wp-content\/uploads\/2023\/08\/header-images-mobile-executive-search-300x192.jpg 300w, https:\/\/vinci-es.ch\/wp-content\/uploads\/2023\/08\/header-images-mobile-executive-search-1024x656.jpg 1024w, https:\/\/vinci-es.ch\/wp-content\/uploads\/2023\/08\/header-images-mobile-executive-search-768x492.jpg 768w, https:\/\/vinci-es.ch\/wp-content\/uploads\/2023\/08\/header-images-mobile-executive-search-18x12.jpg 18w\" sizes=\"(max-width: 1248px) 100vw, 1248px\" \/> <\/a> <h3> <a href=\"https:\/\/vinci-es.ch\/executive-search\/\"> Executive Search <\/a> <\/h3>\n<a href=\"https:\/\/vinci-es.ch\/assessments\/\"> <img src=\"https:\/\/vinci-es.ch\/wp-content\/uploads\/2023\/08\/header-images-mobileassessments.jpg\" title=\"Assessments\" alt=\"Assessments\" srcset=\"https:\/\/vinci-es.ch\/wp-content\/uploads\/2023\/08\/header-images-mobileassessments.jpg 1248w, https:\/\/vinci-es.ch\/wp-content\/uploads\/2023\/08\/header-images-mobileassessments-300x192.jpg 300w, https:\/\/vinci-es.ch\/wp-content\/uploads\/2023\/08\/header-images-mobileassessments-1024x656.jpg 1024w, https:\/\/vinci-es.ch\/wp-content\/uploads\/2023\/08\/header-images-mobileassessments-768x492.jpg 768w, https:\/\/vinci-es.ch\/wp-content\/uploads\/2023\/08\/header-images-mobileassessments-18x12.jpg 18w\" sizes=\"(max-width: 1248px) 100vw, 1248px\" \/> <\/a> <h3> <a href=\"https:\/\/vinci-es.ch\/assessments\/\"> Assessments <\/a> <\/h3>\n<a href=\"https:\/\/vinci-es.ch\/coaching\/\"> <img src=\"https:\/\/vinci-es.ch\/wp-content\/uploads\/2023\/08\/header-images-mobile-coaching.jpg\" title=\"Coaching\" alt=\"Coaching\" srcset=\"https:\/\/vinci-es.ch\/wp-content\/uploads\/2023\/08\/header-images-mobile-coaching.jpg 1248w, https:\/\/vinci-es.ch\/wp-content\/uploads\/2023\/08\/header-images-mobile-coaching-300x192.jpg 300w, https:\/\/vinci-es.ch\/wp-content\/uploads\/2023\/08\/header-images-mobile-coaching-1024x656.jpg 1024w, https:\/\/vinci-es.ch\/wp-content\/uploads\/2023\/08\/header-images-mobile-coaching-768x492.jpg 768w, https:\/\/vinci-es.ch\/wp-content\/uploads\/2023\/08\/header-images-mobile-coaching-18x12.jpg 18w\" sizes=\"(max-width: 1248px) 100vw, 1248px\" \/> <\/a> <h3> <a href=\"https:\/\/vinci-es.ch\/coaching\/\"> Coaching <\/a> <\/h3>\n<a href=\"https:\/\/vinci-es.ch\/interim-management\/\"> <img src=\"https:\/\/vinci-es.ch\/wp-content\/uploads\/2023\/08\/header-images-mobile-interim.jpg\" title=\"Interim Management\" alt=\"Interim Management\" srcset=\"https:\/\/vinci-es.ch\/wp-content\/uploads\/2023\/08\/header-images-mobile-interim.jpg 1248w, https:\/\/vinci-es.ch\/wp-content\/uploads\/2023\/08\/header-images-mobile-interim-300x192.jpg 300w, https:\/\/vinci-es.ch\/wp-content\/uploads\/2023\/08\/header-images-mobile-interim-1024x656.jpg 1024w, https:\/\/vinci-es.ch\/wp-content\/uploads\/2023\/08\/header-images-mobile-interim-768x492.jpg 768w, https:\/\/vinci-es.ch\/wp-content\/uploads\/2023\/08\/header-images-mobile-interim-18x12.jpg 18w\" sizes=\"(max-width: 1248px) 100vw, 1248px\" \/> <\/a> <h3> <a href=\"https:\/\/vinci-es.ch\/interim-management\/\"> Interim Management <\/a> <\/h3>\n<a href=\"https:\/\/vinci-es.ch\/management-screening\/\"> <img src=\"https:\/\/vinci-es.ch\/wp-content\/uploads\/2023\/08\/header-images-mobile-screening.jpg\" title=\"Verwaltungsr\u00e4te\" alt=\"Verwaltungsr\u00e4te\" srcset=\"https:\/\/vinci-es.ch\/wp-content\/uploads\/2023\/08\/header-images-mobile-screening.jpg 1248w, https:\/\/vinci-es.ch\/wp-content\/uploads\/2023\/08\/header-images-mobile-screening-300x192.jpg 300w, https:\/\/vinci-es.ch\/wp-content\/uploads\/2023\/08\/header-images-mobile-screening-1024x656.jpg 1024w, https:\/\/vinci-es.ch\/wp-content\/uploads\/2023\/08\/header-images-mobile-screening-768x492.jpg 768w, https:\/\/vinci-es.ch\/wp-content\/uploads\/2023\/08\/header-images-mobile-screening-18x12.jpg 18w\" sizes=\"(max-width: 1248px) 100vw, 1248px\" \/> <\/a> <h3> <a href=\"https:\/\/vinci-es.ch\/management-screening\/\"> Verwaltungsr\u00e4te <\/a> <\/h3>\n<a href=\"https:\/\/vinci-es.ch\/carriere-career\/\"> <img src=\"https:\/\/vinci-es.ch\/wp-content\/uploads\/2023\/08\/header-images-mobile-karriere.jpg\" title=\"Karriere\" alt=\"Karriere\" srcset=\"https:\/\/vinci-es.ch\/wp-content\/uploads\/2023\/08\/header-images-mobile-karriere.jpg 1248w, https:\/\/vinci-es.ch\/wp-content\/uploads\/2023\/08\/header-images-mobile-karriere-300x192.jpg 300w, https:\/\/vinci-es.ch\/wp-content\/uploads\/2023\/08\/header-images-mobile-karriere-1024x656.jpg 1024w, https:\/\/vinci-es.ch\/wp-content\/uploads\/2023\/08\/header-images-mobile-karriere-768x492.jpg 768w, https:\/\/vinci-es.ch\/wp-content\/uploads\/2023\/08\/header-images-mobile-karriere-18x12.jpg 18w\" sizes=\"(max-width: 1248px) 100vw, 1248px\" \/> <\/a> <h3> <a href=\"https:\/\/vinci-es.ch\/carriere-career\/\"> Karriere <\/a> <\/h3>","_links":{"self":[{"href":"https:\/\/vinci-es.ch\/fr\/wp-json\/wp\/v2\/pages\/733","targetHints":{"allow":["GET"]}}],"collection":[{"href":"https:\/\/vinci-es.ch\/fr\/wp-json\/wp\/v2\/pages"}],"about":[{"href":"https:\/\/vinci-es.ch\/fr\/wp-json\/wp\/v2\/types\/page"}],"author":[{"embeddable":true,"href":"https:\/\/vinci-es.ch\/fr\/wp-json\/wp\/v2\/users\/1"}],"replies":[{"embeddable":true,"href":"https:\/\/vinci-es.ch\/fr\/wp-json\/wp\/v2\/comments?post=733"}],"version-history":[{"count":10,"href":"https:\/\/vinci-es.ch\/fr\/wp-json\/wp\/v2\/pages\/733\/revisions"}],"predecessor-version":[{"id":2527,"href":"https:\/\/vinci-es.ch\/fr\/wp-json\/wp\/v2\/pages\/733\/revisions\/2527"}],"wp:attachment":[{"href":"https:\/\/vinci-es.ch\/fr\/wp-json\/wp\/v2\/media?parent=733"}],"curies":[{"name":"wp","href":"https:\/\/api.w.org\/{rel}","templated":true}]}}